{"id":39377,"date":"2026-04-14T13:08:13","date_gmt":"2026-04-14T11:08:13","guid":{"rendered":"https:\/\/nestvillepark.sk\/?post_type=product&#038;p=39377"},"modified":"2026-04-14T15:26:43","modified_gmt":"2026-04-14T13:26:43","slug":"brelok-piersiowka-nestville-whisky","status":"publish","type":"product","link":"https:\/\/nestvillepark.sk\/pl\/produkt\/brelok-piersiowka-nestville-whisky\/","title":{"rendered":"Brelok piersi\u00f3wka Nestville Whisky"},"content":{"rendered":"<p style=\"text-align: center;\" data-start=\"330\" data-end=\"469\">Dzi\u0119ki kompaktowym rozmiarom z \u0142atwo\u015bci\u0105 przypniesz j\u0105 do kluczy, plecaka lub paska i zawsze masz sw\u00f3j ulubiony nap\u00f3j pod r\u0119k\u0105.<\/p>\n<p style=\"text-align: center;\" data-start=\"471\" data-end=\"647\">Wysoka jako\u015b\u0107 wykonania z trwa\u0142ego materia\u0142u zapewnia d\u0142ug\u0105 \u017cywotno\u015b\u0107 i elegancki wygl\u0105d. Idealny pomys\u0142 na prezent dla przyjaci\u00f3\u0142, turyst\u00f3w, w\u0119dkarzy czy mi\u0142o\u015bnik\u00f3w przyg\u00f3d.<\/p>\n<p style=\"text-align: center;\" data-start=\"649\" data-end=\"666\" data-is-last-node=\"\" data-is-only-node=\"\"><em>Pojemno\u015b\u0107: 0,05 l<\/em><\/p>\n","protected":false},"excerpt":{"rendered":"<p style=\"text-align: center;\"><em>Praktyczny i oryginalny brelok w kszta\u0142cie piersi\u00f3wki Nestville Whisky to idealny dodatek dla wszystkich, kt\u00f3rzy ceni\u0105 styl i funkcjonalno\u015b\u0107.<\/em><\/p>\n","protected":false},"featured_media":39352,"comment_status":"closed","ping_status":"closed","template":"","meta":{"_links_to":"","_links_to_target":""},"product_brand":[],"product_cat":[99],"product_tag":[],"class_list":{"0":"post-39377","1":"product","2":"type-product","3":"status-publish","4":"has-post-thumbnail","6":"product_cat-inni","8":"first","9":"instock","10":"taxable","11":"shipping-taxable","12":"purchasable","13":"product-type-simple"},"yoast_head":"<!-- This site is optimized with the Yoast SEO plugin v27.5 - https:\/\/yoast.com\/product\/yoast-seo-wordpress\/ -->\n<title>Brelok piersi\u00f3wka Nestville Whisky - Nestville Park<\/title>\n<meta name=\"description\" content=\"Praktyczny i zarazem oryginalny brelok w kszta\u0142cie piersi\u00f3wki Nestville Whisky to idealny dodatek dla wszystkich, kt\u00f3rzy ceni\u0105 styl i funkcjonalno\u015b\u0107 w jednym.\" \/>\n<meta name=\"robots\" content=\"index, follow, max-snippet:-1, max-image-preview:large, max-video-preview:-1\" \/>\n<link rel=\"canonical\" href=\"https:\/\/nestvillepark.sk\/pl\/produkt\/brelok-piersiowka-nestville-whisky\/\" \/>\n<meta property=\"og:locale\" content=\"pl_PL\" \/>\n<meta property=\"og:type\" content=\"article\" \/>\n<meta property=\"og:title\" content=\"Brelok piersi\u00f3wka Nestville Whisky - Nestville Park\" \/>\n<meta property=\"og:description\" content=\"Praktyczny i zarazem oryginalny brelok w kszta\u0142cie piersi\u00f3wki Nestville Whisky to idealny dodatek dla wszystkich, kt\u00f3rzy ceni\u0105 styl i funkcjonalno\u015b\u0107 w jednym.\" \/>\n<meta property=\"og:url\" content=\"https:\/\/nestvillepark.sk\/pl\/produkt\/brelok-piersiowka-nestville-whisky\/\" \/>\n<meta property=\"og:site_name\" content=\"Nestville Park\" \/>\n<meta property=\"article:modified_time\" content=\"2026-04-14T13:26:43+00:00\" \/>\n<meta property=\"og:image\" content=\"https:\/\/nestvillepark.sk\/wp-content\/uploads\/2026\/04\/ploskacka.png\" \/>\n\t<meta property=\"og:image:width\" content=\"1024\" \/>\n\t<meta property=\"og:image:height\" content=\"1024\" \/>\n\t<meta property=\"og:image:type\" content=\"image\/png\" \/>\n<meta name=\"twitter:card\" content=\"summary_large_image\" \/>\n<meta name=\"twitter:label1\" content=\"Szacowany czas czytania\" \/>\n\t<meta name=\"twitter:data1\" content=\"1 minuta\" \/>\n<script type=\"application\/ld+json\" class=\"yoast-schema-graph\">{\"@context\":\"https:\\\/\\\/schema.org\",\"@graph\":[{\"@type\":\"WebPage\",\"@id\":\"https:\\\/\\\/nestvillepark.sk\\\/pl\\\/produkt\\\/brelok-piersiowka-nestville-whisky\\\/\",\"url\":\"https:\\\/\\\/nestvillepark.sk\\\/pl\\\/produkt\\\/brelok-piersiowka-nestville-whisky\\\/\",\"name\":\"Brelok piersi\u00f3wka Nestville Whisky - Nestville Park\",\"isPartOf\":{\"@id\":\"https:\\\/\\\/nestvillepark.sk\\\/#website\"},\"primaryImageOfPage\":{\"@id\":\"https:\\\/\\\/nestvillepark.sk\\\/pl\\\/produkt\\\/brelok-piersiowka-nestville-whisky\\\/#primaryimage\"},\"image\":{\"@id\":\"https:\\\/\\\/nestvillepark.sk\\\/pl\\\/produkt\\\/brelok-piersiowka-nestville-whisky\\\/#primaryimage\"},\"thumbnailUrl\":\"https:\\\/\\\/nestvillepark.sk\\\/wp-content\\\/uploads\\\/2026\\\/04\\\/ploskacka.png\",\"datePublished\":\"2026-04-14T11:08:13+00:00\",\"dateModified\":\"2026-04-14T13:26:43+00:00\",\"description\":\"Praktyczny i zarazem oryginalny brelok w kszta\u0142cie piersi\u00f3wki Nestville Whisky to idealny dodatek dla wszystkich, kt\u00f3rzy ceni\u0105 styl i funkcjonalno\u015b\u0107 w jednym.\",\"breadcrumb\":{\"@id\":\"https:\\\/\\\/nestvillepark.sk\\\/pl\\\/produkt\\\/brelok-piersiowka-nestville-whisky\\\/#breadcrumb\"},\"inLanguage\":\"pl-PL\",\"potentialAction\":[{\"@type\":\"ReadAction\",\"target\":[\"https:\\\/\\\/nestvillepark.sk\\\/pl\\\/produkt\\\/brelok-piersiowka-nestville-whisky\\\/\"]}]},{\"@type\":\"ImageObject\",\"inLanguage\":\"pl-PL\",\"@id\":\"https:\\\/\\\/nestvillepark.sk\\\/pl\\\/produkt\\\/brelok-piersiowka-nestville-whisky\\\/#primaryimage\",\"url\":\"https:\\\/\\\/nestvillepark.sk\\\/wp-content\\\/uploads\\\/2026\\\/04\\\/ploskacka.png\",\"contentUrl\":\"https:\\\/\\\/nestvillepark.sk\\\/wp-content\\\/uploads\\\/2026\\\/04\\\/ploskacka.png\",\"width\":1024,\"height\":1024},{\"@type\":\"BreadcrumbList\",\"@id\":\"https:\\\/\\\/nestvillepark.sk\\\/pl\\\/produkt\\\/brelok-piersiowka-nestville-whisky\\\/#breadcrumb\",\"itemListElement\":[{\"@type\":\"ListItem\",\"position\":1,\"name\":\"Domovsk\u00e1 str\u00e1nka\",\"item\":\"https:\\\/\\\/nestvillepark.sk\\\/\"},{\"@type\":\"ListItem\",\"position\":2,\"name\":\"E-shop\",\"item\":\"https:\\\/\\\/nestvillepark.sk\\\/pl\\\/e-shop\\\/\"},{\"@type\":\"ListItem\",\"position\":3,\"name\":\"Brelok piersi\u00f3wka Nestville Whisky\"}]},{\"@type\":\"WebSite\",\"@id\":\"https:\\\/\\\/nestvillepark.sk\\\/#website\",\"url\":\"https:\\\/\\\/nestvillepark.sk\\\/\",\"name\":\"Nestville Park\",\"description\":\"Hniezdne\",\"potentialAction\":[{\"@type\":\"SearchAction\",\"target\":{\"@type\":\"EntryPoint\",\"urlTemplate\":\"https:\\\/\\\/nestvillepark.sk\\\/?s={search_term_string}\"},\"query-input\":{\"@type\":\"PropertyValueSpecification\",\"valueRequired\":true,\"valueName\":\"search_term_string\"}}],\"inLanguage\":\"pl-PL\"}]}<\/script>\n<!-- \/ Yoast SEO plugin. -->","yoast_head_json":{"title":"Brelok piersi\u00f3wka Nestville Whisky - Nestville Park","description":"Praktyczny i zarazem oryginalny brelok w kszta\u0142cie piersi\u00f3wki Nestville Whisky to idealny dodatek dla wszystkich, kt\u00f3rzy ceni\u0105 styl i funkcjonalno\u015b\u0107 w jednym.","robots":{"index":"index","follow":"follow","max-snippet":"max-snippet:-1","max-image-preview":"max-image-preview:large","max-video-preview":"max-video-preview:-1"},"canonical":"https:\/\/nestvillepark.sk\/pl\/produkt\/brelok-piersiowka-nestville-whisky\/","og_locale":"pl_PL","og_type":"article","og_title":"Brelok piersi\u00f3wka Nestville Whisky - Nestville Park","og_description":"Praktyczny i zarazem oryginalny brelok w kszta\u0142cie piersi\u00f3wki Nestville Whisky to idealny dodatek dla wszystkich, kt\u00f3rzy ceni\u0105 styl i funkcjonalno\u015b\u0107 w jednym.","og_url":"https:\/\/nestvillepark.sk\/pl\/produkt\/brelok-piersiowka-nestville-whisky\/","og_site_name":"Nestville Park","article_modified_time":"2026-04-14T13:26:43+00:00","og_image":[{"width":1024,"height":1024,"url":"https:\/\/nestvillepark.sk\/wp-content\/uploads\/2026\/04\/ploskacka.png","type":"image\/png"}],"twitter_card":"summary_large_image","twitter_misc":{"Szacowany czas czytania":"1 minuta"},"schema":{"@context":"https:\/\/schema.org","@graph":[{"@type":"WebPage","@id":"https:\/\/nestvillepark.sk\/pl\/produkt\/brelok-piersiowka-nestville-whisky\/","url":"https:\/\/nestvillepark.sk\/pl\/produkt\/brelok-piersiowka-nestville-whisky\/","name":"Brelok piersi\u00f3wka Nestville Whisky - Nestville Park","isPartOf":{"@id":"https:\/\/nestvillepark.sk\/#website"},"primaryImageOfPage":{"@id":"https:\/\/nestvillepark.sk\/pl\/produkt\/brelok-piersiowka-nestville-whisky\/#primaryimage"},"image":{"@id":"https:\/\/nestvillepark.sk\/pl\/produkt\/brelok-piersiowka-nestville-whisky\/#primaryimage"},"thumbnailUrl":"https:\/\/nestvillepark.sk\/wp-content\/uploads\/2026\/04\/ploskacka.png","datePublished":"2026-04-14T11:08:13+00:00","dateModified":"2026-04-14T13:26:43+00:00","description":"Praktyczny i zarazem oryginalny brelok w kszta\u0142cie piersi\u00f3wki Nestville Whisky to idealny dodatek dla wszystkich, kt\u00f3rzy ceni\u0105 styl i funkcjonalno\u015b\u0107 w jednym.","breadcrumb":{"@id":"https:\/\/nestvillepark.sk\/pl\/produkt\/brelok-piersiowka-nestville-whisky\/#breadcrumb"},"inLanguage":"pl-PL","potentialAction":[{"@type":"ReadAction","target":["https:\/\/nestvillepark.sk\/pl\/produkt\/brelok-piersiowka-nestville-whisky\/"]}]},{"@type":"ImageObject","inLanguage":"pl-PL","@id":"https:\/\/nestvillepark.sk\/pl\/produkt\/brelok-piersiowka-nestville-whisky\/#primaryimage","url":"https:\/\/nestvillepark.sk\/wp-content\/uploads\/2026\/04\/ploskacka.png","contentUrl":"https:\/\/nestvillepark.sk\/wp-content\/uploads\/2026\/04\/ploskacka.png","width":1024,"height":1024},{"@type":"BreadcrumbList","@id":"https:\/\/nestvillepark.sk\/pl\/produkt\/brelok-piersiowka-nestville-whisky\/#breadcrumb","itemListElement":[{"@type":"ListItem","position":1,"name":"Domovsk\u00e1 str\u00e1nka","item":"https:\/\/nestvillepark.sk\/"},{"@type":"ListItem","position":2,"name":"E-shop","item":"https:\/\/nestvillepark.sk\/pl\/e-shop\/"},{"@type":"ListItem","position":3,"name":"Brelok piersi\u00f3wka Nestville Whisky"}]},{"@type":"WebSite","@id":"https:\/\/nestvillepark.sk\/#website","url":"https:\/\/nestvillepark.sk\/","name":"Nestville Park","description":"Hniezdne","potentialAction":[{"@type":"SearchAction","target":{"@type":"EntryPoint","urlTemplate":"https:\/\/nestvillepark.sk\/?s={search_term_string}"},"query-input":{"@type":"PropertyValueSpecification","valueRequired":true,"valueName":"search_term_string"}}],"inLanguage":"pl-PL"}]}},"_links":{"self":[{"href":"https:\/\/nestvillepark.sk\/pl\/wp-json\/wp\/v2\/product\/39377","targetHints":{"allow":["GET"]}}],"collection":[{"href":"https:\/\/nestvillepark.sk\/pl\/wp-json\/wp\/v2\/product"}],"about":[{"href":"https:\/\/nestvillepark.sk\/pl\/wp-json\/wp\/v2\/types\/product"}],"replies":[{"embeddable":true,"href":"https:\/\/nestvillepark.sk\/pl\/wp-json\/wp\/v2\/comments?post=39377"}],"wp:featuredmedia":[{"embeddable":true,"href":"https:\/\/nestvillepark.sk\/pl\/wp-json\/wp\/v2\/media\/39352"}],"wp:attachment":[{"href":"https:\/\/nestvillepark.sk\/pl\/wp-json\/wp\/v2\/media?parent=39377"}],"wp:term":[{"taxonomy":"product_brand","embeddable":true,"href":"https:\/\/nestvillepark.sk\/pl\/wp-json\/wp\/v2\/product_brand?post=39377"},{"taxonomy":"product_cat","embeddable":true,"href":"https:\/\/nestvillepark.sk\/pl\/wp-json\/wp\/v2\/product_cat?post=39377"},{"taxonomy":"product_tag","embeddable":true,"href":"https:\/\/nestvillepark.sk\/pl\/wp-json\/wp\/v2\/product_tag?post=39377"}],"curies":[{"name":"wp","href":"https:\/\/api.w.org\/{rel}","templated":true}]}}