{"id":33848,"date":"2024-02-16T13:46:37","date_gmt":"2024-02-16T12:46:37","guid":{"rendered":"https:\/\/nestvillepark.sk\/produkt\/nestville-mango-liqueur-35-07l\/"},"modified":"2026-04-23T15:17:39","modified_gmt":"2026-04-23T13:17:39","slug":"nestville-mango-liqueur-35-07l","status":"publish","type":"product","link":"https:\/\/nestvillepark.sk\/pl\/produkt\/nestville-mango-liqueur-35-07l\/","title":{"rendered":"Nestville Mango Liqueur 35% 0,7L"},"content":{"rendered":"<p style=\"text-align: center;\">Nestville Mango Liqueur to pyszny likier produkowany z najwy\u017csz\u0105 staranno\u015bci\u0105 i dba\u0142o\u015bci\u0105 o szczeg\u00f3\u0142y. Nasza unikalna receptura \u0142\u0105czy wysokiej jako\u015bci Nestville Whisky Blended z delikatnym, naturalnym aromatem \u015bwie\u017cego mango, tworz\u0105c palet\u0119 harmonijnych i orze\u017awiaj\u0105cych smak\u00f3w. Ka\u017cdy \u0142yk tego likieru to podr\u00f3\u017c do tropikalnego raju pe\u0142nego s\u0142odyczy i \u015bwie\u017co\u015bci, b\u0119d\u0105ca idealnym wyborem dla wszystkich poszukiwaczy przyg\u00f3d pragn\u0105cych spr\u00f3bowa\u0107 tego niepowtarzalnego smaku.<\/p>\n","protected":false},"excerpt":{"rendered":"<p style=\"text-align: center;\"><em><strong>Aromat<\/strong><br \/>\nwyra\u017any s\u0142odkawy aromat \u015bwie\u017cego mango z nut\u0105 wanilii i d\u0119bowym finiszem.<br \/>\n<\/em><\/p>\n<p style=\"text-align: center;\"><em><strong>Smak<\/strong><br \/>\n\u015bwie\u017cy i s\u0142odki, intensywny smak mango z delikatn\u0105 nut\u0105 wanilii i drewna w tle.<\/p>\n<p><\/em><em><strong>Finisz<\/strong><br \/>\ns\u0142odki mango i lekko korzenny.<br \/>\n<\/em><\/p>\n","protected":false},"featured_media":32181,"comment_status":"closed","ping_status":"closed","template":"","meta":{"_links_to":"","_links_to_target":""},"product_brand":[],"product_cat":[95],"product_tag":[],"class_list":{"0":"post-33848","1":"product","2":"type-product","3":"status-publish","4":"has-post-thumbnail","6":"product_cat-nestville-whisky-pl","8":"first","9":"instock","10":"taxable","11":"shipping-taxable","12":"purchasable","13":"product-type-simple"},"yoast_head":"<!-- This site is optimized with the Yoast SEO plugin v27.4 - https:\/\/yoast.com\/product\/yoast-seo-wordpress\/ -->\n<title>Nestville Mango Liqueur 35% 0,7L - Nestville Park<\/title>\n<meta name=\"robots\" content=\"index, follow, max-snippet:-1, max-image-preview:large, max-video-preview:-1\" \/>\n<link rel=\"canonical\" href=\"https:\/\/nestvillepark.sk\/pl\/produkt\/nestville-mango-liqueur-35-07l\/\" \/>\n<meta property=\"og:locale\" content=\"pl_PL\" \/>\n<meta property=\"og:type\" content=\"article\" \/>\n<meta property=\"og:title\" content=\"Nestville Mango Liqueur 35% 0,7L - Nestville Park\" \/>\n<meta property=\"og:description\" content=\"Aromat wyra\u017any s\u0142odkawy aromat \u015bwie\u017cego mango z nut\u0105 wanilii i d\u0119bowym finiszem.  Smak \u015bwie\u017cy i s\u0142odki, intensywny smak mango z delikatn\u0105 nut\u0105 wanilii i drewna w tle.  Finisz s\u0142odki mango i lekko korzenny.\" \/>\n<meta property=\"og:url\" content=\"https:\/\/nestvillepark.sk\/pl\/produkt\/nestville-mango-liqueur-35-07l\/\" \/>\n<meta property=\"og:site_name\" content=\"Nestville Park\" \/>\n<meta property=\"article:modified_time\" content=\"2026-04-23T13:17:39+00:00\" \/>\n<meta property=\"og:image\" content=\"https:\/\/nestvillepark.sk\/wp-content\/uploads\/2024\/02\/Nestville-Mango-Liqueur-vizual.png\" \/>\n\t<meta property=\"og:image:width\" content=\"1000\" \/>\n\t<meta property=\"og:image:height\" content=\"1000\" \/>\n\t<meta property=\"og:image:type\" content=\"image\/png\" \/>\n<meta name=\"twitter:card\" content=\"summary_large_image\" \/>\n<meta name=\"twitter:label1\" content=\"Szacowany czas czytania\" \/>\n\t<meta name=\"twitter:data1\" content=\"1 minuta\" \/>\n<script type=\"application\/ld+json\" class=\"yoast-schema-graph\">{\"@context\":\"https:\\\/\\\/schema.org\",\"@graph\":[{\"@type\":\"WebPage\",\"@id\":\"https:\\\/\\\/nestvillepark.sk\\\/pl\\\/produkt\\\/nestville-mango-liqueur-35-07l\\\/\",\"url\":\"https:\\\/\\\/nestvillepark.sk\\\/pl\\\/produkt\\\/nestville-mango-liqueur-35-07l\\\/\",\"name\":\"Nestville Mango Liqueur 35% 0,7L - Nestville Park\",\"isPartOf\":{\"@id\":\"https:\\\/\\\/nestvillepark.sk\\\/#website\"},\"primaryImageOfPage\":{\"@id\":\"https:\\\/\\\/nestvillepark.sk\\\/pl\\\/produkt\\\/nestville-mango-liqueur-35-07l\\\/#primaryimage\"},\"image\":{\"@id\":\"https:\\\/\\\/nestvillepark.sk\\\/pl\\\/produkt\\\/nestville-mango-liqueur-35-07l\\\/#primaryimage\"},\"thumbnailUrl\":\"https:\\\/\\\/nestvillepark.sk\\\/wp-content\\\/uploads\\\/2024\\\/02\\\/Nestville-Mango-Liqueur-vizual.png\",\"datePublished\":\"2024-02-16T12:46:37+00:00\",\"dateModified\":\"2026-04-23T13:17:39+00:00\",\"breadcrumb\":{\"@id\":\"https:\\\/\\\/nestvillepark.sk\\\/pl\\\/produkt\\\/nestville-mango-liqueur-35-07l\\\/#breadcrumb\"},\"inLanguage\":\"pl-PL\",\"potentialAction\":[{\"@type\":\"ReadAction\",\"target\":[\"https:\\\/\\\/nestvillepark.sk\\\/pl\\\/produkt\\\/nestville-mango-liqueur-35-07l\\\/\"]}]},{\"@type\":\"ImageObject\",\"inLanguage\":\"pl-PL\",\"@id\":\"https:\\\/\\\/nestvillepark.sk\\\/pl\\\/produkt\\\/nestville-mango-liqueur-35-07l\\\/#primaryimage\",\"url\":\"https:\\\/\\\/nestvillepark.sk\\\/wp-content\\\/uploads\\\/2024\\\/02\\\/Nestville-Mango-Liqueur-vizual.png\",\"contentUrl\":\"https:\\\/\\\/nestvillepark.sk\\\/wp-content\\\/uploads\\\/2024\\\/02\\\/Nestville-Mango-Liqueur-vizual.png\",\"width\":1000,\"height\":1000},{\"@type\":\"BreadcrumbList\",\"@id\":\"https:\\\/\\\/nestvillepark.sk\\\/pl\\\/produkt\\\/nestville-mango-liqueur-35-07l\\\/#breadcrumb\",\"itemListElement\":[{\"@type\":\"ListItem\",\"position\":1,\"name\":\"Domovsk\u00e1 str\u00e1nka\",\"item\":\"https:\\\/\\\/nestvillepark.sk\\\/\"},{\"@type\":\"ListItem\",\"position\":2,\"name\":\"E-shop\",\"item\":\"https:\\\/\\\/nestvillepark.sk\\\/pl\\\/e-shop\\\/\"},{\"@type\":\"ListItem\",\"position\":3,\"name\":\"Nestville Mango Liqueur 35% 0,7L\"}]},{\"@type\":\"WebSite\",\"@id\":\"https:\\\/\\\/nestvillepark.sk\\\/#website\",\"url\":\"https:\\\/\\\/nestvillepark.sk\\\/\",\"name\":\"Nestville Park\",\"description\":\"Hniezdne\",\"potentialAction\":[{\"@type\":\"SearchAction\",\"target\":{\"@type\":\"EntryPoint\",\"urlTemplate\":\"https:\\\/\\\/nestvillepark.sk\\\/?s={search_term_string}\"},\"query-input\":{\"@type\":\"PropertyValueSpecification\",\"valueRequired\":true,\"valueName\":\"search_term_string\"}}],\"inLanguage\":\"pl-PL\"}]}<\/script>\n<!-- \/ Yoast SEO plugin. -->","yoast_head_json":{"title":"Nestville Mango Liqueur 35% 0,7L - Nestville Park","robots":{"index":"index","follow":"follow","max-snippet":"max-snippet:-1","max-image-preview":"max-image-preview:large","max-video-preview":"max-video-preview:-1"},"canonical":"https:\/\/nestvillepark.sk\/pl\/produkt\/nestville-mango-liqueur-35-07l\/","og_locale":"pl_PL","og_type":"article","og_title":"Nestville Mango Liqueur 35% 0,7L - Nestville Park","og_description":"Aromat wyra\u017any s\u0142odkawy aromat \u015bwie\u017cego mango z nut\u0105 wanilii i d\u0119bowym finiszem.  Smak \u015bwie\u017cy i s\u0142odki, intensywny smak mango z delikatn\u0105 nut\u0105 wanilii i drewna w tle.  Finisz s\u0142odki mango i lekko korzenny.","og_url":"https:\/\/nestvillepark.sk\/pl\/produkt\/nestville-mango-liqueur-35-07l\/","og_site_name":"Nestville Park","article_modified_time":"2026-04-23T13:17:39+00:00","og_image":[{"width":1000,"height":1000,"url":"https:\/\/nestvillepark.sk\/wp-content\/uploads\/2024\/02\/Nestville-Mango-Liqueur-vizual.png","type":"image\/png"}],"twitter_card":"summary_large_image","twitter_misc":{"Szacowany czas czytania":"1 minuta"},"schema":{"@context":"https:\/\/schema.org","@graph":[{"@type":"WebPage","@id":"https:\/\/nestvillepark.sk\/pl\/produkt\/nestville-mango-liqueur-35-07l\/","url":"https:\/\/nestvillepark.sk\/pl\/produkt\/nestville-mango-liqueur-35-07l\/","name":"Nestville Mango Liqueur 35% 0,7L - Nestville Park","isPartOf":{"@id":"https:\/\/nestvillepark.sk\/#website"},"primaryImageOfPage":{"@id":"https:\/\/nestvillepark.sk\/pl\/produkt\/nestville-mango-liqueur-35-07l\/#primaryimage"},"image":{"@id":"https:\/\/nestvillepark.sk\/pl\/produkt\/nestville-mango-liqueur-35-07l\/#primaryimage"},"thumbnailUrl":"https:\/\/nestvillepark.sk\/wp-content\/uploads\/2024\/02\/Nestville-Mango-Liqueur-vizual.png","datePublished":"2024-02-16T12:46:37+00:00","dateModified":"2026-04-23T13:17:39+00:00","breadcrumb":{"@id":"https:\/\/nestvillepark.sk\/pl\/produkt\/nestville-mango-liqueur-35-07l\/#breadcrumb"},"inLanguage":"pl-PL","potentialAction":[{"@type":"ReadAction","target":["https:\/\/nestvillepark.sk\/pl\/produkt\/nestville-mango-liqueur-35-07l\/"]}]},{"@type":"ImageObject","inLanguage":"pl-PL","@id":"https:\/\/nestvillepark.sk\/pl\/produkt\/nestville-mango-liqueur-35-07l\/#primaryimage","url":"https:\/\/nestvillepark.sk\/wp-content\/uploads\/2024\/02\/Nestville-Mango-Liqueur-vizual.png","contentUrl":"https:\/\/nestvillepark.sk\/wp-content\/uploads\/2024\/02\/Nestville-Mango-Liqueur-vizual.png","width":1000,"height":1000},{"@type":"BreadcrumbList","@id":"https:\/\/nestvillepark.sk\/pl\/produkt\/nestville-mango-liqueur-35-07l\/#breadcrumb","itemListElement":[{"@type":"ListItem","position":1,"name":"Domovsk\u00e1 str\u00e1nka","item":"https:\/\/nestvillepark.sk\/"},{"@type":"ListItem","position":2,"name":"E-shop","item":"https:\/\/nestvillepark.sk\/pl\/e-shop\/"},{"@type":"ListItem","position":3,"name":"Nestville Mango Liqueur 35% 0,7L"}]},{"@type":"WebSite","@id":"https:\/\/nestvillepark.sk\/#website","url":"https:\/\/nestvillepark.sk\/","name":"Nestville Park","description":"Hniezdne","potentialAction":[{"@type":"SearchAction","target":{"@type":"EntryPoint","urlTemplate":"https:\/\/nestvillepark.sk\/?s={search_term_string}"},"query-input":{"@type":"PropertyValueSpecification","valueRequired":true,"valueName":"search_term_string"}}],"inLanguage":"pl-PL"}]}},"_links":{"self":[{"href":"https:\/\/nestvillepark.sk\/pl\/wp-json\/wp\/v2\/product\/33848","targetHints":{"allow":["GET"]}}],"collection":[{"href":"https:\/\/nestvillepark.sk\/pl\/wp-json\/wp\/v2\/product"}],"about":[{"href":"https:\/\/nestvillepark.sk\/pl\/wp-json\/wp\/v2\/types\/product"}],"replies":[{"embeddable":true,"href":"https:\/\/nestvillepark.sk\/pl\/wp-json\/wp\/v2\/comments?post=33848"}],"wp:featuredmedia":[{"embeddable":true,"href":"https:\/\/nestvillepark.sk\/pl\/wp-json\/wp\/v2\/media\/32181"}],"wp:attachment":[{"href":"https:\/\/nestvillepark.sk\/pl\/wp-json\/wp\/v2\/media?parent=33848"}],"wp:term":[{"taxonomy":"product_brand","embeddable":true,"href":"https:\/\/nestvillepark.sk\/pl\/wp-json\/wp\/v2\/product_brand?post=33848"},{"taxonomy":"product_cat","embeddable":true,"href":"https:\/\/nestvillepark.sk\/pl\/wp-json\/wp\/v2\/product_cat?post=33848"},{"taxonomy":"product_tag","embeddable":true,"href":"https:\/\/nestvillepark.sk\/pl\/wp-json\/wp\/v2\/product_tag?post=33848"}],"curies":[{"name":"wp","href":"https:\/\/api.w.org\/{rel}","templated":true}]}}