{"id":28087,"date":"2022-03-16T13:01:16","date_gmt":"2022-03-16T12:01:16","guid":{"rendered":"https:\/\/nestvillepark.sk\/produkt\/spisska-borovicka-40-07l\/"},"modified":"2022-03-16T13:01:16","modified_gmt":"2022-03-16T12:01:16","slug":"spisska-borovicka-2","status":"publish","type":"product","link":"https:\/\/nestvillepark.sk\/pl\/produkt\/spisska-borovicka-2\/","title":{"rendered":"Spi\u0161sk\u00e1 Borovi\u010dka 40% 0,7L"},"content":{"rendered":"<p style=\"text-align: center;\">Tradycyjna i jednocze\u015bnie wyj\u0105tkowa Spi\u0161sk\u00e1 Borovi\u010dka 40%. Baza sk\u0142ada si\u0119 z naturalnego destylatu sosnowego, wysokiej jako\u015bci alkoholu i krystalicznie czystej wody.<\/p>\n<p style=\"text-align: center;\">Dzi\u0119ki zastosowaniu najwy\u017cszej jako\u015bci surowc\u00f3w uzyskany smak jest delikatny, zbalansowany wyrazistym aromatem, kt\u00f3ry zachwyci nawet najbardziej wymagaj\u0105cych konsument\u00f3w. Do wyj\u0105tkowo\u015bci tego produktu przyczynia si\u0119 r\u00f3wnie\u017c owoc ja\u0142owca, kt\u00f3ry znajduje si\u0119 w ka\u017cdej butelce i dope\u0142nia harmoni\u0119 smaku.<\/p>\n<p style=\"text-align: center;\">\n","protected":false},"excerpt":{"rendered":"<p style=\"text-align: center;\"><em>Tradycyjna i jednocze\u015bnie wyj\u0105tkowa Spi\u0161sk\u00e1 Borovi\u010dka 40%. Baza sk\u0142ada si\u0119 z naturalnego destylatu sosnowego, wysokiej jako\u015bci alkoholu i krystalicznie czystej wody.<\/em><\/p>\n","protected":false},"featured_media":29232,"comment_status":"open","ping_status":"closed","template":"","meta":{"_links_to":"","_links_to_target":""},"product_brand":[],"product_cat":[112],"product_tag":[133],"class_list":{"0":"post-28087","1":"product","2":"type-product","3":"status-publish","4":"has-post-thumbnail","6":"product_cat-spisska-pl","7":"product_tag-spisska-pl","9":"first","10":"instock","11":"taxable","12":"shipping-taxable","13":"purchasable","14":"product-type-simple"},"yoast_head":"<!-- This site is optimized with the Yoast SEO plugin v27.6 - https:\/\/yoast.com\/product\/yoast-seo-wordpress\/ -->\n<title>Spi\u0161sk\u00e1 Borovi\u010dka 40% 0,7L - Nestville Park<\/title>\n<meta name=\"robots\" content=\"index, follow, max-snippet:-1, max-image-preview:large, max-video-preview:-1\" \/>\n<link rel=\"canonical\" href=\"https:\/\/nestvillepark.sk\/produkt\/spisska-borovicka-40-07l\/\" \/>\n<meta property=\"og:locale\" content=\"pl_PL\" \/>\n<meta property=\"og:type\" content=\"article\" \/>\n<meta property=\"og:title\" content=\"Spi\u0161sk\u00e1 Borovi\u010dka 40% 0,7L - Nestville Park\" \/>\n<meta property=\"og:description\" content=\"Tradycyjna i jednocze\u015bnie wyj\u0105tkowa Spi\u0161sk\u00e1 Borovi\u010dka 40%. Baza sk\u0142ada si\u0119 z naturalnego destylatu sosnowego, wysokiej jako\u015bci alkoholu i krystalicznie czystej wody.\" \/>\n<meta property=\"og:url\" content=\"https:\/\/nestvillepark.sk\/produkt\/spisska-borovicka-40-07l\/\" \/>\n<meta property=\"og:site_name\" content=\"Nestville Park\" \/>\n<meta name=\"twitter:card\" content=\"summary_large_image\" \/>\n<script type=\"application\/ld+json\" class=\"yoast-schema-graph\">{\"@context\":\"https:\\\/\\\/schema.org\",\"@graph\":[{\"@type\":\"WebPage\",\"@id\":\"https:\\\/\\\/nestvillepark.sk\\\/produkt\\\/spisska-borovicka-40-07l\\\/\",\"url\":\"https:\\\/\\\/nestvillepark.sk\\\/produkt\\\/spisska-borovicka-40-07l\\\/\",\"name\":\"Spi\u0161sk\u00e1 Borovi\u010dka 40% 0,7L - Nestville Park\",\"isPartOf\":{\"@id\":\"https:\\\/\\\/nestvillepark.sk\\\/#website\"},\"primaryImageOfPage\":{\"@id\":\"https:\\\/\\\/nestvillepark.sk\\\/produkt\\\/spisska-borovicka-40-07l\\\/#primaryimage\"},\"image\":{\"@id\":\"https:\\\/\\\/nestvillepark.sk\\\/produkt\\\/spisska-borovicka-40-07l\\\/#primaryimage\"},\"thumbnailUrl\":\"https:\\\/\\\/nestvillepark.sk\\\/wp-content\\\/uploads\\\/2022\\\/03\\\/Borovicka-1.png\",\"datePublished\":\"2022-03-16T12:01:16+00:00\",\"breadcrumb\":{\"@id\":\"https:\\\/\\\/nestvillepark.sk\\\/produkt\\\/spisska-borovicka-40-07l\\\/#breadcrumb\"},\"inLanguage\":\"pl-PL\",\"potentialAction\":[{\"@type\":\"ReadAction\",\"target\":[\"https:\\\/\\\/nestvillepark.sk\\\/produkt\\\/spisska-borovicka-40-07l\\\/\"]}]},{\"@type\":\"ImageObject\",\"inLanguage\":\"pl-PL\",\"@id\":\"https:\\\/\\\/nestvillepark.sk\\\/produkt\\\/spisska-borovicka-40-07l\\\/#primaryimage\",\"url\":\"https:\\\/\\\/nestvillepark.sk\\\/wp-content\\\/uploads\\\/2022\\\/03\\\/Borovicka-1.png\",\"contentUrl\":\"https:\\\/\\\/nestvillepark.sk\\\/wp-content\\\/uploads\\\/2022\\\/03\\\/Borovicka-1.png\",\"width\":1000,\"height\":1000},{\"@type\":\"BreadcrumbList\",\"@id\":\"https:\\\/\\\/nestvillepark.sk\\\/produkt\\\/spisska-borovicka-40-07l\\\/#breadcrumb\",\"itemListElement\":[{\"@type\":\"ListItem\",\"position\":1,\"name\":\"Domovsk\u00e1 str\u00e1nka\",\"item\":\"https:\\\/\\\/nestvillepark.sk\\\/\"},{\"@type\":\"ListItem\",\"position\":2,\"name\":\"E-shop\",\"item\":\"https:\\\/\\\/nestvillepark.sk\\\/pl\\\/e-shop\\\/\"},{\"@type\":\"ListItem\",\"position\":3,\"name\":\"Spi\u0161sk\u00e1 Borovi\u010dka 40% 0,7L\"}]},{\"@type\":\"WebSite\",\"@id\":\"https:\\\/\\\/nestvillepark.sk\\\/#website\",\"url\":\"https:\\\/\\\/nestvillepark.sk\\\/\",\"name\":\"Nestville Park\",\"description\":\"Hniezdne\",\"potentialAction\":[{\"@type\":\"SearchAction\",\"target\":{\"@type\":\"EntryPoint\",\"urlTemplate\":\"https:\\\/\\\/nestvillepark.sk\\\/?s={search_term_string}\"},\"query-input\":{\"@type\":\"PropertyValueSpecification\",\"valueRequired\":true,\"valueName\":\"search_term_string\"}}],\"inLanguage\":\"pl-PL\"}]}<\/script>\n<!-- \/ Yoast SEO plugin. -->","yoast_head_json":{"title":"Spi\u0161sk\u00e1 Borovi\u010dka 40% 0,7L - Nestville Park","robots":{"index":"index","follow":"follow","max-snippet":"max-snippet:-1","max-image-preview":"max-image-preview:large","max-video-preview":"max-video-preview:-1"},"canonical":"https:\/\/nestvillepark.sk\/produkt\/spisska-borovicka-40-07l\/","og_locale":"pl_PL","og_type":"article","og_title":"Spi\u0161sk\u00e1 Borovi\u010dka 40% 0,7L - Nestville Park","og_description":"Tradycyjna i jednocze\u015bnie wyj\u0105tkowa Spi\u0161sk\u00e1 Borovi\u010dka 40%. Baza sk\u0142ada si\u0119 z naturalnego destylatu sosnowego, wysokiej jako\u015bci alkoholu i krystalicznie czystej wody.","og_url":"https:\/\/nestvillepark.sk\/produkt\/spisska-borovicka-40-07l\/","og_site_name":"Nestville Park","twitter_card":"summary_large_image","schema":{"@context":"https:\/\/schema.org","@graph":[{"@type":"WebPage","@id":"https:\/\/nestvillepark.sk\/produkt\/spisska-borovicka-40-07l\/","url":"https:\/\/nestvillepark.sk\/produkt\/spisska-borovicka-40-07l\/","name":"Spi\u0161sk\u00e1 Borovi\u010dka 40% 0,7L - Nestville Park","isPartOf":{"@id":"https:\/\/nestvillepark.sk\/#website"},"primaryImageOfPage":{"@id":"https:\/\/nestvillepark.sk\/produkt\/spisska-borovicka-40-07l\/#primaryimage"},"image":{"@id":"https:\/\/nestvillepark.sk\/produkt\/spisska-borovicka-40-07l\/#primaryimage"},"thumbnailUrl":"https:\/\/nestvillepark.sk\/wp-content\/uploads\/2022\/03\/Borovicka-1.png","datePublished":"2022-03-16T12:01:16+00:00","breadcrumb":{"@id":"https:\/\/nestvillepark.sk\/produkt\/spisska-borovicka-40-07l\/#breadcrumb"},"inLanguage":"pl-PL","potentialAction":[{"@type":"ReadAction","target":["https:\/\/nestvillepark.sk\/produkt\/spisska-borovicka-40-07l\/"]}]},{"@type":"ImageObject","inLanguage":"pl-PL","@id":"https:\/\/nestvillepark.sk\/produkt\/spisska-borovicka-40-07l\/#primaryimage","url":"https:\/\/nestvillepark.sk\/wp-content\/uploads\/2022\/03\/Borovicka-1.png","contentUrl":"https:\/\/nestvillepark.sk\/wp-content\/uploads\/2022\/03\/Borovicka-1.png","width":1000,"height":1000},{"@type":"BreadcrumbList","@id":"https:\/\/nestvillepark.sk\/produkt\/spisska-borovicka-40-07l\/#breadcrumb","itemListElement":[{"@type":"ListItem","position":1,"name":"Domovsk\u00e1 str\u00e1nka","item":"https:\/\/nestvillepark.sk\/"},{"@type":"ListItem","position":2,"name":"E-shop","item":"https:\/\/nestvillepark.sk\/pl\/e-shop\/"},{"@type":"ListItem","position":3,"name":"Spi\u0161sk\u00e1 Borovi\u010dka 40% 0,7L"}]},{"@type":"WebSite","@id":"https:\/\/nestvillepark.sk\/#website","url":"https:\/\/nestvillepark.sk\/","name":"Nestville Park","description":"Hniezdne","potentialAction":[{"@type":"SearchAction","target":{"@type":"EntryPoint","urlTemplate":"https:\/\/nestvillepark.sk\/?s={search_term_string}"},"query-input":{"@type":"PropertyValueSpecification","valueRequired":true,"valueName":"search_term_string"}}],"inLanguage":"pl-PL"}]}},"_links":{"self":[{"href":"https:\/\/nestvillepark.sk\/pl\/wp-json\/wp\/v2\/product\/28087","targetHints":{"allow":["GET"]}}],"collection":[{"href":"https:\/\/nestvillepark.sk\/pl\/wp-json\/wp\/v2\/product"}],"about":[{"href":"https:\/\/nestvillepark.sk\/pl\/wp-json\/wp\/v2\/types\/product"}],"replies":[{"embeddable":true,"href":"https:\/\/nestvillepark.sk\/pl\/wp-json\/wp\/v2\/comments?post=28087"}],"wp:featuredmedia":[{"embeddable":true,"href":"https:\/\/nestvillepark.sk\/pl\/wp-json\/wp\/v2\/media\/29232"}],"wp:attachment":[{"href":"https:\/\/nestvillepark.sk\/pl\/wp-json\/wp\/v2\/media?parent=28087"}],"wp:term":[{"taxonomy":"product_brand","embeddable":true,"href":"https:\/\/nestvillepark.sk\/pl\/wp-json\/wp\/v2\/product_brand?post=28087"},{"taxonomy":"product_cat","embeddable":true,"href":"https:\/\/nestvillepark.sk\/pl\/wp-json\/wp\/v2\/product_cat?post=28087"},{"taxonomy":"product_tag","embeddable":true,"href":"https:\/\/nestvillepark.sk\/pl\/wp-json\/wp\/v2\/product_tag?post=28087"}],"curies":[{"name":"wp","href":"https:\/\/api.w.org\/{rel}","templated":true}]}}