{"id":27946,"date":"2022-02-16T12:59:29","date_gmt":"2022-02-16T11:59:29","guid":{"rendered":"https:\/\/nestvillepark.sk\/produkt\/two-storks-chocolate-liqueur-25-035-l\/"},"modified":"2022-02-16T12:59:29","modified_gmt":"2022-02-16T11:59:29","slug":"two-storks-chocolate-cream-liqueur-25-035-l-2","status":"publish","type":"product","link":"https:\/\/nestvillepark.sk\/pl\/produkt\/two-storks-chocolate-cream-liqueur-25-035-l-2\/","title":{"rendered":"Two Storks Chocolate Liqueur 25% 0,35 L"},"content":{"rendered":"<p style=\"text-align: center;\">Daj si\u0119 skusi\u0107 czekoladowej pokusie likieru czekoladowego Two Storks Chocolate Cream Liqueur, kt\u00f3ry zdominuje Twoje zmys\u0142y idealnym po\u0142\u0105czeniem pysznej mlecznej czekolady z bezb\u0142\u0119dnie bogatym kremowym smakiem i subteln\u0105 nut\u0105 alkoholu. I nie zapominaj, \u017ce to tylko dla doros\u0142ych czekoladoholik\u00f3w!<\/p>\n<p style=\"text-align: center;\"><i>Obj\u0119to\u015b\u0107: 0,35 L<br \/>\nAlkohol: 25%<\/i><\/p>\n<p style=\"text-align: center;\">\n","protected":false},"excerpt":{"rendered":"<p style=\"text-align: center;\"><em>Daj si\u0119 skusi\u0107 czekoladowej pokusie likieru czekoladowego Two Storks Chocolate Cream Liqueur, kt\u00f3ry zdominuje Twoje zmys\u0142y idealnym po\u0142\u0105czeniem pysznej mlecznej czekolady z bezb\u0142\u0119dnie bogatym kremowym smakiem i subteln\u0105 nut\u0105 alkoholu.<\/em><\/p>\n","protected":false},"featured_media":26080,"comment_status":"closed","ping_status":"closed","template":"","meta":{"_links_to":"","_links_to_target":""},"product_brand":[],"product_cat":[118],"product_tag":[136],"class_list":{"0":"post-27946","1":"product","2":"type-product","3":"status-publish","4":"has-post-thumbnail","6":"product_cat-two-storks-pl","7":"product_tag-two-storks-pl","9":"first","10":"instock","11":"taxable","12":"shipping-taxable","13":"purchasable","14":"product-type-simple"},"yoast_head":"<!-- This site is optimized with the Yoast SEO plugin v27.5 - https:\/\/yoast.com\/product\/yoast-seo-wordpress\/ -->\n<title>Two Storks Chocolate Liqueur 25% 0,35 L - Nestville Park<\/title>\n<meta name=\"robots\" content=\"index, follow, max-snippet:-1, max-image-preview:large, max-video-preview:-1\" \/>\n<link rel=\"canonical\" href=\"https:\/\/nestvillepark.sk\/produkt\/two-storks-chocolate-liqueur-25-035-l\/\" \/>\n<meta property=\"og:locale\" content=\"pl_PL\" \/>\n<meta property=\"og:type\" content=\"article\" \/>\n<meta property=\"og:title\" content=\"Two Storks Chocolate Liqueur 25% 0,35 L - Nestville Park\" \/>\n<meta property=\"og:description\" content=\"Daj si\u0119 skusi\u0107 czekoladowej pokusie likieru czekoladowego Two Storks Chocolate Cream Liqueur, kt\u00f3ry zdominuje Twoje zmys\u0142y idealnym po\u0142\u0105czeniem pysznej mlecznej czekolady z bezb\u0142\u0119dnie bogatym kremowym smakiem i subteln\u0105 nut\u0105 alkoholu.\" \/>\n<meta property=\"og:url\" content=\"https:\/\/nestvillepark.sk\/produkt\/two-storks-chocolate-liqueur-25-035-l\/\" \/>\n<meta property=\"og:site_name\" content=\"Nestville Park\" \/>\n<meta name=\"twitter:card\" content=\"summary_large_image\" \/>\n<script type=\"application\/ld+json\" class=\"yoast-schema-graph\">{\"@context\":\"https:\\\/\\\/schema.org\",\"@graph\":[{\"@type\":\"WebPage\",\"@id\":\"https:\\\/\\\/nestvillepark.sk\\\/produkt\\\/two-storks-chocolate-liqueur-25-035-l\\\/\",\"url\":\"https:\\\/\\\/nestvillepark.sk\\\/produkt\\\/two-storks-chocolate-liqueur-25-035-l\\\/\",\"name\":\"Two Storks Chocolate Liqueur 25% 0,35 L - Nestville Park\",\"isPartOf\":{\"@id\":\"https:\\\/\\\/nestvillepark.sk\\\/#website\"},\"primaryImageOfPage\":{\"@id\":\"https:\\\/\\\/nestvillepark.sk\\\/produkt\\\/two-storks-chocolate-liqueur-25-035-l\\\/#primaryimage\"},\"image\":{\"@id\":\"https:\\\/\\\/nestvillepark.sk\\\/produkt\\\/two-storks-chocolate-liqueur-25-035-l\\\/#primaryimage\"},\"thumbnailUrl\":\"https:\\\/\\\/nestvillepark.sk\\\/wp-content\\\/uploads\\\/2022\\\/02\\\/Two-Storks-Cream.png\",\"datePublished\":\"2022-02-16T11:59:29+00:00\",\"breadcrumb\":{\"@id\":\"https:\\\/\\\/nestvillepark.sk\\\/produkt\\\/two-storks-chocolate-liqueur-25-035-l\\\/#breadcrumb\"},\"inLanguage\":\"pl-PL\",\"potentialAction\":[{\"@type\":\"ReadAction\",\"target\":[\"https:\\\/\\\/nestvillepark.sk\\\/produkt\\\/two-storks-chocolate-liqueur-25-035-l\\\/\"]}]},{\"@type\":\"ImageObject\",\"inLanguage\":\"pl-PL\",\"@id\":\"https:\\\/\\\/nestvillepark.sk\\\/produkt\\\/two-storks-chocolate-liqueur-25-035-l\\\/#primaryimage\",\"url\":\"https:\\\/\\\/nestvillepark.sk\\\/wp-content\\\/uploads\\\/2022\\\/02\\\/Two-Storks-Cream.png\",\"contentUrl\":\"https:\\\/\\\/nestvillepark.sk\\\/wp-content\\\/uploads\\\/2022\\\/02\\\/Two-Storks-Cream.png\",\"width\":1000,\"height\":1000},{\"@type\":\"BreadcrumbList\",\"@id\":\"https:\\\/\\\/nestvillepark.sk\\\/produkt\\\/two-storks-chocolate-liqueur-25-035-l\\\/#breadcrumb\",\"itemListElement\":[{\"@type\":\"ListItem\",\"position\":1,\"name\":\"Domovsk\u00e1 str\u00e1nka\",\"item\":\"https:\\\/\\\/nestvillepark.sk\\\/\"},{\"@type\":\"ListItem\",\"position\":2,\"name\":\"E-shop\",\"item\":\"https:\\\/\\\/nestvillepark.sk\\\/pl\\\/e-shop\\\/\"},{\"@type\":\"ListItem\",\"position\":3,\"name\":\"Two Storks Chocolate Liqueur 25% 0,35 L\"}]},{\"@type\":\"WebSite\",\"@id\":\"https:\\\/\\\/nestvillepark.sk\\\/#website\",\"url\":\"https:\\\/\\\/nestvillepark.sk\\\/\",\"name\":\"Nestville Park\",\"description\":\"Hniezdne\",\"potentialAction\":[{\"@type\":\"SearchAction\",\"target\":{\"@type\":\"EntryPoint\",\"urlTemplate\":\"https:\\\/\\\/nestvillepark.sk\\\/?s={search_term_string}\"},\"query-input\":{\"@type\":\"PropertyValueSpecification\",\"valueRequired\":true,\"valueName\":\"search_term_string\"}}],\"inLanguage\":\"pl-PL\"}]}<\/script>\n<!-- \/ Yoast SEO plugin. -->","yoast_head_json":{"title":"Two Storks Chocolate Liqueur 25% 0,35 L - Nestville Park","robots":{"index":"index","follow":"follow","max-snippet":"max-snippet:-1","max-image-preview":"max-image-preview:large","max-video-preview":"max-video-preview:-1"},"canonical":"https:\/\/nestvillepark.sk\/produkt\/two-storks-chocolate-liqueur-25-035-l\/","og_locale":"pl_PL","og_type":"article","og_title":"Two Storks Chocolate Liqueur 25% 0,35 L - Nestville Park","og_description":"Daj si\u0119 skusi\u0107 czekoladowej pokusie likieru czekoladowego Two Storks Chocolate Cream Liqueur, kt\u00f3ry zdominuje Twoje zmys\u0142y idealnym po\u0142\u0105czeniem pysznej mlecznej czekolady z bezb\u0142\u0119dnie bogatym kremowym smakiem i subteln\u0105 nut\u0105 alkoholu.","og_url":"https:\/\/nestvillepark.sk\/produkt\/two-storks-chocolate-liqueur-25-035-l\/","og_site_name":"Nestville Park","twitter_card":"summary_large_image","schema":{"@context":"https:\/\/schema.org","@graph":[{"@type":"WebPage","@id":"https:\/\/nestvillepark.sk\/produkt\/two-storks-chocolate-liqueur-25-035-l\/","url":"https:\/\/nestvillepark.sk\/produkt\/two-storks-chocolate-liqueur-25-035-l\/","name":"Two Storks Chocolate Liqueur 25% 0,35 L - Nestville Park","isPartOf":{"@id":"https:\/\/nestvillepark.sk\/#website"},"primaryImageOfPage":{"@id":"https:\/\/nestvillepark.sk\/produkt\/two-storks-chocolate-liqueur-25-035-l\/#primaryimage"},"image":{"@id":"https:\/\/nestvillepark.sk\/produkt\/two-storks-chocolate-liqueur-25-035-l\/#primaryimage"},"thumbnailUrl":"https:\/\/nestvillepark.sk\/wp-content\/uploads\/2022\/02\/Two-Storks-Cream.png","datePublished":"2022-02-16T11:59:29+00:00","breadcrumb":{"@id":"https:\/\/nestvillepark.sk\/produkt\/two-storks-chocolate-liqueur-25-035-l\/#breadcrumb"},"inLanguage":"pl-PL","potentialAction":[{"@type":"ReadAction","target":["https:\/\/nestvillepark.sk\/produkt\/two-storks-chocolate-liqueur-25-035-l\/"]}]},{"@type":"ImageObject","inLanguage":"pl-PL","@id":"https:\/\/nestvillepark.sk\/produkt\/two-storks-chocolate-liqueur-25-035-l\/#primaryimage","url":"https:\/\/nestvillepark.sk\/wp-content\/uploads\/2022\/02\/Two-Storks-Cream.png","contentUrl":"https:\/\/nestvillepark.sk\/wp-content\/uploads\/2022\/02\/Two-Storks-Cream.png","width":1000,"height":1000},{"@type":"BreadcrumbList","@id":"https:\/\/nestvillepark.sk\/produkt\/two-storks-chocolate-liqueur-25-035-l\/#breadcrumb","itemListElement":[{"@type":"ListItem","position":1,"name":"Domovsk\u00e1 str\u00e1nka","item":"https:\/\/nestvillepark.sk\/"},{"@type":"ListItem","position":2,"name":"E-shop","item":"https:\/\/nestvillepark.sk\/pl\/e-shop\/"},{"@type":"ListItem","position":3,"name":"Two Storks Chocolate Liqueur 25% 0,35 L"}]},{"@type":"WebSite","@id":"https:\/\/nestvillepark.sk\/#website","url":"https:\/\/nestvillepark.sk\/","name":"Nestville Park","description":"Hniezdne","potentialAction":[{"@type":"SearchAction","target":{"@type":"EntryPoint","urlTemplate":"https:\/\/nestvillepark.sk\/?s={search_term_string}"},"query-input":{"@type":"PropertyValueSpecification","valueRequired":true,"valueName":"search_term_string"}}],"inLanguage":"pl-PL"}]}},"_links":{"self":[{"href":"https:\/\/nestvillepark.sk\/pl\/wp-json\/wp\/v2\/product\/27946","targetHints":{"allow":["GET"]}}],"collection":[{"href":"https:\/\/nestvillepark.sk\/pl\/wp-json\/wp\/v2\/product"}],"about":[{"href":"https:\/\/nestvillepark.sk\/pl\/wp-json\/wp\/v2\/types\/product"}],"replies":[{"embeddable":true,"href":"https:\/\/nestvillepark.sk\/pl\/wp-json\/wp\/v2\/comments?post=27946"}],"wp:featuredmedia":[{"embeddable":true,"href":"https:\/\/nestvillepark.sk\/pl\/wp-json\/wp\/v2\/media\/26080"}],"wp:attachment":[{"href":"https:\/\/nestvillepark.sk\/pl\/wp-json\/wp\/v2\/media?parent=27946"}],"wp:term":[{"taxonomy":"product_brand","embeddable":true,"href":"https:\/\/nestvillepark.sk\/pl\/wp-json\/wp\/v2\/product_brand?post=27946"},{"taxonomy":"product_cat","embeddable":true,"href":"https:\/\/nestvillepark.sk\/pl\/wp-json\/wp\/v2\/product_cat?post=27946"},{"taxonomy":"product_tag","embeddable":true,"href":"https:\/\/nestvillepark.sk\/pl\/wp-json\/wp\/v2\/product_tag?post=27946"}],"curies":[{"name":"wp","href":"https:\/\/api.w.org\/{rel}","templated":true}]}}