{"id":27940,"date":"2022-02-16T12:58:06","date_gmt":"2022-02-16T11:58:06","guid":{"rendered":"https:\/\/nestvillepark.sk\/produkt\/starospisska-domaca-razny-50-05l\/"},"modified":"2022-02-16T12:58:06","modified_gmt":"2022-02-16T11:58:06","slug":"starospisska-domaca-razny-50-05l-2","status":"publish","type":"product","link":"https:\/\/nestvillepark.sk\/pl\/produkt\/starospisska-domaca-razny-50-05l-2\/","title":{"rendered":"Starospi\u0161sk\u00e1 Dom\u00e1ca Ra\u017en\u00fd 50% 0,5L"},"content":{"rendered":"<p style=\"text-align: center;\">Starospi\u0161sk\u00e1 Dom\u00e1ca Ra\u017en\u00fd 50% 0,5L to prawdziwy destylat \u017cytni. Dawne receptury naszych przodk\u00f3w s\u0105 spisywane na pi\u015bmie od 1756 r., chocia\u017c \u017cyto uprawiano znacznie wcze\u015bniej, zw\u0142aszcza na terenach g\u00f3rskich i podg\u00f3rskich Tatr Wysokich, gdzie by\u0142o zas\u0142u\u017con\u0105 nagrod\u0105 za ci\u0119\u017ck\u0105 prac\u0119 naszych ojc\u00f3w. Uprawiano j\u0105 przede wszystkim na terenach g\u00f3rskich i podg\u00f3rskich Tatr Wysokich, gdzie by\u0142a zas\u0142u\u017con\u0105 nagrod\u0105 za ci\u0119\u017ck\u0105 prac\u0119 naszych ojc\u00f3w ze wzgl\u0119du na jej odporno\u015b\u0107 i obfit\u0105 \u017cyzno\u015b\u0107 na g\u00f3rskich polach p\u00f3\u0142nocnego Spisza. Dzi\u0119ki jego odporno\u015bci i obfitej \u017cyzno\u015bci na g\u00f3rskich polach P\u00f3\u0142nocnego Spiszu, w po\u0142\u0105czeniu z tatrza\u0144sk\u0105 wod\u0105 i le\u017cakowaniem we w\u0142asnych d\u0119bowych beczkach Nestville Whisky tworzy wyj\u0105tkowy destylat o wyrazistym aromacie i \u0142agodnie korzennym smaku.<\/p>\n<p style=\"text-align: center;\">Wznie\u015bmy toast za dziedzictwo naszych ojc\u00f3w. Na zdrowie.<i><\/i><\/p>\n<p style=\"text-align: center;\">\n","protected":false},"excerpt":{"rendered":"<p style=\"text-align: center;\"><em>Starospi\u0161sk\u00e1 Dom\u00e1ca Ra\u017en\u00fd 50% to zas\u0142u\u017cona nagroda za ci\u0119\u017ck\u0105 prac\u0119 naszych ojc\u00f3w.<\/em><\/p>\n","protected":false},"featured_media":26060,"comment_status":"closed","ping_status":"closed","template":"","meta":{"_links_to":"","_links_to_target":""},"product_brand":[],"product_cat":[114],"product_tag":[134],"class_list":{"0":"post-27940","1":"product","2":"type-product","3":"status-publish","4":"has-post-thumbnail","6":"product_cat-starospisska-domaca-pl","7":"product_tag-starospisska-domaca-pl","9":"first","10":"instock","11":"taxable","12":"shipping-taxable","13":"purchasable","14":"product-type-simple"},"yoast_head":"<!-- This site is optimized with the Yoast SEO plugin v27.5 - https:\/\/yoast.com\/product\/yoast-seo-wordpress\/ -->\n<title>Starospi\u0161sk\u00e1 Dom\u00e1ca Ra\u017en\u00fd 50% 0,5L - Nestville Park<\/title>\n<meta name=\"robots\" content=\"index, follow, max-snippet:-1, max-image-preview:large, max-video-preview:-1\" \/>\n<link rel=\"canonical\" href=\"https:\/\/nestvillepark.sk\/produkt\/starospisska-domaca-razny-50-05l\/\" \/>\n<meta property=\"og:locale\" content=\"pl_PL\" \/>\n<meta property=\"og:type\" content=\"article\" \/>\n<meta property=\"og:title\" content=\"Starospi\u0161sk\u00e1 Dom\u00e1ca Ra\u017en\u00fd 50% 0,5L - Nestville Park\" \/>\n<meta property=\"og:description\" content=\"Starospi\u0161sk\u00e1 Dom\u00e1ca Ra\u017en\u00fd 50% to zas\u0142u\u017cona nagroda za ci\u0119\u017ck\u0105 prac\u0119 naszych ojc\u00f3w.\" \/>\n<meta property=\"og:url\" content=\"https:\/\/nestvillepark.sk\/produkt\/starospisska-domaca-razny-50-05l\/\" \/>\n<meta property=\"og:site_name\" content=\"Nestville Park\" \/>\n<meta name=\"twitter:card\" content=\"summary_large_image\" \/>\n<meta name=\"twitter:label1\" content=\"Szacowany czas czytania\" \/>\n\t<meta name=\"twitter:data1\" content=\"1 minuta\" \/>\n<script type=\"application\/ld+json\" class=\"yoast-schema-graph\">{\"@context\":\"https:\\\/\\\/schema.org\",\"@graph\":[{\"@type\":\"WebPage\",\"@id\":\"https:\\\/\\\/nestvillepark.sk\\\/produkt\\\/starospisska-domaca-razny-50-05l\\\/\",\"url\":\"https:\\\/\\\/nestvillepark.sk\\\/produkt\\\/starospisska-domaca-razny-50-05l\\\/\",\"name\":\"Starospi\u0161sk\u00e1 Dom\u00e1ca Ra\u017en\u00fd 50% 0,5L - Nestville Park\",\"isPartOf\":{\"@id\":\"https:\\\/\\\/nestvillepark.sk\\\/#website\"},\"primaryImageOfPage\":{\"@id\":\"https:\\\/\\\/nestvillepark.sk\\\/produkt\\\/starospisska-domaca-razny-50-05l\\\/#primaryimage\"},\"image\":{\"@id\":\"https:\\\/\\\/nestvillepark.sk\\\/produkt\\\/starospisska-domaca-razny-50-05l\\\/#primaryimage\"},\"thumbnailUrl\":\"https:\\\/\\\/nestvillepark.sk\\\/wp-content\\\/uploads\\\/2022\\\/02\\\/Starospis\u030cska\u0301-Doma\u0301ca-Raz\u030cny\u0301.png\",\"datePublished\":\"2022-02-16T11:58:06+00:00\",\"breadcrumb\":{\"@id\":\"https:\\\/\\\/nestvillepark.sk\\\/produkt\\\/starospisska-domaca-razny-50-05l\\\/#breadcrumb\"},\"inLanguage\":\"pl-PL\",\"potentialAction\":[{\"@type\":\"ReadAction\",\"target\":[\"https:\\\/\\\/nestvillepark.sk\\\/produkt\\\/starospisska-domaca-razny-50-05l\\\/\"]}]},{\"@type\":\"ImageObject\",\"inLanguage\":\"pl-PL\",\"@id\":\"https:\\\/\\\/nestvillepark.sk\\\/produkt\\\/starospisska-domaca-razny-50-05l\\\/#primaryimage\",\"url\":\"https:\\\/\\\/nestvillepark.sk\\\/wp-content\\\/uploads\\\/2022\\\/02\\\/Starospis\u030cska\u0301-Doma\u0301ca-Raz\u030cny\u0301.png\",\"contentUrl\":\"https:\\\/\\\/nestvillepark.sk\\\/wp-content\\\/uploads\\\/2022\\\/02\\\/Starospis\u030cska\u0301-Doma\u0301ca-Raz\u030cny\u0301.png\",\"width\":1000,\"height\":1000},{\"@type\":\"BreadcrumbList\",\"@id\":\"https:\\\/\\\/nestvillepark.sk\\\/produkt\\\/starospisska-domaca-razny-50-05l\\\/#breadcrumb\",\"itemListElement\":[{\"@type\":\"ListItem\",\"position\":1,\"name\":\"Domovsk\u00e1 str\u00e1nka\",\"item\":\"https:\\\/\\\/nestvillepark.sk\\\/\"},{\"@type\":\"ListItem\",\"position\":2,\"name\":\"E-shop\",\"item\":\"https:\\\/\\\/nestvillepark.sk\\\/pl\\\/e-shop\\\/\"},{\"@type\":\"ListItem\",\"position\":3,\"name\":\"Starospi\u0161sk\u00e1 Dom\u00e1ca Ra\u017en\u00fd 50% 0,5L\"}]},{\"@type\":\"WebSite\",\"@id\":\"https:\\\/\\\/nestvillepark.sk\\\/#website\",\"url\":\"https:\\\/\\\/nestvillepark.sk\\\/\",\"name\":\"Nestville Park\",\"description\":\"Hniezdne\",\"potentialAction\":[{\"@type\":\"SearchAction\",\"target\":{\"@type\":\"EntryPoint\",\"urlTemplate\":\"https:\\\/\\\/nestvillepark.sk\\\/?s={search_term_string}\"},\"query-input\":{\"@type\":\"PropertyValueSpecification\",\"valueRequired\":true,\"valueName\":\"search_term_string\"}}],\"inLanguage\":\"pl-PL\"}]}<\/script>\n<!-- \/ Yoast SEO plugin. -->","yoast_head_json":{"title":"Starospi\u0161sk\u00e1 Dom\u00e1ca Ra\u017en\u00fd 50% 0,5L - Nestville Park","robots":{"index":"index","follow":"follow","max-snippet":"max-snippet:-1","max-image-preview":"max-image-preview:large","max-video-preview":"max-video-preview:-1"},"canonical":"https:\/\/nestvillepark.sk\/produkt\/starospisska-domaca-razny-50-05l\/","og_locale":"pl_PL","og_type":"article","og_title":"Starospi\u0161sk\u00e1 Dom\u00e1ca Ra\u017en\u00fd 50% 0,5L - Nestville Park","og_description":"Starospi\u0161sk\u00e1 Dom\u00e1ca Ra\u017en\u00fd 50% to zas\u0142u\u017cona nagroda za ci\u0119\u017ck\u0105 prac\u0119 naszych ojc\u00f3w.","og_url":"https:\/\/nestvillepark.sk\/produkt\/starospisska-domaca-razny-50-05l\/","og_site_name":"Nestville Park","twitter_card":"summary_large_image","twitter_misc":{"Szacowany czas czytania":"1 minuta"},"schema":{"@context":"https:\/\/schema.org","@graph":[{"@type":"WebPage","@id":"https:\/\/nestvillepark.sk\/produkt\/starospisska-domaca-razny-50-05l\/","url":"https:\/\/nestvillepark.sk\/produkt\/starospisska-domaca-razny-50-05l\/","name":"Starospi\u0161sk\u00e1 Dom\u00e1ca Ra\u017en\u00fd 50% 0,5L - Nestville Park","isPartOf":{"@id":"https:\/\/nestvillepark.sk\/#website"},"primaryImageOfPage":{"@id":"https:\/\/nestvillepark.sk\/produkt\/starospisska-domaca-razny-50-05l\/#primaryimage"},"image":{"@id":"https:\/\/nestvillepark.sk\/produkt\/starospisska-domaca-razny-50-05l\/#primaryimage"},"thumbnailUrl":"https:\/\/nestvillepark.sk\/wp-content\/uploads\/2022\/02\/Starospis\u030cska\u0301-Doma\u0301ca-Raz\u030cny\u0301.png","datePublished":"2022-02-16T11:58:06+00:00","breadcrumb":{"@id":"https:\/\/nestvillepark.sk\/produkt\/starospisska-domaca-razny-50-05l\/#breadcrumb"},"inLanguage":"pl-PL","potentialAction":[{"@type":"ReadAction","target":["https:\/\/nestvillepark.sk\/produkt\/starospisska-domaca-razny-50-05l\/"]}]},{"@type":"ImageObject","inLanguage":"pl-PL","@id":"https:\/\/nestvillepark.sk\/produkt\/starospisska-domaca-razny-50-05l\/#primaryimage","url":"https:\/\/nestvillepark.sk\/wp-content\/uploads\/2022\/02\/Starospis\u030cska\u0301-Doma\u0301ca-Raz\u030cny\u0301.png","contentUrl":"https:\/\/nestvillepark.sk\/wp-content\/uploads\/2022\/02\/Starospis\u030cska\u0301-Doma\u0301ca-Raz\u030cny\u0301.png","width":1000,"height":1000},{"@type":"BreadcrumbList","@id":"https:\/\/nestvillepark.sk\/produkt\/starospisska-domaca-razny-50-05l\/#breadcrumb","itemListElement":[{"@type":"ListItem","position":1,"name":"Domovsk\u00e1 str\u00e1nka","item":"https:\/\/nestvillepark.sk\/"},{"@type":"ListItem","position":2,"name":"E-shop","item":"https:\/\/nestvillepark.sk\/pl\/e-shop\/"},{"@type":"ListItem","position":3,"name":"Starospi\u0161sk\u00e1 Dom\u00e1ca Ra\u017en\u00fd 50% 0,5L"}]},{"@type":"WebSite","@id":"https:\/\/nestvillepark.sk\/#website","url":"https:\/\/nestvillepark.sk\/","name":"Nestville Park","description":"Hniezdne","potentialAction":[{"@type":"SearchAction","target":{"@type":"EntryPoint","urlTemplate":"https:\/\/nestvillepark.sk\/?s={search_term_string}"},"query-input":{"@type":"PropertyValueSpecification","valueRequired":true,"valueName":"search_term_string"}}],"inLanguage":"pl-PL"}]}},"_links":{"self":[{"href":"https:\/\/nestvillepark.sk\/pl\/wp-json\/wp\/v2\/product\/27940","targetHints":{"allow":["GET"]}}],"collection":[{"href":"https:\/\/nestvillepark.sk\/pl\/wp-json\/wp\/v2\/product"}],"about":[{"href":"https:\/\/nestvillepark.sk\/pl\/wp-json\/wp\/v2\/types\/product"}],"replies":[{"embeddable":true,"href":"https:\/\/nestvillepark.sk\/pl\/wp-json\/wp\/v2\/comments?post=27940"}],"wp:featuredmedia":[{"embeddable":true,"href":"https:\/\/nestvillepark.sk\/pl\/wp-json\/wp\/v2\/media\/26060"}],"wp:attachment":[{"href":"https:\/\/nestvillepark.sk\/pl\/wp-json\/wp\/v2\/media?parent=27940"}],"wp:term":[{"taxonomy":"product_brand","embeddable":true,"href":"https:\/\/nestvillepark.sk\/pl\/wp-json\/wp\/v2\/product_brand?post=27940"},{"taxonomy":"product_cat","embeddable":true,"href":"https:\/\/nestvillepark.sk\/pl\/wp-json\/wp\/v2\/product_cat?post=27940"},{"taxonomy":"product_tag","embeddable":true,"href":"https:\/\/nestvillepark.sk\/pl\/wp-json\/wp\/v2\/product_tag?post=27940"}],"curies":[{"name":"wp","href":"https:\/\/api.w.org\/{rel}","templated":true}]}}