{"id":27939,"date":"2022-02-16T12:58:06","date_gmt":"2022-02-16T11:58:06","guid":{"rendered":"https:\/\/nestvillepark.sk\/produkt\/starospisska-domaca-borovicka-43-05-l\/"},"modified":"2024-11-26T09:01:32","modified_gmt":"2024-11-26T08:01:32","slug":"starospisska-domaca-borovicka-43-05-l-2","status":"publish","type":"product","link":"https:\/\/nestvillepark.sk\/pl\/produkt\/starospisska-domaca-borovicka-43-05-l-2\/","title":{"rendered":"Starospi\u0161sk\u00e1 Dom\u00e1ca Borovi\u010dka 43% 0,5 L"},"content":{"rendered":"<p style=\"text-align: center;\">Odkryj smak uczciwego destylatu sosnowego dzi\u0119ki Starospi\u0161skiej sosnie domowej. Ten wyj\u0105tkowy trunek to celebracja dziedzictwa kulturowego naszych przodk\u00f3w, kt\u00f3re od 1756 roku zachowa\u0142o swoje oryginalne pomys\u0142y i receptury. Po\u0142\u0105czenie tatrza\u0144skiej wody tylko z najwy\u017cszej jako\u015bci jagodami ja\u0142owca zmienia si\u0119 dzi\u0119ki wielowiekowym do\u015bwiadczeniom naszych przodk\u00f3w i ich pracy w niepowtarzalny smak tego destylatu. Le\u017cakowanie w d\u0119bowych beczkach dla Nestville Whisky wzmacnia intensywny zwi\u0105zek S\u0142owak\u00f3w z dziewicz\u0105 natur\u0105 g\u00f3rnego Spiszu.<\/p>\n<p style=\"text-align: center;\">Wznie\u015bcie swoje kieliszki i wznie\u015bcie toast za dziedzictwo naszych ojc\u00f3w!<\/p>\n<p>&nbsp;<\/p>\n<p style=\"text-align: center;\"><strong>Nagrody<\/strong><\/p>\n<p style=\"text-align: center;\"><img decoding=\"async\" class=\"alignnone wp-image-34231\" src=\"https:\/\/nestvillepark.sk\/wp-content\/uploads\/2022\/02\/Asset-12.png\" alt=\"\" width=\"87\" height=\"87\" srcset=\"https:\/\/nestvillepark.sk\/wp-content\/uploads\/2022\/02\/Asset-12.png 722w, https:\/\/nestvillepark.sk\/wp-content\/uploads\/2022\/02\/Asset-12-700x700.png 700w, https:\/\/nestvillepark.sk\/wp-content\/uploads\/2022\/02\/Asset-12-600x599.png 600w, https:\/\/nestvillepark.sk\/wp-content\/uploads\/2022\/02\/Asset-12-100x100.png 100w, https:\/\/nestvillepark.sk\/wp-content\/uploads\/2022\/02\/Asset-12-64x64.png 64w\" sizes=\"(max-width: 87px) 100vw, 87px\" \/> <img decoding=\"async\" class=\"alignnone wp-image-34234\" src=\"https:\/\/nestvillepark.sk\/wp-content\/uploads\/2022\/02\/silver_2.png\" alt=\"\" width=\"90\" height=\"90\" srcset=\"https:\/\/nestvillepark.sk\/wp-content\/uploads\/2022\/02\/silver_2.png 710w, https:\/\/nestvillepark.sk\/wp-content\/uploads\/2022\/02\/silver_2-700x700.png 700w, https:\/\/nestvillepark.sk\/wp-content\/uploads\/2022\/02\/silver_2-600x600.png 600w, https:\/\/nestvillepark.sk\/wp-content\/uploads\/2022\/02\/silver_2-100x100.png 100w, https:\/\/nestvillepark.sk\/wp-content\/uploads\/2022\/02\/silver_2-64x64.png 64w\" sizes=\"(max-width: 90px) 100vw, 90px\" \/><\/p>\n<p>&nbsp;<\/p>\n","protected":false},"excerpt":{"rendered":"<p style=\"text-align: center;\"><em>Uczciwy destylat sosnowy Starospi\u0161sk\u00e1 Dom\u00e1ca Borovi\u010dka 43% to celebracja dziedzictwa kulturowego naszych ojc\u00f3w. <\/em><\/p>\n","protected":false},"featured_media":26056,"comment_status":"closed","ping_status":"closed","template":"","meta":{"_links_to":"","_links_to_target":""},"product_brand":[],"product_cat":[114],"product_tag":[134],"class_list":{"0":"post-27939","1":"product","2":"type-product","3":"status-publish","4":"has-post-thumbnail","6":"product_cat-starospisska-domaca-pl","7":"product_tag-starospisska-domaca-pl","9":"first","10":"instock","11":"taxable","12":"shipping-taxable","13":"purchasable","14":"product-type-simple"},"yoast_head":"<!-- This site is optimized with the Yoast SEO plugin v27.5 - https:\/\/yoast.com\/product\/yoast-seo-wordpress\/ -->\n<title>Starospi\u0161sk\u00e1 Dom\u00e1ca Borovi\u010dka 43% 0,5 L - Nestville Park<\/title>\n<meta name=\"robots\" content=\"index, follow, max-snippet:-1, max-image-preview:large, max-video-preview:-1\" \/>\n<link rel=\"canonical\" href=\"https:\/\/nestvillepark.sk\/pl\/produkt\/starospisska-domaca-borovicka-43-05-l-2\/\" \/>\n<meta property=\"og:locale\" content=\"pl_PL\" \/>\n<meta property=\"og:type\" content=\"article\" \/>\n<meta property=\"og:title\" content=\"Starospi\u0161sk\u00e1 Dom\u00e1ca Borovi\u010dka 43% 0,5 L - Nestville Park\" \/>\n<meta property=\"og:description\" content=\"Uczciwy destylat sosnowy Starospi\u0161sk\u00e1 Dom\u00e1ca Borovi\u010dka 43% to celebracja dziedzictwa kulturowego naszych ojc\u00f3w.\" \/>\n<meta property=\"og:url\" content=\"https:\/\/nestvillepark.sk\/pl\/produkt\/starospisska-domaca-borovicka-43-05-l-2\/\" \/>\n<meta property=\"og:site_name\" content=\"Nestville Park\" \/>\n<meta property=\"article:modified_time\" content=\"2024-11-26T08:01:32+00:00\" \/>\n<meta property=\"og:image\" content=\"https:\/\/nestvillepark.sk\/wp-content\/uploads\/2022\/02\/Starospis\u030cska\u0301-Doma\u0301ca-Borovic\u030cka.png\" \/>\n\t<meta property=\"og:image:width\" content=\"1000\" \/>\n\t<meta property=\"og:image:height\" content=\"1000\" \/>\n\t<meta property=\"og:image:type\" content=\"image\/png\" \/>\n<meta name=\"twitter:card\" content=\"summary_large_image\" \/>\n<meta name=\"twitter:label1\" content=\"Szacowany czas czytania\" \/>\n\t<meta name=\"twitter:data1\" content=\"1 minuta\" \/>\n<script type=\"application\/ld+json\" class=\"yoast-schema-graph\">{\"@context\":\"https:\\\/\\\/schema.org\",\"@graph\":[{\"@type\":\"WebPage\",\"@id\":\"https:\\\/\\\/nestvillepark.sk\\\/pl\\\/produkt\\\/starospisska-domaca-borovicka-43-05-l-2\\\/\",\"url\":\"https:\\\/\\\/nestvillepark.sk\\\/pl\\\/produkt\\\/starospisska-domaca-borovicka-43-05-l-2\\\/\",\"name\":\"Starospi\u0161sk\u00e1 Dom\u00e1ca Borovi\u010dka 43% 0,5 L - Nestville Park\",\"isPartOf\":{\"@id\":\"https:\\\/\\\/nestvillepark.sk\\\/#website\"},\"primaryImageOfPage\":{\"@id\":\"https:\\\/\\\/nestvillepark.sk\\\/pl\\\/produkt\\\/starospisska-domaca-borovicka-43-05-l-2\\\/#primaryimage\"},\"image\":{\"@id\":\"https:\\\/\\\/nestvillepark.sk\\\/pl\\\/produkt\\\/starospisska-domaca-borovicka-43-05-l-2\\\/#primaryimage\"},\"thumbnailUrl\":\"https:\\\/\\\/nestvillepark.sk\\\/wp-content\\\/uploads\\\/2022\\\/02\\\/Starospis\u030cska\u0301-Doma\u0301ca-Borovic\u030cka.png\",\"datePublished\":\"2022-02-16T11:58:06+00:00\",\"dateModified\":\"2024-11-26T08:01:32+00:00\",\"breadcrumb\":{\"@id\":\"https:\\\/\\\/nestvillepark.sk\\\/pl\\\/produkt\\\/starospisska-domaca-borovicka-43-05-l-2\\\/#breadcrumb\"},\"inLanguage\":\"pl-PL\",\"potentialAction\":[{\"@type\":\"ReadAction\",\"target\":[\"https:\\\/\\\/nestvillepark.sk\\\/pl\\\/produkt\\\/starospisska-domaca-borovicka-43-05-l-2\\\/\"]}]},{\"@type\":\"ImageObject\",\"inLanguage\":\"pl-PL\",\"@id\":\"https:\\\/\\\/nestvillepark.sk\\\/pl\\\/produkt\\\/starospisska-domaca-borovicka-43-05-l-2\\\/#primaryimage\",\"url\":\"https:\\\/\\\/nestvillepark.sk\\\/wp-content\\\/uploads\\\/2022\\\/02\\\/Starospis\u030cska\u0301-Doma\u0301ca-Borovic\u030cka.png\",\"contentUrl\":\"https:\\\/\\\/nestvillepark.sk\\\/wp-content\\\/uploads\\\/2022\\\/02\\\/Starospis\u030cska\u0301-Doma\u0301ca-Borovic\u030cka.png\",\"width\":1000,\"height\":1000},{\"@type\":\"BreadcrumbList\",\"@id\":\"https:\\\/\\\/nestvillepark.sk\\\/pl\\\/produkt\\\/starospisska-domaca-borovicka-43-05-l-2\\\/#breadcrumb\",\"itemListElement\":[{\"@type\":\"ListItem\",\"position\":1,\"name\":\"Domovsk\u00e1 str\u00e1nka\",\"item\":\"https:\\\/\\\/nestvillepark.sk\\\/\"},{\"@type\":\"ListItem\",\"position\":2,\"name\":\"E-shop\",\"item\":\"https:\\\/\\\/nestvillepark.sk\\\/pl\\\/e-shop\\\/\"},{\"@type\":\"ListItem\",\"position\":3,\"name\":\"Starospi\u0161sk\u00e1 Dom\u00e1ca Borovi\u010dka 43% 0,5 L\"}]},{\"@type\":\"WebSite\",\"@id\":\"https:\\\/\\\/nestvillepark.sk\\\/#website\",\"url\":\"https:\\\/\\\/nestvillepark.sk\\\/\",\"name\":\"Nestville Park\",\"description\":\"Hniezdne\",\"potentialAction\":[{\"@type\":\"SearchAction\",\"target\":{\"@type\":\"EntryPoint\",\"urlTemplate\":\"https:\\\/\\\/nestvillepark.sk\\\/?s={search_term_string}\"},\"query-input\":{\"@type\":\"PropertyValueSpecification\",\"valueRequired\":true,\"valueName\":\"search_term_string\"}}],\"inLanguage\":\"pl-PL\"}]}<\/script>\n<!-- \/ Yoast SEO plugin. -->","yoast_head_json":{"title":"Starospi\u0161sk\u00e1 Dom\u00e1ca Borovi\u010dka 43% 0,5 L - Nestville Park","robots":{"index":"index","follow":"follow","max-snippet":"max-snippet:-1","max-image-preview":"max-image-preview:large","max-video-preview":"max-video-preview:-1"},"canonical":"https:\/\/nestvillepark.sk\/pl\/produkt\/starospisska-domaca-borovicka-43-05-l-2\/","og_locale":"pl_PL","og_type":"article","og_title":"Starospi\u0161sk\u00e1 Dom\u00e1ca Borovi\u010dka 43% 0,5 L - Nestville Park","og_description":"Uczciwy destylat sosnowy Starospi\u0161sk\u00e1 Dom\u00e1ca Borovi\u010dka 43% to celebracja dziedzictwa kulturowego naszych ojc\u00f3w.","og_url":"https:\/\/nestvillepark.sk\/pl\/produkt\/starospisska-domaca-borovicka-43-05-l-2\/","og_site_name":"Nestville Park","article_modified_time":"2024-11-26T08:01:32+00:00","og_image":[{"width":1000,"height":1000,"url":"https:\/\/nestvillepark.sk\/wp-content\/uploads\/2022\/02\/Starospis\u030cska\u0301-Doma\u0301ca-Borovic\u030cka.png","type":"image\/png"}],"twitter_card":"summary_large_image","twitter_misc":{"Szacowany czas czytania":"1 minuta"},"schema":{"@context":"https:\/\/schema.org","@graph":[{"@type":"WebPage","@id":"https:\/\/nestvillepark.sk\/pl\/produkt\/starospisska-domaca-borovicka-43-05-l-2\/","url":"https:\/\/nestvillepark.sk\/pl\/produkt\/starospisska-domaca-borovicka-43-05-l-2\/","name":"Starospi\u0161sk\u00e1 Dom\u00e1ca Borovi\u010dka 43% 0,5 L - Nestville Park","isPartOf":{"@id":"https:\/\/nestvillepark.sk\/#website"},"primaryImageOfPage":{"@id":"https:\/\/nestvillepark.sk\/pl\/produkt\/starospisska-domaca-borovicka-43-05-l-2\/#primaryimage"},"image":{"@id":"https:\/\/nestvillepark.sk\/pl\/produkt\/starospisska-domaca-borovicka-43-05-l-2\/#primaryimage"},"thumbnailUrl":"https:\/\/nestvillepark.sk\/wp-content\/uploads\/2022\/02\/Starospis\u030cska\u0301-Doma\u0301ca-Borovic\u030cka.png","datePublished":"2022-02-16T11:58:06+00:00","dateModified":"2024-11-26T08:01:32+00:00","breadcrumb":{"@id":"https:\/\/nestvillepark.sk\/pl\/produkt\/starospisska-domaca-borovicka-43-05-l-2\/#breadcrumb"},"inLanguage":"pl-PL","potentialAction":[{"@type":"ReadAction","target":["https:\/\/nestvillepark.sk\/pl\/produkt\/starospisska-domaca-borovicka-43-05-l-2\/"]}]},{"@type":"ImageObject","inLanguage":"pl-PL","@id":"https:\/\/nestvillepark.sk\/pl\/produkt\/starospisska-domaca-borovicka-43-05-l-2\/#primaryimage","url":"https:\/\/nestvillepark.sk\/wp-content\/uploads\/2022\/02\/Starospis\u030cska\u0301-Doma\u0301ca-Borovic\u030cka.png","contentUrl":"https:\/\/nestvillepark.sk\/wp-content\/uploads\/2022\/02\/Starospis\u030cska\u0301-Doma\u0301ca-Borovic\u030cka.png","width":1000,"height":1000},{"@type":"BreadcrumbList","@id":"https:\/\/nestvillepark.sk\/pl\/produkt\/starospisska-domaca-borovicka-43-05-l-2\/#breadcrumb","itemListElement":[{"@type":"ListItem","position":1,"name":"Domovsk\u00e1 str\u00e1nka","item":"https:\/\/nestvillepark.sk\/"},{"@type":"ListItem","position":2,"name":"E-shop","item":"https:\/\/nestvillepark.sk\/pl\/e-shop\/"},{"@type":"ListItem","position":3,"name":"Starospi\u0161sk\u00e1 Dom\u00e1ca Borovi\u010dka 43% 0,5 L"}]},{"@type":"WebSite","@id":"https:\/\/nestvillepark.sk\/#website","url":"https:\/\/nestvillepark.sk\/","name":"Nestville Park","description":"Hniezdne","potentialAction":[{"@type":"SearchAction","target":{"@type":"EntryPoint","urlTemplate":"https:\/\/nestvillepark.sk\/?s={search_term_string}"},"query-input":{"@type":"PropertyValueSpecification","valueRequired":true,"valueName":"search_term_string"}}],"inLanguage":"pl-PL"}]}},"_links":{"self":[{"href":"https:\/\/nestvillepark.sk\/pl\/wp-json\/wp\/v2\/product\/27939","targetHints":{"allow":["GET"]}}],"collection":[{"href":"https:\/\/nestvillepark.sk\/pl\/wp-json\/wp\/v2\/product"}],"about":[{"href":"https:\/\/nestvillepark.sk\/pl\/wp-json\/wp\/v2\/types\/product"}],"replies":[{"embeddable":true,"href":"https:\/\/nestvillepark.sk\/pl\/wp-json\/wp\/v2\/comments?post=27939"}],"wp:featuredmedia":[{"embeddable":true,"href":"https:\/\/nestvillepark.sk\/pl\/wp-json\/wp\/v2\/media\/26056"}],"wp:attachment":[{"href":"https:\/\/nestvillepark.sk\/pl\/wp-json\/wp\/v2\/media?parent=27939"}],"wp:term":[{"taxonomy":"product_brand","embeddable":true,"href":"https:\/\/nestvillepark.sk\/pl\/wp-json\/wp\/v2\/product_brand?post=27939"},{"taxonomy":"product_cat","embeddable":true,"href":"https:\/\/nestvillepark.sk\/pl\/wp-json\/wp\/v2\/product_cat?post=27939"},{"taxonomy":"product_tag","embeddable":true,"href":"https:\/\/nestvillepark.sk\/pl\/wp-json\/wp\/v2\/product_tag?post=27939"}],"curies":[{"name":"wp","href":"https:\/\/api.w.org\/{rel}","templated":true}]}}