{"id":27936,"date":"2022-02-16T12:58:06","date_gmt":"2022-02-16T11:58:06","guid":{"rendered":"https:\/\/nestvillepark.sk\/produkt\/starospisska-domaca-vodka-40-05l\/"},"modified":"2022-02-16T12:58:06","modified_gmt":"2022-02-16T11:58:06","slug":"starospisska-domaca-vodka-40-05-l-2","status":"publish","type":"product","link":"https:\/\/nestvillepark.sk\/pl\/produkt\/starospisska-domaca-vodka-40-05-l-2\/","title":{"rendered":"Starospi\u0161sk\u00e1 Dom\u00e1ca Vodka 40% 0,5L"},"content":{"rendered":"<p style=\"text-align: center;\">Odkryj krystalicznie czysty smak domowej w\u00f3dki Starospi\u0161sk\u00e1 ze z\u0142otym akcentem, uzyskanym przez le\u017cakowanie w d\u0119bowych beczkach po whisky Nestville. To autentyczne dziedzictwo kulturowe naszych przodk\u00f3w, kt\u00f3rzy opanowali rzemios\u0142o gorzelnictwa na d\u0142ugo przed 1756 rokiem, kiedy to spisano pierwsze oryginalne receptury, zachowane do dzi\u015b. Ich wytrwa\u0142a praca i codzienne ci\u0119\u017ckie wysi\u0142ki na zawsze pozostan\u0105 w naszej pami\u0119ci.<\/p>\n<p style=\"text-align: center;\">Wznie\u015bcie swoje kieliszki i wznie\u015bcie toast za dziedzictwo naszych ojc\u00f3w!<\/p>\n<p style=\"text-align: center;\">\n","protected":false},"excerpt":{"rendered":"<p style=\"text-align: center;\"><em>W\u00f3dka Starospi\u0161sk\u00e1 Dom\u00e1ca 40% to autentyczne dziedzictwo kulturowe zachowane po naszych dziadkach. <\/em><\/p>\n","protected":false},"featured_media":26062,"comment_status":"closed","ping_status":"closed","template":"","meta":{"_links_to":"","_links_to_target":""},"product_brand":[],"product_cat":[114],"product_tag":[134],"class_list":{"0":"post-27936","1":"product","2":"type-product","3":"status-publish","4":"has-post-thumbnail","6":"product_cat-starospisska-domaca-pl","7":"product_tag-starospisska-domaca-pl","9":"first","10":"instock","11":"taxable","12":"shipping-taxable","13":"purchasable","14":"product-type-simple"},"yoast_head":"<!-- This site is optimized with the Yoast SEO plugin v27.5 - https:\/\/yoast.com\/product\/yoast-seo-wordpress\/ -->\n<title>Starospi\u0161sk\u00e1 Dom\u00e1ca Vodka 40% 0,5L - Nestville Park<\/title>\n<meta name=\"robots\" content=\"index, follow, max-snippet:-1, max-image-preview:large, max-video-preview:-1\" \/>\n<link rel=\"canonical\" href=\"https:\/\/nestvillepark.sk\/produkt\/starospisska-domaca-vodka-40-05l\/\" \/>\n<meta property=\"og:locale\" content=\"pl_PL\" \/>\n<meta property=\"og:type\" content=\"article\" \/>\n<meta property=\"og:title\" content=\"Starospi\u0161sk\u00e1 Dom\u00e1ca Vodka 40% 0,5L - Nestville Park\" \/>\n<meta property=\"og:description\" content=\"W\u00f3dka Starospi\u0161sk\u00e1 Dom\u00e1ca 40% to autentyczne dziedzictwo kulturowe zachowane po naszych dziadkach.\" \/>\n<meta property=\"og:url\" content=\"https:\/\/nestvillepark.sk\/produkt\/starospisska-domaca-vodka-40-05l\/\" \/>\n<meta property=\"og:site_name\" content=\"Nestville Park\" \/>\n<meta name=\"twitter:card\" content=\"summary_large_image\" \/>\n<script type=\"application\/ld+json\" class=\"yoast-schema-graph\">{\"@context\":\"https:\\\/\\\/schema.org\",\"@graph\":[{\"@type\":\"WebPage\",\"@id\":\"https:\\\/\\\/nestvillepark.sk\\\/produkt\\\/starospisska-domaca-vodka-40-05l\\\/\",\"url\":\"https:\\\/\\\/nestvillepark.sk\\\/produkt\\\/starospisska-domaca-vodka-40-05l\\\/\",\"name\":\"Starospi\u0161sk\u00e1 Dom\u00e1ca Vodka 40% 0,5L - Nestville Park\",\"isPartOf\":{\"@id\":\"https:\\\/\\\/nestvillepark.sk\\\/#website\"},\"primaryImageOfPage\":{\"@id\":\"https:\\\/\\\/nestvillepark.sk\\\/produkt\\\/starospisska-domaca-vodka-40-05l\\\/#primaryimage\"},\"image\":{\"@id\":\"https:\\\/\\\/nestvillepark.sk\\\/produkt\\\/starospisska-domaca-vodka-40-05l\\\/#primaryimage\"},\"thumbnailUrl\":\"https:\\\/\\\/nestvillepark.sk\\\/wp-content\\\/uploads\\\/2022\\\/02\\\/Starospis\u030cska\u0301-Doma\u0301ca-Vodka.png\",\"datePublished\":\"2022-02-16T11:58:06+00:00\",\"breadcrumb\":{\"@id\":\"https:\\\/\\\/nestvillepark.sk\\\/produkt\\\/starospisska-domaca-vodka-40-05l\\\/#breadcrumb\"},\"inLanguage\":\"pl-PL\",\"potentialAction\":[{\"@type\":\"ReadAction\",\"target\":[\"https:\\\/\\\/nestvillepark.sk\\\/produkt\\\/starospisska-domaca-vodka-40-05l\\\/\"]}]},{\"@type\":\"ImageObject\",\"inLanguage\":\"pl-PL\",\"@id\":\"https:\\\/\\\/nestvillepark.sk\\\/produkt\\\/starospisska-domaca-vodka-40-05l\\\/#primaryimage\",\"url\":\"https:\\\/\\\/nestvillepark.sk\\\/wp-content\\\/uploads\\\/2022\\\/02\\\/Starospis\u030cska\u0301-Doma\u0301ca-Vodka.png\",\"contentUrl\":\"https:\\\/\\\/nestvillepark.sk\\\/wp-content\\\/uploads\\\/2022\\\/02\\\/Starospis\u030cska\u0301-Doma\u0301ca-Vodka.png\",\"width\":1000,\"height\":1000},{\"@type\":\"BreadcrumbList\",\"@id\":\"https:\\\/\\\/nestvillepark.sk\\\/produkt\\\/starospisska-domaca-vodka-40-05l\\\/#breadcrumb\",\"itemListElement\":[{\"@type\":\"ListItem\",\"position\":1,\"name\":\"Domovsk\u00e1 str\u00e1nka\",\"item\":\"https:\\\/\\\/nestvillepark.sk\\\/\"},{\"@type\":\"ListItem\",\"position\":2,\"name\":\"E-shop\",\"item\":\"https:\\\/\\\/nestvillepark.sk\\\/pl\\\/e-shop\\\/\"},{\"@type\":\"ListItem\",\"position\":3,\"name\":\"Starospi\u0161sk\u00e1 Dom\u00e1ca Vodka 40% 0,5L\"}]},{\"@type\":\"WebSite\",\"@id\":\"https:\\\/\\\/nestvillepark.sk\\\/#website\",\"url\":\"https:\\\/\\\/nestvillepark.sk\\\/\",\"name\":\"Nestville Park\",\"description\":\"Hniezdne\",\"potentialAction\":[{\"@type\":\"SearchAction\",\"target\":{\"@type\":\"EntryPoint\",\"urlTemplate\":\"https:\\\/\\\/nestvillepark.sk\\\/?s={search_term_string}\"},\"query-input\":{\"@type\":\"PropertyValueSpecification\",\"valueRequired\":true,\"valueName\":\"search_term_string\"}}],\"inLanguage\":\"pl-PL\"}]}<\/script>\n<!-- \/ Yoast SEO plugin. -->","yoast_head_json":{"title":"Starospi\u0161sk\u00e1 Dom\u00e1ca Vodka 40% 0,5L - Nestville Park","robots":{"index":"index","follow":"follow","max-snippet":"max-snippet:-1","max-image-preview":"max-image-preview:large","max-video-preview":"max-video-preview:-1"},"canonical":"https:\/\/nestvillepark.sk\/produkt\/starospisska-domaca-vodka-40-05l\/","og_locale":"pl_PL","og_type":"article","og_title":"Starospi\u0161sk\u00e1 Dom\u00e1ca Vodka 40% 0,5L - Nestville Park","og_description":"W\u00f3dka Starospi\u0161sk\u00e1 Dom\u00e1ca 40% to autentyczne dziedzictwo kulturowe zachowane po naszych dziadkach.","og_url":"https:\/\/nestvillepark.sk\/produkt\/starospisska-domaca-vodka-40-05l\/","og_site_name":"Nestville Park","twitter_card":"summary_large_image","schema":{"@context":"https:\/\/schema.org","@graph":[{"@type":"WebPage","@id":"https:\/\/nestvillepark.sk\/produkt\/starospisska-domaca-vodka-40-05l\/","url":"https:\/\/nestvillepark.sk\/produkt\/starospisska-domaca-vodka-40-05l\/","name":"Starospi\u0161sk\u00e1 Dom\u00e1ca Vodka 40% 0,5L - Nestville Park","isPartOf":{"@id":"https:\/\/nestvillepark.sk\/#website"},"primaryImageOfPage":{"@id":"https:\/\/nestvillepark.sk\/produkt\/starospisska-domaca-vodka-40-05l\/#primaryimage"},"image":{"@id":"https:\/\/nestvillepark.sk\/produkt\/starospisska-domaca-vodka-40-05l\/#primaryimage"},"thumbnailUrl":"https:\/\/nestvillepark.sk\/wp-content\/uploads\/2022\/02\/Starospis\u030cska\u0301-Doma\u0301ca-Vodka.png","datePublished":"2022-02-16T11:58:06+00:00","breadcrumb":{"@id":"https:\/\/nestvillepark.sk\/produkt\/starospisska-domaca-vodka-40-05l\/#breadcrumb"},"inLanguage":"pl-PL","potentialAction":[{"@type":"ReadAction","target":["https:\/\/nestvillepark.sk\/produkt\/starospisska-domaca-vodka-40-05l\/"]}]},{"@type":"ImageObject","inLanguage":"pl-PL","@id":"https:\/\/nestvillepark.sk\/produkt\/starospisska-domaca-vodka-40-05l\/#primaryimage","url":"https:\/\/nestvillepark.sk\/wp-content\/uploads\/2022\/02\/Starospis\u030cska\u0301-Doma\u0301ca-Vodka.png","contentUrl":"https:\/\/nestvillepark.sk\/wp-content\/uploads\/2022\/02\/Starospis\u030cska\u0301-Doma\u0301ca-Vodka.png","width":1000,"height":1000},{"@type":"BreadcrumbList","@id":"https:\/\/nestvillepark.sk\/produkt\/starospisska-domaca-vodka-40-05l\/#breadcrumb","itemListElement":[{"@type":"ListItem","position":1,"name":"Domovsk\u00e1 str\u00e1nka","item":"https:\/\/nestvillepark.sk\/"},{"@type":"ListItem","position":2,"name":"E-shop","item":"https:\/\/nestvillepark.sk\/pl\/e-shop\/"},{"@type":"ListItem","position":3,"name":"Starospi\u0161sk\u00e1 Dom\u00e1ca Vodka 40% 0,5L"}]},{"@type":"WebSite","@id":"https:\/\/nestvillepark.sk\/#website","url":"https:\/\/nestvillepark.sk\/","name":"Nestville Park","description":"Hniezdne","potentialAction":[{"@type":"SearchAction","target":{"@type":"EntryPoint","urlTemplate":"https:\/\/nestvillepark.sk\/?s={search_term_string}"},"query-input":{"@type":"PropertyValueSpecification","valueRequired":true,"valueName":"search_term_string"}}],"inLanguage":"pl-PL"}]}},"_links":{"self":[{"href":"https:\/\/nestvillepark.sk\/pl\/wp-json\/wp\/v2\/product\/27936","targetHints":{"allow":["GET"]}}],"collection":[{"href":"https:\/\/nestvillepark.sk\/pl\/wp-json\/wp\/v2\/product"}],"about":[{"href":"https:\/\/nestvillepark.sk\/pl\/wp-json\/wp\/v2\/types\/product"}],"replies":[{"embeddable":true,"href":"https:\/\/nestvillepark.sk\/pl\/wp-json\/wp\/v2\/comments?post=27936"}],"wp:featuredmedia":[{"embeddable":true,"href":"https:\/\/nestvillepark.sk\/pl\/wp-json\/wp\/v2\/media\/26062"}],"wp:attachment":[{"href":"https:\/\/nestvillepark.sk\/pl\/wp-json\/wp\/v2\/media?parent=27936"}],"wp:term":[{"taxonomy":"product_brand","embeddable":true,"href":"https:\/\/nestvillepark.sk\/pl\/wp-json\/wp\/v2\/product_brand?post=27936"},{"taxonomy":"product_cat","embeddable":true,"href":"https:\/\/nestvillepark.sk\/pl\/wp-json\/wp\/v2\/product_cat?post=27936"},{"taxonomy":"product_tag","embeddable":true,"href":"https:\/\/nestvillepark.sk\/pl\/wp-json\/wp\/v2\/product_tag?post=27936"}],"curies":[{"name":"wp","href":"https:\/\/api.w.org\/{rel}","templated":true}]}}