{"id":27930,"date":"2022-02-16T12:55:19","date_gmt":"2022-02-16T11:55:19","guid":{"rendered":"https:\/\/nestvillepark.sk\/produkt\/tatra-balsam-special-52-52-07-l-w-butelce-ceramicznej-z-2-kieliszkami\/"},"modified":"2022-02-16T12:55:19","modified_gmt":"2022-02-16T11:55:19","slug":"tatra-balsam-special-52-52-07-l-v-keramickej-flasi-s-2-poharikmi-2","status":"publish","type":"product","link":"https:\/\/nestvillepark.sk\/pl\/produkt\/tatra-balsam-special-52-52-07-l-v-keramickej-flasi-s-2-poharikmi-2\/","title":{"rendered":"Tatra Balsam Special 52, 52% 0,7 L w butelce ceramicznej z 2 kieliszkami"},"content":{"rendered":"<p style=\"text-align: center;\">Opakowanie prezentowe wyj\u0105tkowego likieru zio\u0142owego Tatra Balsam Special 52% w butelce ceramicznej z dwoma kieliszkami, wykonanego wed\u0142ug tradycyjnych receptur pochodz\u0105cych z regionu tatrza\u0144skiego. Bazuje na ekstraktach z zi\u00f3\u0142 g\u00f3rskich w kompozycji z limonk\u0105, cynamonem, wanili\u0105, kwiatem pomara\u0144czy i miodem.<\/p>\n<p style=\"text-align: center;\">Likier dojrzewa w specjalnych zbiornikach przez dwa miesi\u0105ce, dzi\u0119ki czemu uzyskuje si\u0119 delikatno\u015b\u0107 i harmoni\u0119 smaku, aromatu i koloru. Tatra Balsam Special 52% pie\u015bci ka\u017cd\u0105 dusz\u0119 i wznosi zmys\u0142y na tatrza\u0144skie wy\u017cyny!<\/p>\n<p style=\"text-align: center;\"><em>Alkohol: 52%<\/em><\/p>\n<p>&nbsp;<\/p>\n<p>&nbsp;<\/p>\n<p>&nbsp;<\/p>\n<p>&nbsp;<\/p>\n","protected":false},"excerpt":{"rendered":"<p style=\"text-align: center;\"><em>Opakowanie prezentowe wyj\u0105tkowego likieru zio\u0142owego Tatra Balsam Special 52% w butelce ceramicznej z dwoma kieliszkami, wykonanego wed\u0142ug tradycyjnych receptur pochodz\u0105cych z regionu tatrza\u0144skiego.<\/em><\/p>\n","protected":false},"featured_media":26048,"comment_status":"closed","ping_status":"closed","template":"","meta":{"_links_to":"","_links_to_target":""},"product_brand":[],"product_cat":[116],"product_tag":[135],"class_list":{"0":"post-27930","1":"product","2":"type-product","3":"status-publish","4":"has-post-thumbnail","6":"product_cat-tatra-balsam-pl","7":"product_tag-tatra-balsam-pl","9":"first","10":"instock","11":"featured","12":"taxable","13":"shipping-taxable","14":"purchasable","15":"product-type-simple"},"yoast_head":"<!-- This site is optimized with the Yoast SEO plugin v27.4 - https:\/\/yoast.com\/product\/yoast-seo-wordpress\/ -->\n<title>Tatra Balsam Special 52, 52% 0,7 L w butelce ceramicznej z 2 kieliszkami - Nestville Park<\/title>\n<meta name=\"robots\" content=\"index, follow, max-snippet:-1, max-image-preview:large, max-video-preview:-1\" \/>\n<link rel=\"canonical\" href=\"https:\/\/nestvillepark.sk\/produkt\/tatra-balsam-special-52-52-07-l-w-butelce-ceramicznej-z-2-kieliszkami\/\" \/>\n<meta property=\"og:locale\" content=\"pl_PL\" \/>\n<meta property=\"og:type\" content=\"article\" \/>\n<meta property=\"og:title\" content=\"Tatra Balsam Special 52, 52% 0,7 L w butelce ceramicznej z 2 kieliszkami - Nestville Park\" \/>\n<meta property=\"og:description\" content=\"Opakowanie prezentowe wyj\u0105tkowego likieru zio\u0142owego Tatra Balsam Special 52% w butelce ceramicznej z dwoma kieliszkami, wykonanego wed\u0142ug tradycyjnych receptur pochodz\u0105cych z regionu tatrza\u0144skiego.\" \/>\n<meta property=\"og:url\" content=\"https:\/\/nestvillepark.sk\/produkt\/tatra-balsam-special-52-52-07-l-w-butelce-ceramicznej-z-2-kieliszkami\/\" \/>\n<meta property=\"og:site_name\" content=\"Nestville Park\" \/>\n<meta name=\"twitter:card\" content=\"summary_large_image\" \/>\n<script type=\"application\/ld+json\" class=\"yoast-schema-graph\">{\"@context\":\"https:\\\/\\\/schema.org\",\"@graph\":[{\"@type\":\"WebPage\",\"@id\":\"https:\\\/\\\/nestvillepark.sk\\\/produkt\\\/tatra-balsam-special-52-52-07-l-w-butelce-ceramicznej-z-2-kieliszkami\\\/\",\"url\":\"https:\\\/\\\/nestvillepark.sk\\\/produkt\\\/tatra-balsam-special-52-52-07-l-w-butelce-ceramicznej-z-2-kieliszkami\\\/\",\"name\":\"Tatra Balsam Special 52, 52% 0,7 L w butelce ceramicznej z 2 kieliszkami - Nestville Park\",\"isPartOf\":{\"@id\":\"https:\\\/\\\/nestvillepark.sk\\\/#website\"},\"primaryImageOfPage\":{\"@id\":\"https:\\\/\\\/nestvillepark.sk\\\/produkt\\\/tatra-balsam-special-52-52-07-l-w-butelce-ceramicznej-z-2-kieliszkami\\\/#primaryimage\"},\"image\":{\"@id\":\"https:\\\/\\\/nestvillepark.sk\\\/produkt\\\/tatra-balsam-special-52-52-07-l-w-butelce-ceramicznej-z-2-kieliszkami\\\/#primaryimage\"},\"thumbnailUrl\":\"https:\\\/\\\/nestvillepark.sk\\\/wp-content\\\/uploads\\\/2022\\\/02\\\/Tatra-Balsam-Keramika-52_DK.png\",\"datePublished\":\"2022-02-16T11:55:19+00:00\",\"breadcrumb\":{\"@id\":\"https:\\\/\\\/nestvillepark.sk\\\/produkt\\\/tatra-balsam-special-52-52-07-l-w-butelce-ceramicznej-z-2-kieliszkami\\\/#breadcrumb\"},\"inLanguage\":\"pl-PL\",\"potentialAction\":[{\"@type\":\"ReadAction\",\"target\":[\"https:\\\/\\\/nestvillepark.sk\\\/produkt\\\/tatra-balsam-special-52-52-07-l-w-butelce-ceramicznej-z-2-kieliszkami\\\/\"]}]},{\"@type\":\"ImageObject\",\"inLanguage\":\"pl-PL\",\"@id\":\"https:\\\/\\\/nestvillepark.sk\\\/produkt\\\/tatra-balsam-special-52-52-07-l-w-butelce-ceramicznej-z-2-kieliszkami\\\/#primaryimage\",\"url\":\"https:\\\/\\\/nestvillepark.sk\\\/wp-content\\\/uploads\\\/2022\\\/02\\\/Tatra-Balsam-Keramika-52_DK.png\",\"contentUrl\":\"https:\\\/\\\/nestvillepark.sk\\\/wp-content\\\/uploads\\\/2022\\\/02\\\/Tatra-Balsam-Keramika-52_DK.png\",\"width\":1000,\"height\":1000},{\"@type\":\"BreadcrumbList\",\"@id\":\"https:\\\/\\\/nestvillepark.sk\\\/produkt\\\/tatra-balsam-special-52-52-07-l-w-butelce-ceramicznej-z-2-kieliszkami\\\/#breadcrumb\",\"itemListElement\":[{\"@type\":\"ListItem\",\"position\":1,\"name\":\"Domovsk\u00e1 str\u00e1nka\",\"item\":\"https:\\\/\\\/nestvillepark.sk\\\/\"},{\"@type\":\"ListItem\",\"position\":2,\"name\":\"E-shop\",\"item\":\"https:\\\/\\\/nestvillepark.sk\\\/pl\\\/e-shop\\\/\"},{\"@type\":\"ListItem\",\"position\":3,\"name\":\"Tatra Balsam Special 52, 52% 0,7 L w butelce ceramicznej z 2 kieliszkami\"}]},{\"@type\":\"WebSite\",\"@id\":\"https:\\\/\\\/nestvillepark.sk\\\/#website\",\"url\":\"https:\\\/\\\/nestvillepark.sk\\\/\",\"name\":\"Nestville Park\",\"description\":\"Hniezdne\",\"potentialAction\":[{\"@type\":\"SearchAction\",\"target\":{\"@type\":\"EntryPoint\",\"urlTemplate\":\"https:\\\/\\\/nestvillepark.sk\\\/?s={search_term_string}\"},\"query-input\":{\"@type\":\"PropertyValueSpecification\",\"valueRequired\":true,\"valueName\":\"search_term_string\"}}],\"inLanguage\":\"pl-PL\"}]}<\/script>\n<!-- \/ Yoast SEO plugin. -->","yoast_head_json":{"title":"Tatra Balsam Special 52, 52% 0,7 L w butelce ceramicznej z 2 kieliszkami - Nestville Park","robots":{"index":"index","follow":"follow","max-snippet":"max-snippet:-1","max-image-preview":"max-image-preview:large","max-video-preview":"max-video-preview:-1"},"canonical":"https:\/\/nestvillepark.sk\/produkt\/tatra-balsam-special-52-52-07-l-w-butelce-ceramicznej-z-2-kieliszkami\/","og_locale":"pl_PL","og_type":"article","og_title":"Tatra Balsam Special 52, 52% 0,7 L w butelce ceramicznej z 2 kieliszkami - Nestville Park","og_description":"Opakowanie prezentowe wyj\u0105tkowego likieru zio\u0142owego Tatra Balsam Special 52% w butelce ceramicznej z dwoma kieliszkami, wykonanego wed\u0142ug tradycyjnych receptur pochodz\u0105cych z regionu tatrza\u0144skiego.","og_url":"https:\/\/nestvillepark.sk\/produkt\/tatra-balsam-special-52-52-07-l-w-butelce-ceramicznej-z-2-kieliszkami\/","og_site_name":"Nestville Park","twitter_card":"summary_large_image","schema":{"@context":"https:\/\/schema.org","@graph":[{"@type":"WebPage","@id":"https:\/\/nestvillepark.sk\/produkt\/tatra-balsam-special-52-52-07-l-w-butelce-ceramicznej-z-2-kieliszkami\/","url":"https:\/\/nestvillepark.sk\/produkt\/tatra-balsam-special-52-52-07-l-w-butelce-ceramicznej-z-2-kieliszkami\/","name":"Tatra Balsam Special 52, 52% 0,7 L w butelce ceramicznej z 2 kieliszkami - Nestville Park","isPartOf":{"@id":"https:\/\/nestvillepark.sk\/#website"},"primaryImageOfPage":{"@id":"https:\/\/nestvillepark.sk\/produkt\/tatra-balsam-special-52-52-07-l-w-butelce-ceramicznej-z-2-kieliszkami\/#primaryimage"},"image":{"@id":"https:\/\/nestvillepark.sk\/produkt\/tatra-balsam-special-52-52-07-l-w-butelce-ceramicznej-z-2-kieliszkami\/#primaryimage"},"thumbnailUrl":"https:\/\/nestvillepark.sk\/wp-content\/uploads\/2022\/02\/Tatra-Balsam-Keramika-52_DK.png","datePublished":"2022-02-16T11:55:19+00:00","breadcrumb":{"@id":"https:\/\/nestvillepark.sk\/produkt\/tatra-balsam-special-52-52-07-l-w-butelce-ceramicznej-z-2-kieliszkami\/#breadcrumb"},"inLanguage":"pl-PL","potentialAction":[{"@type":"ReadAction","target":["https:\/\/nestvillepark.sk\/produkt\/tatra-balsam-special-52-52-07-l-w-butelce-ceramicznej-z-2-kieliszkami\/"]}]},{"@type":"ImageObject","inLanguage":"pl-PL","@id":"https:\/\/nestvillepark.sk\/produkt\/tatra-balsam-special-52-52-07-l-w-butelce-ceramicznej-z-2-kieliszkami\/#primaryimage","url":"https:\/\/nestvillepark.sk\/wp-content\/uploads\/2022\/02\/Tatra-Balsam-Keramika-52_DK.png","contentUrl":"https:\/\/nestvillepark.sk\/wp-content\/uploads\/2022\/02\/Tatra-Balsam-Keramika-52_DK.png","width":1000,"height":1000},{"@type":"BreadcrumbList","@id":"https:\/\/nestvillepark.sk\/produkt\/tatra-balsam-special-52-52-07-l-w-butelce-ceramicznej-z-2-kieliszkami\/#breadcrumb","itemListElement":[{"@type":"ListItem","position":1,"name":"Domovsk\u00e1 str\u00e1nka","item":"https:\/\/nestvillepark.sk\/"},{"@type":"ListItem","position":2,"name":"E-shop","item":"https:\/\/nestvillepark.sk\/pl\/e-shop\/"},{"@type":"ListItem","position":3,"name":"Tatra Balsam Special 52, 52% 0,7 L w butelce ceramicznej z 2 kieliszkami"}]},{"@type":"WebSite","@id":"https:\/\/nestvillepark.sk\/#website","url":"https:\/\/nestvillepark.sk\/","name":"Nestville Park","description":"Hniezdne","potentialAction":[{"@type":"SearchAction","target":{"@type":"EntryPoint","urlTemplate":"https:\/\/nestvillepark.sk\/?s={search_term_string}"},"query-input":{"@type":"PropertyValueSpecification","valueRequired":true,"valueName":"search_term_string"}}],"inLanguage":"pl-PL"}]}},"_links":{"self":[{"href":"https:\/\/nestvillepark.sk\/pl\/wp-json\/wp\/v2\/product\/27930","targetHints":{"allow":["GET"]}}],"collection":[{"href":"https:\/\/nestvillepark.sk\/pl\/wp-json\/wp\/v2\/product"}],"about":[{"href":"https:\/\/nestvillepark.sk\/pl\/wp-json\/wp\/v2\/types\/product"}],"replies":[{"embeddable":true,"href":"https:\/\/nestvillepark.sk\/pl\/wp-json\/wp\/v2\/comments?post=27930"}],"wp:featuredmedia":[{"embeddable":true,"href":"https:\/\/nestvillepark.sk\/pl\/wp-json\/wp\/v2\/media\/26048"}],"wp:attachment":[{"href":"https:\/\/nestvillepark.sk\/pl\/wp-json\/wp\/v2\/media?parent=27930"}],"wp:term":[{"taxonomy":"product_brand","embeddable":true,"href":"https:\/\/nestvillepark.sk\/pl\/wp-json\/wp\/v2\/product_brand?post=27930"},{"taxonomy":"product_cat","embeddable":true,"href":"https:\/\/nestvillepark.sk\/pl\/wp-json\/wp\/v2\/product_cat?post=27930"},{"taxonomy":"product_tag","embeddable":true,"href":"https:\/\/nestvillepark.sk\/pl\/wp-json\/wp\/v2\/product_tag?post=27930"}],"curies":[{"name":"wp","href":"https:\/\/api.w.org\/{rel}","templated":true}]}}