{"id":27876,"date":"2022-02-16T12:50:23","date_gmt":"2022-02-16T11:50:23","guid":{"rendered":"https:\/\/nestvillepark.sk\/produkt\/nestville-cherry-liqueur-35\/"},"modified":"2026-04-23T15:37:36","modified_gmt":"2026-04-23T13:37:36","slug":"nestville-cherry-liqueur-35-2","status":"publish","type":"product","link":"https:\/\/nestvillepark.sk\/pl\/produkt\/nestville-cherry-liqueur-35-2\/","title":{"rendered":"Nestville Cherry Liqueur 35%"},"content":{"rendered":"<p style=\"text-align: center;\">Podstaw\u0105 Nestville Cherry Liqueur jest destylat whisky, kt\u00f3ry powstaje z wyselekcjonowanych rodzaj\u00f3w s\u0142odu i zb\u00f3\u017c. Destylat powstaje w procesie destylacji kolumnowej, a p\u00f3\u017aniejsze le\u017cakowanie w wypalanych d\u0119bowych beczkach nadaje mu wyrazisty smak i aromat. Nestville Cherry Liqueur kryje w sobie naturalny aromat czarnej wi\u015bni, uzyskany w bardzo delikatny spos\u00f3b.<\/p>\n<p style=\"text-align: center;\">Wyj\u0105tkowo\u015b\u0107 Nestville Cherry Liqueur polega na po\u0142\u0105czeniu smaku czarnej wi\u015bni i wody pozyskiwanej z podziemnych \u017ar\u00f3de\u0142, wywodz\u0105cej si\u0119 z magicznej przyrody Tatr. Nadaje si\u0119 jako aperitif na \u015bwi\u0105teczny st\u00f3\u0142.<\/p>\n<h3 style=\"text-align: center;\"><strong>Nagrody<\/strong><\/h3>\n<p style=\"text-align: center;\"><img decoding=\"async\" class=\"alignnone wp-image-24567\" src=\"https:\/\/nestvillepark.sk\/wp-content\/uploads\/2022\/02\/znacka_kvality.png\" alt=\"\" width=\"111\" height=\"111\" srcset=\"https:\/\/nestvillepark.sk\/wp-content\/uploads\/2022\/02\/znacka_kvality.png 500w, https:\/\/nestvillepark.sk\/wp-content\/uploads\/2022\/02\/znacka_kvality-100x100.png 100w, https:\/\/nestvillepark.sk\/wp-content\/uploads\/2022\/02\/znacka_kvality-64x64.png 64w\" sizes=\"(max-width: 111px) 100vw, 111px\" \/><\/p>\n","protected":false},"excerpt":{"rendered":"<p style=\"text-align: center;\"><i><br \/>\n<\/i><em><strong>Aromat<br \/>\n<\/strong>wyra\u017any s\u0142odkawy aromat czarnych wi\u015bni z nut\u0105 wanilii i d\u0119bowym finiszem.<\/em><\/p>\n<p><em><strong>Smak<br \/>\n<\/strong>\u015bwie\u017cy i s\u0142odki, intensywny smak czarnych wi\u015bni z delikatn\u0105 nut\u0105 wanilii i drewna w tle.<\/em><\/p>\n<p style=\"text-align: center;\"><em><strong>Finisz<br \/>\n<\/strong>s\u0142odki wi\u015bniowy i lekko korzenny.<\/em><\/p>\n<p style=\"text-align: center;\">\n","protected":false},"featured_media":26041,"comment_status":"closed","ping_status":"closed","template":"","meta":{"_links_to":"","_links_to_target":""},"product_brand":[],"product_cat":[95],"product_tag":[131],"class_list":{"0":"post-27876","1":"product","2":"type-product","3":"status-publish","4":"has-post-thumbnail","6":"product_cat-nestville-whisky-pl","7":"product_tag-nestville-whisky-pl","9":"first","10":"instock","11":"taxable","12":"shipping-taxable","13":"purchasable","14":"product-type-variable"},"yoast_head":"<!-- This site is optimized with the Yoast SEO plugin v27.5 - https:\/\/yoast.com\/product\/yoast-seo-wordpress\/ -->\n<title>Nestville Cherry Liqueur 35% - Nestville Park<\/title>\n<meta name=\"robots\" content=\"index, follow, max-snippet:-1, max-image-preview:large, max-video-preview:-1\" \/>\n<link rel=\"canonical\" href=\"https:\/\/nestvillepark.sk\/pl\/produkt\/nestville-cherry-liqueur-35-2\/\" \/>\n<meta property=\"og:locale\" content=\"pl_PL\" \/>\n<meta property=\"og:type\" content=\"article\" \/>\n<meta property=\"og:title\" content=\"Nestville Cherry Liqueur 35% - Nestville Park\" \/>\n<meta property=\"og:description\" content=\"Aromat wyra\u017any s\u0142odkawy aromat czarnych wi\u015bni z nut\u0105 wanilii i d\u0119bowym finiszem.  Smak \u015bwie\u017cy i s\u0142odki, intensywny smak czarnych wi\u015bni z delikatn\u0105 nut\u0105 wanilii i drewna w tle. Finisz s\u0142odki wi\u015bniowy i lekko korzenny.\" \/>\n<meta property=\"og:url\" content=\"https:\/\/nestvillepark.sk\/pl\/produkt\/nestville-cherry-liqueur-35-2\/\" \/>\n<meta property=\"og:site_name\" content=\"Nestville Park\" \/>\n<meta property=\"article:modified_time\" content=\"2026-04-23T13:37:36+00:00\" \/>\n<meta property=\"og:image\" content=\"https:\/\/nestvillepark.sk\/wp-content\/uploads\/2022\/02\/nw-cherry-07-DK.png\" \/>\n\t<meta property=\"og:image:width\" content=\"1000\" \/>\n\t<meta property=\"og:image:height\" content=\"1000\" \/>\n\t<meta property=\"og:image:type\" content=\"image\/png\" \/>\n<meta name=\"twitter:card\" content=\"summary_large_image\" \/>\n<meta name=\"twitter:label1\" content=\"Szacowany czas czytania\" \/>\n\t<meta name=\"twitter:data1\" content=\"1 minuta\" \/>\n<script type=\"application\/ld+json\" class=\"yoast-schema-graph\">{\"@context\":\"https:\\\/\\\/schema.org\",\"@graph\":[{\"@type\":\"WebPage\",\"@id\":\"https:\\\/\\\/nestvillepark.sk\\\/pl\\\/produkt\\\/nestville-cherry-liqueur-35-2\\\/\",\"url\":\"https:\\\/\\\/nestvillepark.sk\\\/pl\\\/produkt\\\/nestville-cherry-liqueur-35-2\\\/\",\"name\":\"Nestville Cherry Liqueur 35% - Nestville Park\",\"isPartOf\":{\"@id\":\"https:\\\/\\\/nestvillepark.sk\\\/#website\"},\"primaryImageOfPage\":{\"@id\":\"https:\\\/\\\/nestvillepark.sk\\\/pl\\\/produkt\\\/nestville-cherry-liqueur-35-2\\\/#primaryimage\"},\"image\":{\"@id\":\"https:\\\/\\\/nestvillepark.sk\\\/pl\\\/produkt\\\/nestville-cherry-liqueur-35-2\\\/#primaryimage\"},\"thumbnailUrl\":\"https:\\\/\\\/nestvillepark.sk\\\/wp-content\\\/uploads\\\/2022\\\/02\\\/nw-cherry-07-DK.png\",\"datePublished\":\"2022-02-16T11:50:23+00:00\",\"dateModified\":\"2026-04-23T13:37:36+00:00\",\"breadcrumb\":{\"@id\":\"https:\\\/\\\/nestvillepark.sk\\\/pl\\\/produkt\\\/nestville-cherry-liqueur-35-2\\\/#breadcrumb\"},\"inLanguage\":\"pl-PL\",\"potentialAction\":[{\"@type\":\"ReadAction\",\"target\":[\"https:\\\/\\\/nestvillepark.sk\\\/pl\\\/produkt\\\/nestville-cherry-liqueur-35-2\\\/\"]}]},{\"@type\":\"ImageObject\",\"inLanguage\":\"pl-PL\",\"@id\":\"https:\\\/\\\/nestvillepark.sk\\\/pl\\\/produkt\\\/nestville-cherry-liqueur-35-2\\\/#primaryimage\",\"url\":\"https:\\\/\\\/nestvillepark.sk\\\/wp-content\\\/uploads\\\/2022\\\/02\\\/nw-cherry-07-DK.png\",\"contentUrl\":\"https:\\\/\\\/nestvillepark.sk\\\/wp-content\\\/uploads\\\/2022\\\/02\\\/nw-cherry-07-DK.png\",\"width\":1000,\"height\":1000},{\"@type\":\"BreadcrumbList\",\"@id\":\"https:\\\/\\\/nestvillepark.sk\\\/pl\\\/produkt\\\/nestville-cherry-liqueur-35-2\\\/#breadcrumb\",\"itemListElement\":[{\"@type\":\"ListItem\",\"position\":1,\"name\":\"Domovsk\u00e1 str\u00e1nka\",\"item\":\"https:\\\/\\\/nestvillepark.sk\\\/\"},{\"@type\":\"ListItem\",\"position\":2,\"name\":\"E-shop\",\"item\":\"https:\\\/\\\/nestvillepark.sk\\\/pl\\\/e-shop\\\/\"},{\"@type\":\"ListItem\",\"position\":3,\"name\":\"Nestville Cherry Liqueur 35%\"}]},{\"@type\":\"WebSite\",\"@id\":\"https:\\\/\\\/nestvillepark.sk\\\/#website\",\"url\":\"https:\\\/\\\/nestvillepark.sk\\\/\",\"name\":\"Nestville Park\",\"description\":\"Hniezdne\",\"potentialAction\":[{\"@type\":\"SearchAction\",\"target\":{\"@type\":\"EntryPoint\",\"urlTemplate\":\"https:\\\/\\\/nestvillepark.sk\\\/?s={search_term_string}\"},\"query-input\":{\"@type\":\"PropertyValueSpecification\",\"valueRequired\":true,\"valueName\":\"search_term_string\"}}],\"inLanguage\":\"pl-PL\"}]}<\/script>\n<!-- \/ Yoast SEO plugin. -->","yoast_head_json":{"title":"Nestville Cherry Liqueur 35% - Nestville Park","robots":{"index":"index","follow":"follow","max-snippet":"max-snippet:-1","max-image-preview":"max-image-preview:large","max-video-preview":"max-video-preview:-1"},"canonical":"https:\/\/nestvillepark.sk\/pl\/produkt\/nestville-cherry-liqueur-35-2\/","og_locale":"pl_PL","og_type":"article","og_title":"Nestville Cherry Liqueur 35% - Nestville Park","og_description":"Aromat wyra\u017any s\u0142odkawy aromat czarnych wi\u015bni z nut\u0105 wanilii i d\u0119bowym finiszem.  Smak \u015bwie\u017cy i s\u0142odki, intensywny smak czarnych wi\u015bni z delikatn\u0105 nut\u0105 wanilii i drewna w tle. Finisz s\u0142odki wi\u015bniowy i lekko korzenny.","og_url":"https:\/\/nestvillepark.sk\/pl\/produkt\/nestville-cherry-liqueur-35-2\/","og_site_name":"Nestville Park","article_modified_time":"2026-04-23T13:37:36+00:00","og_image":[{"width":1000,"height":1000,"url":"https:\/\/nestvillepark.sk\/wp-content\/uploads\/2022\/02\/nw-cherry-07-DK.png","type":"image\/png"}],"twitter_card":"summary_large_image","twitter_misc":{"Szacowany czas czytania":"1 minuta"},"schema":{"@context":"https:\/\/schema.org","@graph":[{"@type":"WebPage","@id":"https:\/\/nestvillepark.sk\/pl\/produkt\/nestville-cherry-liqueur-35-2\/","url":"https:\/\/nestvillepark.sk\/pl\/produkt\/nestville-cherry-liqueur-35-2\/","name":"Nestville Cherry Liqueur 35% - Nestville Park","isPartOf":{"@id":"https:\/\/nestvillepark.sk\/#website"},"primaryImageOfPage":{"@id":"https:\/\/nestvillepark.sk\/pl\/produkt\/nestville-cherry-liqueur-35-2\/#primaryimage"},"image":{"@id":"https:\/\/nestvillepark.sk\/pl\/produkt\/nestville-cherry-liqueur-35-2\/#primaryimage"},"thumbnailUrl":"https:\/\/nestvillepark.sk\/wp-content\/uploads\/2022\/02\/nw-cherry-07-DK.png","datePublished":"2022-02-16T11:50:23+00:00","dateModified":"2026-04-23T13:37:36+00:00","breadcrumb":{"@id":"https:\/\/nestvillepark.sk\/pl\/produkt\/nestville-cherry-liqueur-35-2\/#breadcrumb"},"inLanguage":"pl-PL","potentialAction":[{"@type":"ReadAction","target":["https:\/\/nestvillepark.sk\/pl\/produkt\/nestville-cherry-liqueur-35-2\/"]}]},{"@type":"ImageObject","inLanguage":"pl-PL","@id":"https:\/\/nestvillepark.sk\/pl\/produkt\/nestville-cherry-liqueur-35-2\/#primaryimage","url":"https:\/\/nestvillepark.sk\/wp-content\/uploads\/2022\/02\/nw-cherry-07-DK.png","contentUrl":"https:\/\/nestvillepark.sk\/wp-content\/uploads\/2022\/02\/nw-cherry-07-DK.png","width":1000,"height":1000},{"@type":"BreadcrumbList","@id":"https:\/\/nestvillepark.sk\/pl\/produkt\/nestville-cherry-liqueur-35-2\/#breadcrumb","itemListElement":[{"@type":"ListItem","position":1,"name":"Domovsk\u00e1 str\u00e1nka","item":"https:\/\/nestvillepark.sk\/"},{"@type":"ListItem","position":2,"name":"E-shop","item":"https:\/\/nestvillepark.sk\/pl\/e-shop\/"},{"@type":"ListItem","position":3,"name":"Nestville Cherry Liqueur 35%"}]},{"@type":"WebSite","@id":"https:\/\/nestvillepark.sk\/#website","url":"https:\/\/nestvillepark.sk\/","name":"Nestville Park","description":"Hniezdne","potentialAction":[{"@type":"SearchAction","target":{"@type":"EntryPoint","urlTemplate":"https:\/\/nestvillepark.sk\/?s={search_term_string}"},"query-input":{"@type":"PropertyValueSpecification","valueRequired":true,"valueName":"search_term_string"}}],"inLanguage":"pl-PL"}]}},"_links":{"self":[{"href":"https:\/\/nestvillepark.sk\/pl\/wp-json\/wp\/v2\/product\/27876","targetHints":{"allow":["GET"]}}],"collection":[{"href":"https:\/\/nestvillepark.sk\/pl\/wp-json\/wp\/v2\/product"}],"about":[{"href":"https:\/\/nestvillepark.sk\/pl\/wp-json\/wp\/v2\/types\/product"}],"replies":[{"embeddable":true,"href":"https:\/\/nestvillepark.sk\/pl\/wp-json\/wp\/v2\/comments?post=27876"}],"wp:featuredmedia":[{"embeddable":true,"href":"https:\/\/nestvillepark.sk\/pl\/wp-json\/wp\/v2\/media\/26041"}],"wp:attachment":[{"href":"https:\/\/nestvillepark.sk\/pl\/wp-json\/wp\/v2\/media?parent=27876"}],"wp:term":[{"taxonomy":"product_brand","embeddable":true,"href":"https:\/\/nestvillepark.sk\/pl\/wp-json\/wp\/v2\/product_brand?post=27876"},{"taxonomy":"product_cat","embeddable":true,"href":"https:\/\/nestvillepark.sk\/pl\/wp-json\/wp\/v2\/product_cat?post=27876"},{"taxonomy":"product_tag","embeddable":true,"href":"https:\/\/nestvillepark.sk\/pl\/wp-json\/wp\/v2\/product_tag?post=27876"}],"curies":[{"name":"wp","href":"https:\/\/api.w.org\/{rel}","templated":true}]}}