{"id":25479,"date":"2022-02-16T14:56:35","date_gmt":"2022-02-16T13:56:35","guid":{"rendered":"https:\/\/nestvillepark.sk\/nestville-park\/"},"modified":"2025-03-13T15:56:59","modified_gmt":"2025-03-13T14:56:59","slug":"nestville-park","status":"publish","type":"page","link":"https:\/\/nestvillepark.sk\/pl\/nestville-park\/","title":{"rendered":"Nestville Park"},"content":{"rendered":"\t\t<div data-elementor-type=\"wp-page\" data-elementor-id=\"25479\" class=\"elementor elementor-25479 elementor-568\" data-elementor-post-type=\"page\">\n\t\t\t\t\t\t<section class=\"elementor-section elementor-top-section elementor-element elementor-element-4ab1e572 elementor-section-height-min-height elementor-section-items-top elementor-section-boxed elementor-section-height-default\" data-id=\"4ab1e572\" data-element_type=\"section\" data-e-type=\"section\" data-settings=\"{&quot;background_background&quot;:&quot;slideshow&quot;,&quot;background_slideshow_gallery&quot;:[{&quot;id&quot;:1426,&quot;url&quot;:&quot;https:\\\/\\\/nestvillepark.sk\\\/wp-content\\\/uploads\\\/2019\\\/02\\\/homepage-nestville-scaled.jpg&quot;},{&quot;id&quot;:1545,&quot;url&quot;:&quot;https:\\\/\\\/nestvillepark.sk\\\/wp-content\\\/uploads\\\/2019\\\/03\\\/2-1-e1551888257965.jpg&quot;},{&quot;id&quot;:637,&quot;url&quot;:&quot;https:\\\/\\\/nestvillepark.sk\\\/wp-content\\\/uploads\\\/2022\\\/02\\\/detske-ihrisko.jpg&quot;},{&quot;id&quot;:486,&quot;url&quot;:&quot;https:\\\/\\\/nestvillepark.sk\\\/wp-content\\\/uploads\\\/2022\\\/02\\\/Balicek-Nestville-Whisky-Expozicia-Nestville-Distillery.jpg&quot;},{&quot;id&quot;:1533,&quot;url&quot;:&quot;https:\\\/\\\/nestvillepark.sk\\\/wp-content\\\/uploads\\\/2019\\\/03\\\/nestville-moderna-cast-2.jpg&quot;},{&quot;id&quot;:1536,&quot;url&quot;:&quot;https:\\\/\\\/nestvillepark.sk\\\/wp-content\\\/uploads\\\/2019\\\/03\\\/nestville-tradicna-cast-1-1.jpg&quot;},{&quot;id&quot;:1542,&quot;url&quot;:&quot;https:\\\/\\\/nestvillepark.sk\\\/wp-content\\\/uploads\\\/2019\\\/03\\\/1-2-e1551888036332.jpg&quot;},{&quot;id&quot;:640,&quot;url&quot;:&quot;https:\\\/\\\/nestvillepark.sk\\\/wp-content\\\/uploads\\\/2022\\\/02\\\/nestville-horses.jpg&quot;},{&quot;id&quot;:624,&quot;url&quot;:&quot;https:\\\/\\\/nestvillepark.sk\\\/wp-content\\\/uploads\\\/2022\\\/02\\\/nestville-rent.jpg&quot;},{&quot;id&quot;:1538,&quot;url&quot;:&quot;https:\\\/\\\/nestvillepark.sk\\\/wp-content\\\/uploads\\\/2019\\\/03\\\/1-1-e1551870221975.jpg&quot;},{&quot;id&quot;:642,&quot;url&quot;:&quot;https:\\\/\\\/nestvillepark.sk\\\/wp-content\\\/uploads\\\/2022\\\/02\\\/nestville-market.jpg&quot;}],&quot;background_slideshow_ken_burns&quot;:&quot;yes&quot;,&quot;background_slideshow_ken_burns_zoom_direction&quot;:&quot;out&quot;,&quot;background_motion_fx_scale_effect&quot;:&quot;yes&quot;,&quot;background_slideshow_slide_duration&quot;:3000,&quot;background_slideshow_transition_duration&quot;:800,&quot;background_motion_fx_scale_speed&quot;:{&quot;unit&quot;:&quot;px&quot;,&quot;size&quot;:2,&quot;sizes&quot;:[]},&quot;background_slideshow_loop&quot;:&quot;yes&quot;,&quot;background_slideshow_slide_transition&quot;:&quot;fade&quot;,&quot;background_motion_fx_scale_direction&quot;:&quot;out-in&quot;,&quot;background_motion_fx_scale_range&quot;:{&quot;unit&quot;:&quot;%&quot;,&quot;size&quot;:&quot;&quot;,&quot;sizes&quot;:{&quot;start&quot;:20,&quot;end&quot;:80}},&quot;background_motion_fx_devices&quot;:[&quot;desktop&quot;,&quot;tablet&quot;,&quot;mobile&quot;]}\">\n\t\t\t\t\t\t\t<div class=\"elementor-background-overlay\"><\/div>\n\t\t\t\t\t\t\t<div class=\"elementor-container elementor-column-gap-default\">\n\t\t\t\t\t<div class=\"elementor-column elementor-col-100 elementor-top-column elementor-element elementor-element-1d77fed9\" data-id=\"1d77fed9\" data-element_type=\"column\" data-e-type=\"column\">\n\t\t\t<div class=\"elementor-widget-wrap elementor-element-populated\">\n\t\t\t\t\t\t<div class=\"elementor-element elementor-element-3412ca42 pp-divider-center elementor-widget elementor-widget-pp-divider\" data-id=\"3412ca42\" data-element_type=\"widget\" data-e-type=\"widget\" data-widget_type=\"pp-divider.default\">\n\t\t\t\t<div class=\"elementor-widget-container\">\n\t\t\t\t\t\t\t<div class=\"pp-divider-wrap\">\n\t\t\t\t\t\t\t<div class=\"divider-text-container\">\n\t\t\t\t\t<div class=\"divider-text-wrap\">\n\t\t\t\t\t\t<span class=\"pp-divider-border-wrap divider-border-left\">\n\t\t\t\t\t\t\t<span class=\"divider-border\"><\/span>\n\t\t\t\t\t\t<\/span>\n\t\t\t\t\t\t<span class=\"pp-divider-content\">\n\t\t\t\t\t\t\t\t\t\t\t\t\t\t\t<span class=\"pp-divider-text\">\n\t\t\t\t\t\t\t\t\tNestville Park\t\t\t\t\t\t\t\t<\/span>\n\t\t\t\t\t\t\t\t\t\t\t\t\t\t<\/span>\n\t\t\t\t\t\t<span class=\"pp-divider-border-wrap divider-border-right\">\n\t\t\t\t\t\t\t<span class=\"divider-border\"><\/span>\n\t\t\t\t\t\t<\/span>\n\t\t\t\t\t<\/div>\n\t\t\t\t<\/div>\n\t\t\t\t\t\t<\/div>    \n\t\t\t\t\t\t<\/div>\n\t\t\t\t<\/div>\n\t\t\t\t<div class=\"elementor-element elementor-element-5d26f345 elementor-widget elementor-widget-heading\" data-id=\"5d26f345\" data-element_type=\"widget\" data-e-type=\"widget\" data-widget_type=\"heading.default\">\n\t\t\t\t<div class=\"elementor-widget-container\">\n\t\t\t\t\t<h2 class=\"elementor-heading-title elementor-size-default\">Zabawny i tematyczny<\/h2>\t\t\t\t<\/div>\n\t\t\t\t<\/div>\n\t\t\t\t<div class=\"elementor-element elementor-element-4b9e62ca elementor-widget elementor-widget-text-editor\" data-id=\"4b9e62ca\" data-element_type=\"widget\" data-e-type=\"widget\" data-widget_type=\"text-editor.default\">\n\t\t\t\t<div class=\"elementor-widget-container\">\n\t\t\t\t\t\t\t\t\t<p>Miejsce, w kt\u00f3rym ka\u017cdy znajdzie swoj\u0105 drog\u0119<\/p>\n\t\t\t\t\t\t\t\t<\/div>\n\t\t\t\t<\/div>\n\t\t\t\t\t<\/div>\n\t\t<\/div>\n\t\t\t\t\t<\/div>\n\t\t<\/section>\n\t\t\t\t<section class=\"elementor-section elementor-top-section elementor-element elementor-element-6e92d4c elementor-section-full_width elementor-section-height-default elementor-section-height-default\" data-id=\"6e92d4c\" data-element_type=\"section\" data-e-type=\"section\">\n\t\t\t\t\t\t<div class=\"elementor-container elementor-column-gap-default\">\n\t\t\t\t\t<div class=\"elementor-column elementor-col-100 elementor-top-column elementor-element elementor-element-ffd68c9\" data-id=\"ffd68c9\" data-element_type=\"column\" data-e-type=\"column\">\n\t\t\t<div class=\"elementor-widget-wrap elementor-element-populated\">\n\t\t\t\t\t\t<div class=\"elementor-element elementor-element-772e4ee elementor-widget elementor-widget-image\" data-id=\"772e4ee\" data-element_type=\"widget\" data-e-type=\"widget\" data-widget_type=\"image.default\">\n\t\t\t\t<div class=\"elementor-widget-container\">\n\t\t\t\t\t\t\t\t\t\t\t\t\t\t\t<img decoding=\"async\" src=\"https:\/\/nestvillepark.sk\/wp-content\/uploads\/2022\/02\/brush.svg\" class=\"attachment-full size-full wp-image-25009\" alt=\"\" \/>\t\t\t\t\t\t\t\t\t\t\t\t\t\t\t<\/div>\n\t\t\t\t<\/div>\n\t\t\t\t\t<\/div>\n\t\t<\/div>\n\t\t\t\t\t<\/div>\n\t\t<\/section>\n\t\t\t\t<section class=\"elementor-section elementor-top-section elementor-element elementor-element-d279e0b elementor-section-content-middle elementor-section-boxed elementor-section-height-default elementor-section-height-default\" data-id=\"d279e0b\" data-element_type=\"section\" data-e-type=\"section\">\n\t\t\t\t\t\t<div class=\"elementor-container elementor-column-gap-default\">\n\t\t\t\t\t<div class=\"elementor-column elementor-col-50 elementor-top-column elementor-element elementor-element-baddb85\" data-id=\"baddb85\" data-element_type=\"column\" data-e-type=\"column\">\n\t\t\t<div class=\"elementor-widget-wrap elementor-element-populated\">\n\t\t\t\t\t\t<div class=\"elementor-element elementor-element-2037b2a pp-divider-center elementor-widget elementor-widget-pp-divider\" data-id=\"2037b2a\" data-element_type=\"widget\" data-e-type=\"widget\" data-widget_type=\"pp-divider.default\">\n\t\t\t\t<div class=\"elementor-widget-container\">\n\t\t\t\t\t\t\t<div class=\"pp-divider-wrap\">\n\t\t\t\t\t\t\t<div class=\"divider-text-container\">\n\t\t\t\t\t<div class=\"divider-text-wrap\">\n\t\t\t\t\t\t<span class=\"pp-divider-border-wrap divider-border-left\">\n\t\t\t\t\t\t\t<span class=\"divider-border\"><\/span>\n\t\t\t\t\t\t<\/span>\n\t\t\t\t\t\t<span class=\"pp-divider-content\">\n\t\t\t\t\t\t\t\t\t\t\t\t\t\t\t<span class=\"pp-divider-text\">\n\t\t\t\t\t\t\t\t\tExposhop\t\t\t\t\t\t\t\t<\/span>\n\t\t\t\t\t\t\t\t\t\t\t\t\t\t<\/span>\n\t\t\t\t\t\t<span class=\"pp-divider-border-wrap divider-border-right\">\n\t\t\t\t\t\t\t<span class=\"divider-border\"><\/span>\n\t\t\t\t\t\t<\/span>\n\t\t\t\t\t<\/div>\n\t\t\t\t<\/div>\n\t\t\t\t\t\t<\/div>    \n\t\t\t\t\t\t<\/div>\n\t\t\t\t<\/div>\n\t\t\t\t<div class=\"elementor-element elementor-element-fbac67d elementor-widget elementor-widget-heading\" data-id=\"fbac67d\" data-element_type=\"widget\" data-e-type=\"widget\" data-widget_type=\"heading.default\">\n\t\t\t\t<div class=\"elementor-widget-container\">\n\t\t\t\t\t<h2 class=\"elementor-heading-title elementor-size-default\">Sklep Nestville<\/h2>\t\t\t\t<\/div>\n\t\t\t\t<\/div>\n\t\t\t\t<div class=\"elementor-element elementor-element-8f9d050 elementor-widget elementor-widget-pp-content-reveal\" data-id=\"8f9d050\" data-element_type=\"widget\" data-e-type=\"widget\" data-settings=\"{&quot;default_content_state&quot;:&quot;unreveal&quot;}\" data-widget_type=\"pp-content-reveal.default\">\n\t\t\t\t<div class=\"elementor-widget-container\">\n\t\t\t\t\t\t\t<div class=\"pp-content-reveal-content-wrapper\" data-speed=\"0.5\" data-visibility=\"pixels\" data-scroll-top=\"yes\" data-content-height=\"130\">\n\t\t\t<div class=\"pp-content-reveal-content\">\n\t\t\t\t<p>Ostatnim punktem zwiedzania wystawy Nestville Distillery jest wizyta w firmowym sklepie, tzw. Exposhopie. Mo\u017cna tam zakupi\u0107 produkty z portfolio firmy Nestville Distillery, czekoladowe specja\u0142y wytwarzane bezpo\u015brednio w czekoladowym kr\u00f3lestwie Nestville Chocolate, a tak\u017ce pami\u0105tkowe upominki. Dodatkowo, kr\u00f3tko zapoznasz si\u0119 z historycznymi dokumentami i mapami wystawionymi wewn\u0105trz sklepu. Dokumentuj\u0105 one odkrycie najstarszej zachowanej gorzelni na terenie S\u0142owacji z 1746 roku oraz histori\u0119 powstania p\u00f3\u0142nocnego Spi\u0161a.<\/p>\t\t\t<\/div>\n\t\t\t\t\t\t\t<div class=\"pp-content-reveal-saparator\"><\/div>\n\t\t\t\t\t<\/div>\n\t\t<div class=\"pp-content-reveal-buttons-wrapper\">\n\t\t\t<div class=\"pp-content-reveal-button-inner elementor-button elementor-size-md pp-button-icon-after\">\n\t\t\t\t<span class=\"pp-content-reveal-button pp-content-reveal-button-open\">\n\t\t\t\t\t<span class=\"pp-content-reveal-button-content\">\n\t\t\t\t\t\t\t\t\t\t\t\t\t<span class=\"pp-button-icon pp-icon\"><i class=\"fas fa-angle-up\"><\/i><\/span>\n\t\t\t\t\t\t\t\t\t\t\t\t\t\t\t\t\t\t\t<span class=\"pp-content-reveal-button-text\">\n\t\t\t\t\t\t\t\tZobrazi\u0165 menej\t\t\t\t\t\t\t<\/span>\n\t\t\t\t\t\t\t\t\t\t\t<\/span>\n\t\t\t\t<\/span>\n\t\t\t\t<span class=\"pp-content-reveal-button pp-content-reveal-button-closed\">\n\t\t\t\t\t<span class=\"pp-content-reveal-button-content\">\n\t\t\t\t\t\t\t\t\t\t\t\t\t<span class=\"pp-button-icon pp-icon\"><i class=\"fas fa-angle-down\"><\/i><\/span>\n\t\t\t\t\t\t\t\t\t\t\t\t\t\t\t\t\t\t\t<span class=\"pp-content-reveal-button-text\">\n\t\t\t\t\t\t\t\tPoka\u017c wi\u0119cej\t\t\t\t\t\t\t<\/span>\n\t\t\t\t\t\t\t\t\t\t\t<\/span>\n\t\t\t\t<\/span>\n\t\t\t<\/div>\n\t\t<\/div>\n\t\t\t\t\t\t<\/div>\n\t\t\t\t<\/div>\n\t\t\t\t<div class=\"elementor-element elementor-element-890f94f elementor-widget elementor-widget-read-more\" data-id=\"890f94f\" data-element_type=\"widget\" data-e-type=\"widget\" data-widget_type=\"read-more.default\">\n\t\t\t\t<div class=\"elementor-widget-container\">\n\t\t\t\t\t<\/div><\/div><\/div><\/div><\/div><\/section><\/div> <a href=\"https:\/\/nestvillepark.sk\/pl\/nestville-park\/#more-25479\" class=\"more-link elementor-more-link\"><span aria-label=\"Czytaj dalej Nestville Park\">\u010c\u00edta\u0165 \u010falej<\/span><\/a>","protected":false},"excerpt":{"rendered":"<p>Nestville Park Zabawny i tematyczny Miejsce, w kt\u00f3rym ka\u017cdy znajdzie swoj\u0105 drog\u0119 Exposhop Sklep Nestville Ostatnim punktem zwiedzania wystawy Nestville Distillery jest wizyta w firmowym sklepie, tzw. Exposhopie. Mo\u017cna tam zakupi\u0107 produkty z portfolio firmy Nestville Distillery, czekoladowe specja\u0142y wytwarzane bezpo\u015brednio w czekoladowym kr\u00f3lestwie Nestville Chocolate, a tak\u017ce pami\u0105tkowe upominki. Dodatkowo, kr\u00f3tko zapoznasz si\u0119 z [&hellip;]<\/p>\n","protected":false},"author":1,"featured_media":25480,"parent":0,"menu_order":0,"comment_status":"closed","ping_status":"closed","template":"","meta":{"footnotes":"","_links_to":"","_links_to_target":""},"class_list":["post-25479","page","type-page","status-publish","has-post-thumbnail","hentry"],"yoast_head":"<!-- This site is optimized with the Yoast SEO plugin v27.4 - https:\/\/yoast.com\/product\/yoast-seo-wordpress\/ -->\n<title>Do\u015bwiadczenia w Nestville Parku | Z\u00e1bavn\u00fd a park tematyczny przed deti a dospel\u00fdch<\/title>\n<meta name=\"description\" content=\"Na terenie Nestville Park znajduje si\u0119 otwarta wystawa, sklep, sklep z czekolad\u0105, noclegi, plac zabaw dla dzieci, browar, gospodarstwo rolne i wypo\u017cyczalnia.\" \/>\n<meta name=\"robots\" content=\"index, follow, max-snippet:-1, max-image-preview:large, max-video-preview:-1\" \/>\n<link rel=\"canonical\" href=\"https:\/\/nestvillepark.sk\/en\/nestville-park\/\" \/>\n<meta property=\"og:locale\" content=\"pl_PL\" \/>\n<meta property=\"og:type\" content=\"article\" \/>\n<meta property=\"og:title\" content=\"Do\u015bwiadczenia w Nestville Parku | Z\u00e1bavn\u00fd a park tematyczny przed deti a dospel\u00fdch\" \/>\n<meta property=\"og:description\" content=\"Na terenie Nestville Park znajduje si\u0119 otwarta wystawa, sklep, sklep z czekolad\u0105, noclegi, plac zabaw dla dzieci, browar, gospodarstwo rolne i wypo\u017cyczalnia.\" \/>\n<meta property=\"og:url\" content=\"https:\/\/nestvillepark.sk\/en\/nestville-park\/\" \/>\n<meta property=\"og:site_name\" content=\"Nestville Park\" \/>\n<meta property=\"article:modified_time\" content=\"2025-03-13T14:56:59+00:00\" \/>\n<meta property=\"og:image\" content=\"https:\/\/nestvillepark.sk\/wp-content\/uploads\/2022\/04\/11-Nestville-Taberna.jpg\" \/>\n\t<meta property=\"og:image:width\" content=\"1886\" \/>\n\t<meta property=\"og:image:height\" content=\"1060\" \/>\n\t<meta property=\"og:image:type\" content=\"image\/jpeg\" \/>\n<meta name=\"twitter:card\" content=\"summary_large_image\" \/>\n<meta name=\"twitter:label1\" content=\"Szacowany czas czytania\" \/>\n\t<meta name=\"twitter:data1\" content=\"7 minut\" \/>\n<script type=\"application\/ld+json\" class=\"yoast-schema-graph\">{\"@context\":\"https:\\\/\\\/schema.org\",\"@graph\":[{\"@type\":\"WebPage\",\"@id\":\"https:\\\/\\\/nestvillepark.sk\\\/en\\\/nestville-park\\\/\",\"url\":\"https:\\\/\\\/nestvillepark.sk\\\/en\\\/nestville-park\\\/\",\"name\":\"Do\u015bwiadczenia w Nestville Parku | Z\u00e1bavn\u00fd a park tematyczny przed deti a dospel\u00fdch\",\"isPartOf\":{\"@id\":\"https:\\\/\\\/nestvillepark.sk\\\/#website\"},\"primaryImageOfPage\":{\"@id\":\"https:\\\/\\\/nestvillepark.sk\\\/en\\\/nestville-park\\\/#primaryimage\"},\"image\":{\"@id\":\"https:\\\/\\\/nestvillepark.sk\\\/en\\\/nestville-park\\\/#primaryimage\"},\"thumbnailUrl\":\"https:\\\/\\\/nestvillepark.sk\\\/wp-content\\\/uploads\\\/2022\\\/04\\\/11-Nestville-Taberna.jpg\",\"datePublished\":\"2022-02-16T13:56:35+00:00\",\"dateModified\":\"2025-03-13T14:56:59+00:00\",\"description\":\"Na terenie Nestville Park znajduje si\u0119 otwarta wystawa, sklep, sklep z czekolad\u0105, noclegi, plac zabaw dla dzieci, browar, gospodarstwo rolne i wypo\u017cyczalnia.\",\"breadcrumb\":{\"@id\":\"https:\\\/\\\/nestvillepark.sk\\\/en\\\/nestville-park\\\/#breadcrumb\"},\"inLanguage\":\"pl-PL\",\"potentialAction\":[{\"@type\":\"ReadAction\",\"target\":[\"https:\\\/\\\/nestvillepark.sk\\\/en\\\/nestville-park\\\/\"]}]},{\"@type\":\"ImageObject\",\"inLanguage\":\"pl-PL\",\"@id\":\"https:\\\/\\\/nestvillepark.sk\\\/en\\\/nestville-park\\\/#primaryimage\",\"url\":\"https:\\\/\\\/nestvillepark.sk\\\/wp-content\\\/uploads\\\/2022\\\/04\\\/11-Nestville-Taberna.jpg\",\"contentUrl\":\"https:\\\/\\\/nestvillepark.sk\\\/wp-content\\\/uploads\\\/2022\\\/04\\\/11-Nestville-Taberna.jpg\",\"width\":1886,\"height\":1060},{\"@type\":\"BreadcrumbList\",\"@id\":\"https:\\\/\\\/nestvillepark.sk\\\/en\\\/nestville-park\\\/#breadcrumb\",\"itemListElement\":[{\"@type\":\"ListItem\",\"position\":1,\"name\":\"Domovsk\u00e1 str\u00e1nka\",\"item\":\"https:\\\/\\\/nestvillepark.sk\\\/\"},{\"@type\":\"ListItem\",\"position\":2,\"name\":\"Nestville Park\"}]},{\"@type\":\"WebSite\",\"@id\":\"https:\\\/\\\/nestvillepark.sk\\\/#website\",\"url\":\"https:\\\/\\\/nestvillepark.sk\\\/\",\"name\":\"Nestville Park\",\"description\":\"Hniezdne\",\"potentialAction\":[{\"@type\":\"SearchAction\",\"target\":{\"@type\":\"EntryPoint\",\"urlTemplate\":\"https:\\\/\\\/nestvillepark.sk\\\/?s={search_term_string}\"},\"query-input\":{\"@type\":\"PropertyValueSpecification\",\"valueRequired\":true,\"valueName\":\"search_term_string\"}}],\"inLanguage\":\"pl-PL\"}]}<\/script>\n<!-- \/ Yoast SEO plugin. -->","yoast_head_json":{"title":"Do\u015bwiadczenia w Nestville Parku | Z\u00e1bavn\u00fd a park tematyczny przed deti a dospel\u00fdch","description":"Na terenie Nestville Park znajduje si\u0119 otwarta wystawa, sklep, sklep z czekolad\u0105, noclegi, plac zabaw dla dzieci, browar, gospodarstwo rolne i wypo\u017cyczalnia.","robots":{"index":"index","follow":"follow","max-snippet":"max-snippet:-1","max-image-preview":"max-image-preview:large","max-video-preview":"max-video-preview:-1"},"canonical":"https:\/\/nestvillepark.sk\/en\/nestville-park\/","og_locale":"pl_PL","og_type":"article","og_title":"Do\u015bwiadczenia w Nestville Parku | Z\u00e1bavn\u00fd a park tematyczny przed deti a dospel\u00fdch","og_description":"Na terenie Nestville Park znajduje si\u0119 otwarta wystawa, sklep, sklep z czekolad\u0105, noclegi, plac zabaw dla dzieci, browar, gospodarstwo rolne i wypo\u017cyczalnia.","og_url":"https:\/\/nestvillepark.sk\/en\/nestville-park\/","og_site_name":"Nestville Park","article_modified_time":"2025-03-13T14:56:59+00:00","og_image":[{"width":1886,"height":1060,"url":"https:\/\/nestvillepark.sk\/wp-content\/uploads\/2022\/04\/11-Nestville-Taberna.jpg","type":"image\/jpeg"}],"twitter_card":"summary_large_image","twitter_misc":{"Szacowany czas czytania":"7 minut"},"schema":{"@context":"https:\/\/schema.org","@graph":[{"@type":"WebPage","@id":"https:\/\/nestvillepark.sk\/en\/nestville-park\/","url":"https:\/\/nestvillepark.sk\/en\/nestville-park\/","name":"Do\u015bwiadczenia w Nestville Parku | Z\u00e1bavn\u00fd a park tematyczny przed deti a dospel\u00fdch","isPartOf":{"@id":"https:\/\/nestvillepark.sk\/#website"},"primaryImageOfPage":{"@id":"https:\/\/nestvillepark.sk\/en\/nestville-park\/#primaryimage"},"image":{"@id":"https:\/\/nestvillepark.sk\/en\/nestville-park\/#primaryimage"},"thumbnailUrl":"https:\/\/nestvillepark.sk\/wp-content\/uploads\/2022\/04\/11-Nestville-Taberna.jpg","datePublished":"2022-02-16T13:56:35+00:00","dateModified":"2025-03-13T14:56:59+00:00","description":"Na terenie Nestville Park znajduje si\u0119 otwarta wystawa, sklep, sklep z czekolad\u0105, noclegi, plac zabaw dla dzieci, browar, gospodarstwo rolne i wypo\u017cyczalnia.","breadcrumb":{"@id":"https:\/\/nestvillepark.sk\/en\/nestville-park\/#breadcrumb"},"inLanguage":"pl-PL","potentialAction":[{"@type":"ReadAction","target":["https:\/\/nestvillepark.sk\/en\/nestville-park\/"]}]},{"@type":"ImageObject","inLanguage":"pl-PL","@id":"https:\/\/nestvillepark.sk\/en\/nestville-park\/#primaryimage","url":"https:\/\/nestvillepark.sk\/wp-content\/uploads\/2022\/04\/11-Nestville-Taberna.jpg","contentUrl":"https:\/\/nestvillepark.sk\/wp-content\/uploads\/2022\/04\/11-Nestville-Taberna.jpg","width":1886,"height":1060},{"@type":"BreadcrumbList","@id":"https:\/\/nestvillepark.sk\/en\/nestville-park\/#breadcrumb","itemListElement":[{"@type":"ListItem","position":1,"name":"Domovsk\u00e1 str\u00e1nka","item":"https:\/\/nestvillepark.sk\/"},{"@type":"ListItem","position":2,"name":"Nestville Park"}]},{"@type":"WebSite","@id":"https:\/\/nestvillepark.sk\/#website","url":"https:\/\/nestvillepark.sk\/","name":"Nestville Park","description":"Hniezdne","potentialAction":[{"@type":"SearchAction","target":{"@type":"EntryPoint","urlTemplate":"https:\/\/nestvillepark.sk\/?s={search_term_string}"},"query-input":{"@type":"PropertyValueSpecification","valueRequired":true,"valueName":"search_term_string"}}],"inLanguage":"pl-PL"}]}},"_links":{"self":[{"href":"https:\/\/nestvillepark.sk\/pl\/wp-json\/wp\/v2\/pages\/25479","targetHints":{"allow":["GET"]}}],"collection":[{"href":"https:\/\/nestvillepark.sk\/pl\/wp-json\/wp\/v2\/pages"}],"about":[{"href":"https:\/\/nestvillepark.sk\/pl\/wp-json\/wp\/v2\/types\/page"}],"author":[{"embeddable":true,"href":"https:\/\/nestvillepark.sk\/pl\/wp-json\/wp\/v2\/users\/1"}],"replies":[{"embeddable":true,"href":"https:\/\/nestvillepark.sk\/pl\/wp-json\/wp\/v2\/comments?post=25479"}],"version-history":[{"count":13,"href":"https:\/\/nestvillepark.sk\/pl\/wp-json\/wp\/v2\/pages\/25479\/revisions"}],"predecessor-version":[{"id":35134,"href":"https:\/\/nestvillepark.sk\/pl\/wp-json\/wp\/v2\/pages\/25479\/revisions\/35134"}],"wp:featuredmedia":[{"embeddable":true,"href":"https:\/\/nestvillepark.sk\/pl\/wp-json\/wp\/v2\/media\/25480"}],"wp:attachment":[{"href":"https:\/\/nestvillepark.sk\/pl\/wp-json\/wp\/v2\/media?parent=25479"}],"curies":[{"name":"wp","href":"https:\/\/api.w.org\/{rel}","templated":true}]}}