{"id":28248,"date":"2022-02-16T12:58:06","date_gmt":"2022-02-16T11:58:06","guid":{"rendered":"https:\/\/nestvillepark.sk\/produkt\/starospisska-domaca-razny-50-05l\/"},"modified":"2024-03-21T14:35:49","modified_gmt":"2024-03-21T13:35:49","slug":"starospisska-domaca-razny-50-05l-2","status":"publish","type":"product","link":"https:\/\/nestvillepark.sk\/en\/produkt\/starospisska-domaca-razny-50-05l-2\/","title":{"rendered":"Starospi\u0161sk\u00e1 Dom\u00e1ca Ra\u017en\u00fd 50% 0,5L"},"content":{"rendered":"<p style=\"text-align: center;\">Starospi\u0161sk\u00e1 Dom\u00e1ca Ra\u017en\u00fd 50% is an honest rye distillate. The ancient recipes of our ancestors have been recorded in writing since 1756, although rye was cultivated much earlier. It was grown primarily in the mountain and foothill areas of the High Tatras, where it was a well-deserved reward for the hard work of our fathers due to its resistance and abundant fertility in the mountainous fields of northern Spi\u0161. In connection with the Tatra water and aging in our own oak barrels, Nestville Whisky creates a unique distillate with a distinct aroma and a mild spicy taste.<\/p>\n<p style=\"text-align: center;\">Raise your glasses and toast to the legacy of our fathers! Cheers!<i><\/i><\/p>\n<p style=\"text-align: center;\">\n","protected":false},"excerpt":{"rendered":"<p style=\"text-align: center;\"><em>Starospi\u0161sk\u00e1 Dom\u00e1ca Ra\u017en\u00fd 50% is an honest rye distillate.<\/em><\/p>\n","protected":false},"featured_media":22192,"comment_status":"closed","ping_status":"closed","template":"","meta":{"_links_to":"","_links_to_target":""},"product_brand":[],"product_cat":[113],"product_tag":[125],"class_list":{"0":"post-28248","1":"product","2":"type-product","3":"status-publish","4":"has-post-thumbnail","6":"product_cat-starospisska-domaca-en","7":"product_tag-starospisska-domaca-en","9":"first","10":"instock","11":"taxable","12":"shipping-taxable","13":"purchasable","14":"product-type-simple"},"yoast_head":"<!-- This site is optimized with the Yoast SEO plugin v27.5 - https:\/\/yoast.com\/product\/yoast-seo-wordpress\/ -->\n<title>Starospi\u0161sk\u00e1 Dom\u00e1ca Ra\u017en\u00fd 50% 0,5L - Nestville Park<\/title>\n<meta name=\"robots\" content=\"index, follow, max-snippet:-1, max-image-preview:large, max-video-preview:-1\" \/>\n<link rel=\"canonical\" href=\"https:\/\/nestvillepark.sk\/en\/produkt\/starospisska-domaca-razny-50-05l-2\/\" \/>\n<meta property=\"og:locale\" content=\"en_US\" \/>\n<meta property=\"og:type\" content=\"article\" \/>\n<meta property=\"og:title\" content=\"Starospi\u0161sk\u00e1 Dom\u00e1ca Ra\u017en\u00fd 50% 0,5L - Nestville Park\" \/>\n<meta property=\"og:description\" content=\"Starospi\u0161sk\u00e1 Dom\u00e1ca Ra\u017en\u00fd 50% is an honest rye distillate.\" \/>\n<meta property=\"og:url\" content=\"https:\/\/nestvillepark.sk\/en\/produkt\/starospisska-domaca-razny-50-05l-2\/\" \/>\n<meta property=\"og:site_name\" content=\"Nestville Park\" \/>\n<meta property=\"article:modified_time\" content=\"2024-03-21T13:35:49+00:00\" \/>\n<meta property=\"og:image\" content=\"https:\/\/nestvillepark.sk\/wp-content\/uploads\/2022\/02\/Starospis\u030cska\u0301-Doma\u0301ca-Raz\u030cny\u0301.png\" \/>\n\t<meta property=\"og:image:width\" content=\"1000\" \/>\n\t<meta property=\"og:image:height\" content=\"1000\" \/>\n\t<meta property=\"og:image:type\" content=\"image\/png\" \/>\n<meta name=\"twitter:card\" content=\"summary_large_image\" \/>\n<meta name=\"twitter:label1\" content=\"Est. reading time\" \/>\n\t<meta name=\"twitter:data1\" content=\"1 minute\" \/>\n<script type=\"application\/ld+json\" class=\"yoast-schema-graph\">{\"@context\":\"https:\\\/\\\/schema.org\",\"@graph\":[{\"@type\":\"WebPage\",\"@id\":\"https:\\\/\\\/nestvillepark.sk\\\/en\\\/produkt\\\/starospisska-domaca-razny-50-05l-2\\\/\",\"url\":\"https:\\\/\\\/nestvillepark.sk\\\/en\\\/produkt\\\/starospisska-domaca-razny-50-05l-2\\\/\",\"name\":\"Starospi\u0161sk\u00e1 Dom\u00e1ca Ra\u017en\u00fd 50% 0,5L - Nestville Park\",\"isPartOf\":{\"@id\":\"https:\\\/\\\/nestvillepark.sk\\\/#website\"},\"primaryImageOfPage\":{\"@id\":\"https:\\\/\\\/nestvillepark.sk\\\/en\\\/produkt\\\/starospisska-domaca-razny-50-05l-2\\\/#primaryimage\"},\"image\":{\"@id\":\"https:\\\/\\\/nestvillepark.sk\\\/en\\\/produkt\\\/starospisska-domaca-razny-50-05l-2\\\/#primaryimage\"},\"thumbnailUrl\":\"https:\\\/\\\/nestvillepark.sk\\\/wp-content\\\/uploads\\\/2022\\\/02\\\/Starospis\u030cska\u0301-Doma\u0301ca-Raz\u030cny\u0301.png\",\"datePublished\":\"2022-02-16T11:58:06+00:00\",\"dateModified\":\"2024-03-21T13:35:49+00:00\",\"breadcrumb\":{\"@id\":\"https:\\\/\\\/nestvillepark.sk\\\/en\\\/produkt\\\/starospisska-domaca-razny-50-05l-2\\\/#breadcrumb\"},\"inLanguage\":\"en-US\",\"potentialAction\":[{\"@type\":\"ReadAction\",\"target\":[\"https:\\\/\\\/nestvillepark.sk\\\/en\\\/produkt\\\/starospisska-domaca-razny-50-05l-2\\\/\"]}]},{\"@type\":\"ImageObject\",\"inLanguage\":\"en-US\",\"@id\":\"https:\\\/\\\/nestvillepark.sk\\\/en\\\/produkt\\\/starospisska-domaca-razny-50-05l-2\\\/#primaryimage\",\"url\":\"https:\\\/\\\/nestvillepark.sk\\\/wp-content\\\/uploads\\\/2022\\\/02\\\/Starospis\u030cska\u0301-Doma\u0301ca-Raz\u030cny\u0301.png\",\"contentUrl\":\"https:\\\/\\\/nestvillepark.sk\\\/wp-content\\\/uploads\\\/2022\\\/02\\\/Starospis\u030cska\u0301-Doma\u0301ca-Raz\u030cny\u0301.png\",\"width\":1000,\"height\":1000},{\"@type\":\"BreadcrumbList\",\"@id\":\"https:\\\/\\\/nestvillepark.sk\\\/en\\\/produkt\\\/starospisska-domaca-razny-50-05l-2\\\/#breadcrumb\",\"itemListElement\":[{\"@type\":\"ListItem\",\"position\":1,\"name\":\"Domovsk\u00e1 str\u00e1nka\",\"item\":\"https:\\\/\\\/nestvillepark.sk\\\/\"},{\"@type\":\"ListItem\",\"position\":2,\"name\":\"E-shop\",\"item\":\"https:\\\/\\\/nestvillepark.sk\\\/en\\\/e-shop\\\/\"},{\"@type\":\"ListItem\",\"position\":3,\"name\":\"Starospi\u0161sk\u00e1 Dom\u00e1ca Ra\u017en\u00fd 50% 0,5L\"}]},{\"@type\":\"WebSite\",\"@id\":\"https:\\\/\\\/nestvillepark.sk\\\/#website\",\"url\":\"https:\\\/\\\/nestvillepark.sk\\\/\",\"name\":\"Nestville Park\",\"description\":\"Hniezdne\",\"potentialAction\":[{\"@type\":\"SearchAction\",\"target\":{\"@type\":\"EntryPoint\",\"urlTemplate\":\"https:\\\/\\\/nestvillepark.sk\\\/?s={search_term_string}\"},\"query-input\":{\"@type\":\"PropertyValueSpecification\",\"valueRequired\":true,\"valueName\":\"search_term_string\"}}],\"inLanguage\":\"en-US\"}]}<\/script>\n<!-- \/ Yoast SEO plugin. -->","yoast_head_json":{"title":"Starospi\u0161sk\u00e1 Dom\u00e1ca Ra\u017en\u00fd 50% 0,5L - Nestville Park","robots":{"index":"index","follow":"follow","max-snippet":"max-snippet:-1","max-image-preview":"max-image-preview:large","max-video-preview":"max-video-preview:-1"},"canonical":"https:\/\/nestvillepark.sk\/en\/produkt\/starospisska-domaca-razny-50-05l-2\/","og_locale":"en_US","og_type":"article","og_title":"Starospi\u0161sk\u00e1 Dom\u00e1ca Ra\u017en\u00fd 50% 0,5L - Nestville Park","og_description":"Starospi\u0161sk\u00e1 Dom\u00e1ca Ra\u017en\u00fd 50% is an honest rye distillate.","og_url":"https:\/\/nestvillepark.sk\/en\/produkt\/starospisska-domaca-razny-50-05l-2\/","og_site_name":"Nestville Park","article_modified_time":"2024-03-21T13:35:49+00:00","og_image":[{"width":1000,"height":1000,"url":"https:\/\/nestvillepark.sk\/wp-content\/uploads\/2022\/02\/Starospis\u030cska\u0301-Doma\u0301ca-Raz\u030cny\u0301.png","type":"image\/png"}],"twitter_card":"summary_large_image","twitter_misc":{"Est. reading time":"1 minute"},"schema":{"@context":"https:\/\/schema.org","@graph":[{"@type":"WebPage","@id":"https:\/\/nestvillepark.sk\/en\/produkt\/starospisska-domaca-razny-50-05l-2\/","url":"https:\/\/nestvillepark.sk\/en\/produkt\/starospisska-domaca-razny-50-05l-2\/","name":"Starospi\u0161sk\u00e1 Dom\u00e1ca Ra\u017en\u00fd 50% 0,5L - Nestville Park","isPartOf":{"@id":"https:\/\/nestvillepark.sk\/#website"},"primaryImageOfPage":{"@id":"https:\/\/nestvillepark.sk\/en\/produkt\/starospisska-domaca-razny-50-05l-2\/#primaryimage"},"image":{"@id":"https:\/\/nestvillepark.sk\/en\/produkt\/starospisska-domaca-razny-50-05l-2\/#primaryimage"},"thumbnailUrl":"https:\/\/nestvillepark.sk\/wp-content\/uploads\/2022\/02\/Starospis\u030cska\u0301-Doma\u0301ca-Raz\u030cny\u0301.png","datePublished":"2022-02-16T11:58:06+00:00","dateModified":"2024-03-21T13:35:49+00:00","breadcrumb":{"@id":"https:\/\/nestvillepark.sk\/en\/produkt\/starospisska-domaca-razny-50-05l-2\/#breadcrumb"},"inLanguage":"en-US","potentialAction":[{"@type":"ReadAction","target":["https:\/\/nestvillepark.sk\/en\/produkt\/starospisska-domaca-razny-50-05l-2\/"]}]},{"@type":"ImageObject","inLanguage":"en-US","@id":"https:\/\/nestvillepark.sk\/en\/produkt\/starospisska-domaca-razny-50-05l-2\/#primaryimage","url":"https:\/\/nestvillepark.sk\/wp-content\/uploads\/2022\/02\/Starospis\u030cska\u0301-Doma\u0301ca-Raz\u030cny\u0301.png","contentUrl":"https:\/\/nestvillepark.sk\/wp-content\/uploads\/2022\/02\/Starospis\u030cska\u0301-Doma\u0301ca-Raz\u030cny\u0301.png","width":1000,"height":1000},{"@type":"BreadcrumbList","@id":"https:\/\/nestvillepark.sk\/en\/produkt\/starospisska-domaca-razny-50-05l-2\/#breadcrumb","itemListElement":[{"@type":"ListItem","position":1,"name":"Domovsk\u00e1 str\u00e1nka","item":"https:\/\/nestvillepark.sk\/"},{"@type":"ListItem","position":2,"name":"E-shop","item":"https:\/\/nestvillepark.sk\/en\/e-shop\/"},{"@type":"ListItem","position":3,"name":"Starospi\u0161sk\u00e1 Dom\u00e1ca Ra\u017en\u00fd 50% 0,5L"}]},{"@type":"WebSite","@id":"https:\/\/nestvillepark.sk\/#website","url":"https:\/\/nestvillepark.sk\/","name":"Nestville Park","description":"Hniezdne","potentialAction":[{"@type":"SearchAction","target":{"@type":"EntryPoint","urlTemplate":"https:\/\/nestvillepark.sk\/?s={search_term_string}"},"query-input":{"@type":"PropertyValueSpecification","valueRequired":true,"valueName":"search_term_string"}}],"inLanguage":"en-US"}]}},"_links":{"self":[{"href":"https:\/\/nestvillepark.sk\/en\/wp-json\/wp\/v2\/product\/28248","targetHints":{"allow":["GET"]}}],"collection":[{"href":"https:\/\/nestvillepark.sk\/en\/wp-json\/wp\/v2\/product"}],"about":[{"href":"https:\/\/nestvillepark.sk\/en\/wp-json\/wp\/v2\/types\/product"}],"replies":[{"embeddable":true,"href":"https:\/\/nestvillepark.sk\/en\/wp-json\/wp\/v2\/comments?post=28248"}],"wp:featuredmedia":[{"embeddable":true,"href":"https:\/\/nestvillepark.sk\/en\/wp-json\/wp\/v2\/media\/22192"}],"wp:attachment":[{"href":"https:\/\/nestvillepark.sk\/en\/wp-json\/wp\/v2\/media?parent=28248"}],"wp:term":[{"taxonomy":"product_brand","embeddable":true,"href":"https:\/\/nestvillepark.sk\/en\/wp-json\/wp\/v2\/product_brand?post=28248"},{"taxonomy":"product_cat","embeddable":true,"href":"https:\/\/nestvillepark.sk\/en\/wp-json\/wp\/v2\/product_cat?post=28248"},{"taxonomy":"product_tag","embeddable":true,"href":"https:\/\/nestvillepark.sk\/en\/wp-json\/wp\/v2\/product_tag?post=28248"}],"curies":[{"name":"wp","href":"https:\/\/api.w.org\/{rel}","templated":true}]}}