{"id":28168,"date":"2022-03-18T10:53:26","date_gmt":"2022-03-18T09:53:26","guid":{"rendered":"https:\/\/nestvillepark.sk\/produkt\/nestville-beer-kralovska-taberna-12\/"},"modified":"2022-03-18T10:53:26","modified_gmt":"2022-03-18T09:53:26","slug":"nestville-beer-kralovska-taberna-12-2","status":"publish","type":"product","link":"https:\/\/nestvillepark.sk\/en\/produkt\/nestville-beer-kralovska-taberna-12-2\/","title":{"rendered":"Nestville Beer Kr\u00e1\u013eovsk\u00e1 Taberna 12%"},"content":{"rendered":"<div id=\"pgc-73-9-1\" class=\"panel-grid-cell\">\n<div id=\"panel-73-9-1-0\" class=\"so-panel widget widget_sow-editor panel-first-child panel-last-child\" data-index=\"19\">\n<div class=\"so-widget-sow-editor so-widget-sow-editor-base\">\n<div class=\"siteorigin-widget-tinymce textwidget\">\n<p style=\"text-align: center;\">In 1412, the Hungarian King Sigismund of Luxemburg promoted Hniezdne to a royal town, whose residents also obtained the right to tap beer and a town pub (Taberna) was established. Subsequently, the beer began to be freely tapped.<\/p>\n<\/div>\n<\/div>\n<\/div>\n<\/div>\n<div id=\"pgc-73-9-2\" class=\"panel-grid-cell\">\n<div id=\"panel-73-9-2-0\" class=\"so-panel widget widget_sow-image panel-first-child panel-last-child\" data-index=\"20\">\n<div class=\"panel-widget-style panel-widget-style-for-73-9-2-0\">\n<div class=\"so-widget-sow-image so-widget-sow-image-default-454c8732248b-73\">\n<div class=\"sow-image-container\" style=\"text-align: center;\"><\/div>\n<\/div>\n<\/div>\n<\/div>\n<\/div>\n","protected":false},"excerpt":{"rendered":"<div id=\"pgc-73-9-1\" class=\"panel-grid-cell\">\n<div id=\"panel-73-9-1-0\" class=\"so-panel widget widget_sow-editor panel-first-child panel-last-child\" data-index=\"19\">\n<div class=\"so-widget-sow-editor so-widget-sow-editor-base\">\n<div class=\"siteorigin-widget-tinymce textwidget\">\n<p style=\"text-align: center;\">Top-fermented pale 12% beer, unfiltered.<\/p>\n<\/div>\n<\/div>\n<\/div>\n<\/div>\n<div id=\"pgc-73-9-2\" class=\"panel-grid-cell\">\n<div id=\"panel-73-9-2-0\" class=\"so-panel widget widget_sow-image panel-first-child panel-last-child\" data-index=\"20\">\n<div class=\"panel-widget-style panel-widget-style-for-73-9-2-0\">\n<div class=\"so-widget-sow-image so-widget-sow-image-default-454c8732248b-73\">\n<div class=\"sow-image-container\"><\/div>\n<\/div>\n<\/div>\n<\/div>\n<\/div>\n","protected":false},"featured_media":22204,"comment_status":"open","ping_status":"closed","template":"","meta":{"_links_to":"","_links_to_target":""},"product_brand":[],"product_cat":[103],"product_tag":[120],"class_list":{"0":"post-28168","1":"product","2":"type-product","3":"status-publish","4":"has-post-thumbnail","6":"product_cat-nestville-beer-en","7":"product_tag-nestville-beer-en","9":"first","10":"outofstock","11":"taxable","12":"shipping-taxable","13":"purchasable","14":"product-type-variable"},"yoast_head":"<!-- This site is optimized with the Yoast SEO plugin v27.5 - https:\/\/yoast.com\/product\/yoast-seo-wordpress\/ -->\n<title>Nestville Beer Kr\u00e1\u013eovsk\u00e1 Taberna 12% - Nestville Park<\/title>\n<meta name=\"robots\" content=\"index, follow, max-snippet:-1, max-image-preview:large, max-video-preview:-1\" \/>\n<link rel=\"canonical\" href=\"https:\/\/nestvillepark.sk\/produkt\/nestville-beer-kralovska-taberna-12\/\" \/>\n<meta property=\"og:locale\" content=\"en_US\" \/>\n<meta property=\"og:type\" content=\"article\" \/>\n<meta property=\"og:title\" content=\"Nestville Beer Kr\u00e1\u013eovsk\u00e1 Taberna 12% - Nestville Park\" \/>\n<meta property=\"og:description\" content=\"Top-fermented pale 12% beer, unfiltered.\" \/>\n<meta property=\"og:url\" content=\"https:\/\/nestvillepark.sk\/produkt\/nestville-beer-kralovska-taberna-12\/\" \/>\n<meta property=\"og:site_name\" content=\"Nestville Park\" \/>\n<meta name=\"twitter:card\" content=\"summary_large_image\" \/>\n<script type=\"application\/ld+json\" class=\"yoast-schema-graph\">{\"@context\":\"https:\\\/\\\/schema.org\",\"@graph\":[{\"@type\":\"WebPage\",\"@id\":\"https:\\\/\\\/nestvillepark.sk\\\/produkt\\\/nestville-beer-kralovska-taberna-12\\\/\",\"url\":\"https:\\\/\\\/nestvillepark.sk\\\/produkt\\\/nestville-beer-kralovska-taberna-12\\\/\",\"name\":\"Nestville Beer Kr\u00e1\u013eovsk\u00e1 Taberna 12% - Nestville Park\",\"isPartOf\":{\"@id\":\"https:\\\/\\\/nestvillepark.sk\\\/#website\"},\"primaryImageOfPage\":{\"@id\":\"https:\\\/\\\/nestvillepark.sk\\\/produkt\\\/nestville-beer-kralovska-taberna-12\\\/#primaryimage\"},\"image\":{\"@id\":\"https:\\\/\\\/nestvillepark.sk\\\/produkt\\\/nestville-beer-kralovska-taberna-12\\\/#primaryimage\"},\"thumbnailUrl\":\"https:\\\/\\\/nestvillepark.sk\\\/wp-content\\\/uploads\\\/2022\\\/02\\\/Kra\u0301l\u030covska\u0301-Taberna-330ml.png\",\"datePublished\":\"2022-03-18T09:53:26+00:00\",\"breadcrumb\":{\"@id\":\"https:\\\/\\\/nestvillepark.sk\\\/produkt\\\/nestville-beer-kralovska-taberna-12\\\/#breadcrumb\"},\"inLanguage\":\"en-US\",\"potentialAction\":[{\"@type\":\"ReadAction\",\"target\":[\"https:\\\/\\\/nestvillepark.sk\\\/produkt\\\/nestville-beer-kralovska-taberna-12\\\/\"]}]},{\"@type\":\"ImageObject\",\"inLanguage\":\"en-US\",\"@id\":\"https:\\\/\\\/nestvillepark.sk\\\/produkt\\\/nestville-beer-kralovska-taberna-12\\\/#primaryimage\",\"url\":\"https:\\\/\\\/nestvillepark.sk\\\/wp-content\\\/uploads\\\/2022\\\/02\\\/Kra\u0301l\u030covska\u0301-Taberna-330ml.png\",\"contentUrl\":\"https:\\\/\\\/nestvillepark.sk\\\/wp-content\\\/uploads\\\/2022\\\/02\\\/Kra\u0301l\u030covska\u0301-Taberna-330ml.png\",\"width\":1000,\"height\":1000},{\"@type\":\"BreadcrumbList\",\"@id\":\"https:\\\/\\\/nestvillepark.sk\\\/produkt\\\/nestville-beer-kralovska-taberna-12\\\/#breadcrumb\",\"itemListElement\":[{\"@type\":\"ListItem\",\"position\":1,\"name\":\"Domovsk\u00e1 str\u00e1nka\",\"item\":\"https:\\\/\\\/nestvillepark.sk\\\/\"},{\"@type\":\"ListItem\",\"position\":2,\"name\":\"E-shop\",\"item\":\"https:\\\/\\\/nestvillepark.sk\\\/en\\\/e-shop\\\/\"},{\"@type\":\"ListItem\",\"position\":3,\"name\":\"Nestville Beer Kr\u00e1\u013eovsk\u00e1 Taberna 12%\"}]},{\"@type\":\"WebSite\",\"@id\":\"https:\\\/\\\/nestvillepark.sk\\\/#website\",\"url\":\"https:\\\/\\\/nestvillepark.sk\\\/\",\"name\":\"Nestville Park\",\"description\":\"Hniezdne\",\"potentialAction\":[{\"@type\":\"SearchAction\",\"target\":{\"@type\":\"EntryPoint\",\"urlTemplate\":\"https:\\\/\\\/nestvillepark.sk\\\/?s={search_term_string}\"},\"query-input\":{\"@type\":\"PropertyValueSpecification\",\"valueRequired\":true,\"valueName\":\"search_term_string\"}}],\"inLanguage\":\"en-US\"}]}<\/script>\n<!-- \/ Yoast SEO plugin. -->","yoast_head_json":{"title":"Nestville Beer Kr\u00e1\u013eovsk\u00e1 Taberna 12% - Nestville Park","robots":{"index":"index","follow":"follow","max-snippet":"max-snippet:-1","max-image-preview":"max-image-preview:large","max-video-preview":"max-video-preview:-1"},"canonical":"https:\/\/nestvillepark.sk\/produkt\/nestville-beer-kralovska-taberna-12\/","og_locale":"en_US","og_type":"article","og_title":"Nestville Beer Kr\u00e1\u013eovsk\u00e1 Taberna 12% - Nestville Park","og_description":"Top-fermented pale 12% beer, unfiltered.","og_url":"https:\/\/nestvillepark.sk\/produkt\/nestville-beer-kralovska-taberna-12\/","og_site_name":"Nestville Park","twitter_card":"summary_large_image","schema":{"@context":"https:\/\/schema.org","@graph":[{"@type":"WebPage","@id":"https:\/\/nestvillepark.sk\/produkt\/nestville-beer-kralovska-taberna-12\/","url":"https:\/\/nestvillepark.sk\/produkt\/nestville-beer-kralovska-taberna-12\/","name":"Nestville Beer Kr\u00e1\u013eovsk\u00e1 Taberna 12% - Nestville Park","isPartOf":{"@id":"https:\/\/nestvillepark.sk\/#website"},"primaryImageOfPage":{"@id":"https:\/\/nestvillepark.sk\/produkt\/nestville-beer-kralovska-taberna-12\/#primaryimage"},"image":{"@id":"https:\/\/nestvillepark.sk\/produkt\/nestville-beer-kralovska-taberna-12\/#primaryimage"},"thumbnailUrl":"https:\/\/nestvillepark.sk\/wp-content\/uploads\/2022\/02\/Kra\u0301l\u030covska\u0301-Taberna-330ml.png","datePublished":"2022-03-18T09:53:26+00:00","breadcrumb":{"@id":"https:\/\/nestvillepark.sk\/produkt\/nestville-beer-kralovska-taberna-12\/#breadcrumb"},"inLanguage":"en-US","potentialAction":[{"@type":"ReadAction","target":["https:\/\/nestvillepark.sk\/produkt\/nestville-beer-kralovska-taberna-12\/"]}]},{"@type":"ImageObject","inLanguage":"en-US","@id":"https:\/\/nestvillepark.sk\/produkt\/nestville-beer-kralovska-taberna-12\/#primaryimage","url":"https:\/\/nestvillepark.sk\/wp-content\/uploads\/2022\/02\/Kra\u0301l\u030covska\u0301-Taberna-330ml.png","contentUrl":"https:\/\/nestvillepark.sk\/wp-content\/uploads\/2022\/02\/Kra\u0301l\u030covska\u0301-Taberna-330ml.png","width":1000,"height":1000},{"@type":"BreadcrumbList","@id":"https:\/\/nestvillepark.sk\/produkt\/nestville-beer-kralovska-taberna-12\/#breadcrumb","itemListElement":[{"@type":"ListItem","position":1,"name":"Domovsk\u00e1 str\u00e1nka","item":"https:\/\/nestvillepark.sk\/"},{"@type":"ListItem","position":2,"name":"E-shop","item":"https:\/\/nestvillepark.sk\/en\/e-shop\/"},{"@type":"ListItem","position":3,"name":"Nestville Beer Kr\u00e1\u013eovsk\u00e1 Taberna 12%"}]},{"@type":"WebSite","@id":"https:\/\/nestvillepark.sk\/#website","url":"https:\/\/nestvillepark.sk\/","name":"Nestville Park","description":"Hniezdne","potentialAction":[{"@type":"SearchAction","target":{"@type":"EntryPoint","urlTemplate":"https:\/\/nestvillepark.sk\/?s={search_term_string}"},"query-input":{"@type":"PropertyValueSpecification","valueRequired":true,"valueName":"search_term_string"}}],"inLanguage":"en-US"}]}},"_links":{"self":[{"href":"https:\/\/nestvillepark.sk\/en\/wp-json\/wp\/v2\/product\/28168","targetHints":{"allow":["GET"]}}],"collection":[{"href":"https:\/\/nestvillepark.sk\/en\/wp-json\/wp\/v2\/product"}],"about":[{"href":"https:\/\/nestvillepark.sk\/en\/wp-json\/wp\/v2\/types\/product"}],"replies":[{"embeddable":true,"href":"https:\/\/nestvillepark.sk\/en\/wp-json\/wp\/v2\/comments?post=28168"}],"wp:featuredmedia":[{"embeddable":true,"href":"https:\/\/nestvillepark.sk\/en\/wp-json\/wp\/v2\/media\/22204"}],"wp:attachment":[{"href":"https:\/\/nestvillepark.sk\/en\/wp-json\/wp\/v2\/media?parent=28168"}],"wp:term":[{"taxonomy":"product_brand","embeddable":true,"href":"https:\/\/nestvillepark.sk\/en\/wp-json\/wp\/v2\/product_brand?post=28168"},{"taxonomy":"product_cat","embeddable":true,"href":"https:\/\/nestvillepark.sk\/en\/wp-json\/wp\/v2\/product_cat?post=28168"},{"taxonomy":"product_tag","embeddable":true,"href":"https:\/\/nestvillepark.sk\/en\/wp-json\/wp\/v2\/product_tag?post=28168"}],"curies":[{"name":"wp","href":"https:\/\/api.w.org\/{rel}","templated":true}]}}