{"id":28142,"date":"2022-02-16T10:47:27","date_gmt":"2022-02-16T09:47:27","guid":{"rendered":"https:\/\/nestvillepark.sk\/exhibition\/"},"modified":"2025-03-24T08:41:52","modified_gmt":"2025-03-24T07:41:52","slug":"exhibition","status":"publish","type":"page","link":"https:\/\/nestvillepark.sk\/en\/exhibition\/","title":{"rendered":"Exhibition"},"content":{"rendered":"\t\t<div data-elementor-type=\"wp-page\" data-elementor-id=\"28142\" class=\"elementor elementor-28142 elementor-21\" data-elementor-post-type=\"page\">\n\t\t\t\t\t\t<section class=\"elementor-section elementor-top-section elementor-element elementor-element-63b7cd37 elementor-section-height-min-height elementor-section-items-top elementor-section-boxed elementor-section-height-default\" data-id=\"63b7cd37\" data-element_type=\"section\" data-e-type=\"section\" data-settings=\"{&quot;background_background&quot;:&quot;video&quot;,&quot;background_motion_fx_scale_effect&quot;:&quot;yes&quot;,&quot;background_video_link&quot;:&quot;https:\\\/\\\/nestvillepark.sk\\\/wp-content\\\/uploads\\\/2022\\\/03\\\/Expozicia.mp4&quot;,&quot;background_play_on_mobile&quot;:&quot;yes&quot;,&quot;background_motion_fx_scale_direction&quot;:&quot;out-in&quot;,&quot;background_motion_fx_scale_speed&quot;:{&quot;unit&quot;:&quot;px&quot;,&quot;size&quot;:4,&quot;sizes&quot;:[]},&quot;background_motion_fx_scale_range&quot;:{&quot;unit&quot;:&quot;%&quot;,&quot;size&quot;:&quot;&quot;,&quot;sizes&quot;:{&quot;start&quot;:20,&quot;end&quot;:80}},&quot;background_motion_fx_devices&quot;:[&quot;desktop&quot;,&quot;tablet&quot;,&quot;mobile&quot;]}\">\n\t\t\t\t\t\t\t\t<div class=\"elementor-background-video-container\">\n\t\t\t\t\t\t\t\t\t\t\t\t\t<video class=\"elementor-background-video-hosted\" role=\"presentation\" autoplay muted playsinline loop><\/video>\n\t\t\t\t\t\t\t\t\t\t\t<\/div>\n\t\t\t\t\t\t\t\t\t<div class=\"elementor-background-overlay\"><\/div>\n\t\t\t\t\t\t\t<div class=\"elementor-container elementor-column-gap-default\">\n\t\t\t\t\t<div class=\"elementor-column elementor-col-100 elementor-top-column elementor-element elementor-element-ff413c7\" data-id=\"ff413c7\" data-element_type=\"column\" data-e-type=\"column\">\n\t\t\t<div class=\"elementor-widget-wrap elementor-element-populated\">\n\t\t\t\t\t\t<div class=\"elementor-element elementor-element-42bbcfe1 pp-divider-center elementor-widget elementor-widget-pp-divider\" data-id=\"42bbcfe1\" data-element_type=\"widget\" data-e-type=\"widget\" data-widget_type=\"pp-divider.default\">\n\t\t\t\t<div class=\"elementor-widget-container\">\n\t\t\t\t\t\t\t<div class=\"pp-divider-wrap\">\n\t\t\t\t\t\t\t<div class=\"divider-text-container\">\n\t\t\t\t\t<div class=\"divider-text-wrap\">\n\t\t\t\t\t\t<span class=\"pp-divider-border-wrap divider-border-left\">\n\t\t\t\t\t\t\t<span class=\"divider-border\"><\/span>\n\t\t\t\t\t\t<\/span>\n\t\t\t\t\t\t<span class=\"pp-divider-content\">\n\t\t\t\t\t\t\t\t\t\t\t\t\t\t\t<span class=\"pp-divider-text\">\n\t\t\t\t\t\t\t\t\tOffer\t\t\t\t\t\t\t\t<\/span>\n\t\t\t\t\t\t\t\t\t\t\t\t\t\t<\/span>\n\t\t\t\t\t\t<span class=\"pp-divider-border-wrap divider-border-right\">\n\t\t\t\t\t\t\t<span class=\"divider-border\"><\/span>\n\t\t\t\t\t\t<\/span>\n\t\t\t\t\t<\/div>\n\t\t\t\t<\/div>\n\t\t\t\t\t\t<\/div>    \n\t\t\t\t\t\t<\/div>\n\t\t\t\t<\/div>\n\t\t\t\t<div class=\"elementor-element elementor-element-740cdbf8 elementor-widget elementor-widget-heading\" data-id=\"740cdbf8\" data-element_type=\"widget\" data-e-type=\"widget\" data-widget_type=\"heading.default\">\n\t\t\t\t<div class=\"elementor-widget-container\">\n\t\t\t\t\t<h2 class=\"elementor-heading-title elementor-size-default\">Explore Nestville Park<\/h2>\t\t\t\t<\/div>\n\t\t\t\t<\/div>\n\t\t\t\t<div class=\"elementor-element elementor-element-79d74417 elementor-widget elementor-widget-text-editor\" data-id=\"79d74417\" data-element_type=\"widget\" data-e-type=\"widget\" data-widget_type=\"text-editor.default\">\n\t\t\t\t<div class=\"elementor-widget-container\">\n\t\t\t\t\t\t\t\t\t<p>A place for your ideal choice!<\/p>\n\t\t\t\t\t\t\t\t<\/div>\n\t\t\t\t<\/div>\n\t\t\t\t\t<\/div>\n\t\t<\/div>\n\t\t\t\t\t<\/div>\n\t\t<\/section>\n\t\t\t\t<section class=\"elementor-section elementor-top-section elementor-element elementor-element-bce649c elementor-section-full_width elementor-section-height-default elementor-section-height-default\" data-id=\"bce649c\" data-element_type=\"section\" data-e-type=\"section\">\n\t\t\t\t\t\t<div class=\"elementor-container elementor-column-gap-default\">\n\t\t\t\t\t<div class=\"elementor-column elementor-col-100 elementor-top-column elementor-element elementor-element-e17c344\" data-id=\"e17c344\" data-element_type=\"column\" data-e-type=\"column\">\n\t\t\t<div class=\"elementor-widget-wrap elementor-element-populated\">\n\t\t\t\t\t\t<div class=\"elementor-element elementor-element-ddcfab1 elementor-widget elementor-widget-image\" data-id=\"ddcfab1\" data-element_type=\"widget\" data-e-type=\"widget\" data-widget_type=\"image.default\">\n\t\t\t\t<div class=\"elementor-widget-container\">\n\t\t\t\t\t\t\t\t\t\t\t\t\t\t\t<img decoding=\"async\" src=\"https:\/\/nestvillepark.sk\/wp-content\/uploads\/2022\/02\/brush2-1.svg\" class=\"attachment-full size-full wp-image-21358\" alt=\"\" \/>\t\t\t\t\t\t\t\t\t\t\t\t\t\t\t<\/div>\n\t\t\t\t<\/div>\n\t\t\t\t\t<\/div>\n\t\t<\/div>\n\t\t\t\t\t<\/div>\n\t\t<\/section>\n\t\t\t\t<section class=\"elementor-section elementor-top-section elementor-element elementor-element-333f6c9c elementor-section-content-middle elementor-reverse-mobile elementor-section-boxed elementor-section-height-default elementor-section-height-default\" data-id=\"333f6c9c\" data-element_type=\"section\" data-e-type=\"section\" id=\"prehliadka\">\n\t\t\t\t\t\t<div class=\"elementor-container elementor-column-gap-default\">\n\t\t\t\t\t<div class=\"elementor-column elementor-col-50 elementor-top-column elementor-element elementor-element-4405405a\" data-id=\"4405405a\" data-element_type=\"column\" data-e-type=\"column\">\n\t\t\t<div class=\"elementor-widget-wrap elementor-element-populated\">\n\t\t\t\t\t\t<div class=\"elementor-element elementor-element-6a1da584 elementor-invisible elementor-widget elementor-widget-image\" data-id=\"6a1da584\" data-element_type=\"widget\" data-e-type=\"widget\" data-settings=\"{&quot;_animation&quot;:&quot;fadeInLeft&quot;}\" data-widget_type=\"image.default\">\n\t\t\t\t<div class=\"elementor-widget-container\">\n\t\t\t\t\t\t\t\t\t\t\t\t\t\t\t<img fetchpriority=\"high\" decoding=\"async\" width=\"800\" height=\"533\" src=\"https:\/\/nestvillepark.sk\/wp-content\/uploads\/2022\/02\/prehliadka-expozicie.jpg\" class=\"attachment-large size-large wp-image-21359\" alt=\"\" srcset=\"https:\/\/nestvillepark.sk\/wp-content\/uploads\/2022\/02\/prehliadka-expozicie.jpg 900w, https:\/\/nestvillepark.sk\/wp-content\/uploads\/2022\/02\/prehliadka-expozicie-300x200.jpg 300w, https:\/\/nestvillepark.sk\/wp-content\/uploads\/2022\/02\/prehliadka-expozicie-768x512.jpg 768w, https:\/\/nestvillepark.sk\/wp-content\/uploads\/2022\/02\/prehliadka-expozicie-600x400.jpg 600w, https:\/\/nestvillepark.sk\/wp-content\/uploads\/2022\/02\/prehliadka-expozicie-64x43.jpg 64w\" sizes=\"(max-width: 800px) 100vw, 800px\" \/>\t\t\t\t\t\t\t\t\t\t\t\t\t\t\t<\/div>\n\t\t\t\t<\/div>\n\t\t\t\t\t<\/div>\n\t\t<\/div>\n\t\t\t\t<div class=\"elementor-column elementor-col-50 elementor-top-column elementor-element elementor-element-7e81c3a1\" data-id=\"7e81c3a1\" data-element_type=\"column\" data-e-type=\"column\">\n\t\t\t<div class=\"elementor-widget-wrap elementor-element-populated\">\n\t\t\t\t\t\t<div class=\"elementor-element elementor-element-5c6a4277 pp-divider-center elementor-widget elementor-widget-pp-divider\" data-id=\"5c6a4277\" data-element_type=\"widget\" data-e-type=\"widget\" data-widget_type=\"pp-divider.default\">\n\t\t\t\t<div class=\"elementor-widget-container\">\n\t\t\t\t\t\t\t<div class=\"pp-divider-wrap\">\n\t\t\t\t\t\t\t<div class=\"divider-text-container\">\n\t\t\t\t\t<div class=\"divider-text-wrap\">\n\t\t\t\t\t\t<span class=\"pp-divider-border-wrap divider-border-left\">\n\t\t\t\t\t\t\t<span class=\"divider-border\"><\/span>\n\t\t\t\t\t\t<\/span>\n\t\t\t\t\t\t<span class=\"pp-divider-content\">\n\t\t\t\t\t\t\t\t\t\t\t\t\t\t\t<span class=\"pp-divider-text\">\n\t\t\t\t\t\t\t\t\tNestville Distillery\t\t\t\t\t\t\t\t<\/span>\n\t\t\t\t\t\t\t\t\t\t\t\t\t\t<\/span>\n\t\t\t\t\t\t<span class=\"pp-divider-border-wrap divider-border-right\">\n\t\t\t\t\t\t\t<span class=\"divider-border\"><\/span>\n\t\t\t\t\t\t<\/span>\n\t\t\t\t\t<\/div>\n\t\t\t\t<\/div>\n\t\t\t\t\t\t<\/div>    \n\t\t\t\t\t\t<\/div>\n\t\t\t\t<\/div>\n\t\t\t\t<div class=\"elementor-element elementor-element-6848e6de elementor-widget elementor-widget-heading\" data-id=\"6848e6de\" data-element_type=\"widget\" data-e-type=\"widget\" data-widget_type=\"heading.default\">\n\t\t\t\t<div class=\"elementor-widget-container\">\n\t\t\t\t\t<h2 class=\"elementor-heading-title elementor-size-default\">Exhibtion Tour<\/h2>\t\t\t\t<\/div>\n\t\t\t\t<\/div>\n\t\t\t\t<div class=\"elementor-element elementor-element-49927726 elementor-widget elementor-widget-pp-content-reveal\" data-id=\"49927726\" data-element_type=\"widget\" data-e-type=\"widget\" data-settings=\"{&quot;default_content_state&quot;:&quot;unreveal&quot;}\" data-widget_type=\"pp-content-reveal.default\">\n\t\t\t\t<div class=\"elementor-widget-container\">\n\t\t\t\t\t\t\t<div class=\"pp-content-reveal-content-wrapper\" data-speed=\"0.5\" data-visibility=\"pixels\" data-scroll-top=\"yes\" data-content-height=\"130\">\n\t\t\t<div class=\"pp-content-reveal-content\">\n\t\t\t\t<p data-start=\"0\" data-end=\"227\">The ancient history of traditional folk crafts and distilling in northern Spi\u0161, dating from the 12th century to the present, can be explored during a tour of the Nestville Distillery exhibition, which consists of three parts:<\/p><ul data-start=\"229\" data-end=\"581\"><li data-start=\"229\" data-end=\"320\"><strong data-start=\"231\" data-end=\"253\">Historical Section<\/strong>, showcasing demonstrations of folk crafts related to distilling.<\/li><li data-start=\"321\" data-end=\"410\"><strong data-start=\"323\" data-end=\"341\">Modern Section<\/strong>, presenting one of the most advanced alcohol refineries in Europe.<\/li><li data-start=\"411\" data-end=\"581\"><strong data-start=\"413\" data-end=\"436\">Traditional Section<\/strong>, featuring the Tasting Room with a hand-carved artwork and whisky aging warehouses. This is where the first Slovak Nestville Whisky is tasted.<\/li><\/ul><p data-start=\"583\" data-end=\"716\">A perfect way to conclude the tour is a visit to the company store, offering memorable souvenirs and Nestville Distillery products.<\/p><p data-start=\"718\" data-end=\"790\">The guided tour with expert commentary lasts approximately 60 minutes.<\/p><p data-start=\"718\" data-end=\"790\">\u00a0<\/p><p><strong>ADMISSION<\/strong><\/p><p><strong data-start=\"815\" data-end=\"831\">Adults (18+)<\/strong> 10,00\u20ac<\/p><p><strong data-start=\"842\" data-end=\"897\">Seniors (60+) \/ Children (5-17) \/ Disabled visitors<\/strong>\u00a0 7,50\u20ac<\/p><p><strong data-start=\"910\" data-end=\"928\">Family package<\/strong>\u00a0 27,50\u20ac<\/p>\t\t\t<\/div>\n\t\t\t\t\t\t\t<div class=\"pp-content-reveal-saparator\"><\/div>\n\t\t\t\t\t<\/div>\n\t\t<div class=\"pp-content-reveal-buttons-wrapper\">\n\t\t\t<div class=\"pp-content-reveal-button-inner elementor-button elementor-size-md pp-button-icon-after\">\n\t\t\t\t<span class=\"pp-content-reveal-button pp-content-reveal-button-open\">\n\t\t\t\t\t<span class=\"pp-content-reveal-button-content\">\n\t\t\t\t\t\t\t\t\t\t\t\t\t<span class=\"pp-button-icon pp-icon\"><i class=\"fas fa-angle-up\"><\/i><\/span>\n\t\t\t\t\t\t\t\t\t\t\t\t\t\t\t\t\t\t\t<span class=\"pp-content-reveal-button-text\">\n\t\t\t\t\t\t\t\tZobrazi\u0165 menej\t\t\t\t\t\t\t<\/span>\n\t\t\t\t\t\t\t\t\t\t\t<\/span>\n\t\t\t\t<\/span>\n\t\t\t\t<span class=\"pp-content-reveal-button pp-content-reveal-button-closed\">\n\t\t\t\t\t<span class=\"pp-content-reveal-button-content\">\n\t\t\t\t\t\t\t\t\t\t\t\t\t<span class=\"pp-button-icon pp-icon\"><i class=\"fas fa-angle-down\"><\/i><\/span>\n\t\t\t\t\t\t\t\t\t\t\t\t\t\t\t\t\t\t\t<span class=\"pp-content-reveal-button-text\">\n\t\t\t\t\t\t\t\tShow more\t\t\t\t\t\t\t<\/span>\n\t\t\t\t\t\t\t\t\t\t\t<\/span>\n\t\t\t\t<\/span>\n\t\t\t<\/div>\n\t\t<\/div>\n\t\t\t\t\t\t<\/div>\n\t\t\t\t<\/div>\n\t\t\t\t<div class=\"elementor-element elementor-element-d39590e elementor-button-info elementor-align-center elementor-widget elementor-widget-button\" data-id=\"d39590e\" data-element_type=\"widget\" data-e-type=\"widget\" data-widget_type=\"button.default\">\n\t\t\t\t<div class=\"elementor-widget-container\">\n\t\t\t\t\t\t\t\t\t<div class=\"elementor-button-wrapper\">\n\t\t\t\t\t<a class=\"elementor-button elementor-button-link elementor-size-sm\" href=\"https:\/\/rezervacie.nestvillepark.sk\/en\/nestville\/default\/index\">\n\t\t\t\t\t\t<span class=\"elementor-button-content-wrapper\">\n\t\t\t\t\t\t\t\t\t<span class=\"elementor-button-text\">Book tour<\/span>\n\t\t\t\t\t<\/span>\n\t\t\t\t\t<\/a>\n\t\t\t\t<\/div>\n\t\t\t\t\t\t\t\t<\/div>\n\t\t\t\t<\/div>\n\t\t\t\t<div class=\"elementor-element elementor-element-65d6ea04 elementor-widget elementor-widget-read-more\" data-id=\"65d6ea04\" data-element_type=\"widget\" data-e-type=\"widget\" data-widget_type=\"read-more.default\">\n\t\t\t\t<div class=\"elementor-widget-container\">\n\t\t\t\t\t<\/div><\/div><\/div><\/div><\/div><\/section><\/div> <a href=\"https:\/\/nestvillepark.sk\/en\/exhibition\/#more-28142\" class=\"more-link elementor-more-link\"><span aria-label=\"Continue reading Exhibition\">\u010c\u00edta\u0165 \u010falej<\/span><\/a>","protected":false},"excerpt":{"rendered":"<p>Offer Explore Nestville Park A place for your ideal choice! Nestville Distillery Exhibtion Tour The ancient history of traditional folk crafts and distilling in northern Spi\u0161, dating from the 12th century to the present, can be explored during a tour of the Nestville Distillery exhibition, which consists of three parts: Historical Section, showcasing demonstrations of [&hellip;]<\/p>\n","protected":false},"author":1,"featured_media":21441,"parent":0,"menu_order":0,"comment_status":"closed","ping_status":"closed","template":"","meta":{"footnotes":"","_links_to":"","_links_to_target":""},"class_list":["post-28142","page","type-page","status-publish","has-post-thumbnail","hentry"],"yoast_head":"<!-- This site is optimized with the Yoast SEO plugin v27.4 - https:\/\/yoast.com\/product\/yoast-seo-wordpress\/ -->\n<title>Exhibition | Whisky Tour | Online reservation | Degustation | Nestville Park<\/title>\n<meta name=\"description\" content=\"Experience - Whiskey Tour guided tasting of whiskey flavors in unique spaces. You will taste our jewel - the first Slovak Nestville Whisky.\" \/>\n<meta name=\"robots\" content=\"index, follow, max-snippet:-1, max-image-preview:large, max-video-preview:-1\" \/>\n<link rel=\"canonical\" href=\"https:\/\/nestvillepark.sk\/en\/exhibition\/\" \/>\n<meta property=\"og:locale\" content=\"en_US\" \/>\n<meta property=\"og:type\" content=\"article\" \/>\n<meta property=\"og:title\" content=\"Exhibition | Whisky Tour | Online reservation | Degustation | Nestville Park\" \/>\n<meta property=\"og:description\" content=\"Experience - Whiskey Tour guided tasting of whiskey flavors in unique spaces. You will taste our jewel - the first Slovak Nestville Whisky.\" \/>\n<meta property=\"og:url\" content=\"https:\/\/nestvillepark.sk\/en\/exhibition\/\" \/>\n<meta property=\"og:site_name\" content=\"Nestville Park\" \/>\n<meta property=\"article:modified_time\" content=\"2025-03-24T07:41:52+00:00\" \/>\n<meta property=\"og:image\" content=\"https:\/\/nestvillepark.sk\/wp-content\/uploads\/2018\/06\/expozicia2.png\" \/>\n\t<meta property=\"og:image:width\" content=\"975\" \/>\n\t<meta property=\"og:image:height\" content=\"600\" \/>\n\t<meta property=\"og:image:type\" content=\"image\/png\" \/>\n<meta name=\"twitter:card\" content=\"summary_large_image\" \/>\n<meta name=\"twitter:label1\" content=\"Est. reading time\" \/>\n\t<meta name=\"twitter:data1\" content=\"4 minutes\" \/>\n<script type=\"application\/ld+json\" class=\"yoast-schema-graph\">{\"@context\":\"https:\\\/\\\/schema.org\",\"@graph\":[{\"@type\":\"WebPage\",\"@id\":\"https:\\\/\\\/nestvillepark.sk\\\/en\\\/exhibition\\\/\",\"url\":\"https:\\\/\\\/nestvillepark.sk\\\/en\\\/exhibition\\\/\",\"name\":\"Exhibition | Whisky Tour | Online reservation | Degustation | Nestville Park\",\"isPartOf\":{\"@id\":\"https:\\\/\\\/nestvillepark.sk\\\/#website\"},\"primaryImageOfPage\":{\"@id\":\"https:\\\/\\\/nestvillepark.sk\\\/en\\\/exhibition\\\/#primaryimage\"},\"image\":{\"@id\":\"https:\\\/\\\/nestvillepark.sk\\\/en\\\/exhibition\\\/#primaryimage\"},\"thumbnailUrl\":\"https:\\\/\\\/nestvillepark.sk\\\/wp-content\\\/uploads\\\/2018\\\/06\\\/expozicia2.png\",\"datePublished\":\"2022-02-16T09:47:27+00:00\",\"dateModified\":\"2025-03-24T07:41:52+00:00\",\"description\":\"Experience - Whiskey Tour guided tasting of whiskey flavors in unique spaces. You will taste our jewel - the first Slovak Nestville Whisky.\",\"breadcrumb\":{\"@id\":\"https:\\\/\\\/nestvillepark.sk\\\/en\\\/exhibition\\\/#breadcrumb\"},\"inLanguage\":\"en-US\",\"potentialAction\":[{\"@type\":\"ReadAction\",\"target\":[\"https:\\\/\\\/nestvillepark.sk\\\/en\\\/exhibition\\\/\"]}]},{\"@type\":\"ImageObject\",\"inLanguage\":\"en-US\",\"@id\":\"https:\\\/\\\/nestvillepark.sk\\\/en\\\/exhibition\\\/#primaryimage\",\"url\":\"https:\\\/\\\/nestvillepark.sk\\\/wp-content\\\/uploads\\\/2018\\\/06\\\/expozicia2.png\",\"contentUrl\":\"https:\\\/\\\/nestvillepark.sk\\\/wp-content\\\/uploads\\\/2018\\\/06\\\/expozicia2.png\",\"width\":975,\"height\":600},{\"@type\":\"BreadcrumbList\",\"@id\":\"https:\\\/\\\/nestvillepark.sk\\\/en\\\/exhibition\\\/#breadcrumb\",\"itemListElement\":[{\"@type\":\"ListItem\",\"position\":1,\"name\":\"Domovsk\u00e1 str\u00e1nka\",\"item\":\"https:\\\/\\\/nestvillepark.sk\\\/\"},{\"@type\":\"ListItem\",\"position\":2,\"name\":\"Exhibition\"}]},{\"@type\":\"WebSite\",\"@id\":\"https:\\\/\\\/nestvillepark.sk\\\/#website\",\"url\":\"https:\\\/\\\/nestvillepark.sk\\\/\",\"name\":\"Nestville Park\",\"description\":\"Hniezdne\",\"potentialAction\":[{\"@type\":\"SearchAction\",\"target\":{\"@type\":\"EntryPoint\",\"urlTemplate\":\"https:\\\/\\\/nestvillepark.sk\\\/?s={search_term_string}\"},\"query-input\":{\"@type\":\"PropertyValueSpecification\",\"valueRequired\":true,\"valueName\":\"search_term_string\"}}],\"inLanguage\":\"en-US\"}]}<\/script>\n<!-- \/ Yoast SEO plugin. -->","yoast_head_json":{"title":"Exhibition | Whisky Tour | Online reservation | Degustation | Nestville Park","description":"Experience - Whiskey Tour guided tasting of whiskey flavors in unique spaces. You will taste our jewel - the first Slovak Nestville Whisky.","robots":{"index":"index","follow":"follow","max-snippet":"max-snippet:-1","max-image-preview":"max-image-preview:large","max-video-preview":"max-video-preview:-1"},"canonical":"https:\/\/nestvillepark.sk\/en\/exhibition\/","og_locale":"en_US","og_type":"article","og_title":"Exhibition | Whisky Tour | Online reservation | Degustation | Nestville Park","og_description":"Experience - Whiskey Tour guided tasting of whiskey flavors in unique spaces. You will taste our jewel - the first Slovak Nestville Whisky.","og_url":"https:\/\/nestvillepark.sk\/en\/exhibition\/","og_site_name":"Nestville Park","article_modified_time":"2025-03-24T07:41:52+00:00","og_image":[{"width":975,"height":600,"url":"https:\/\/nestvillepark.sk\/wp-content\/uploads\/2018\/06\/expozicia2.png","type":"image\/png"}],"twitter_card":"summary_large_image","twitter_misc":{"Est. reading time":"4 minutes"},"schema":{"@context":"https:\/\/schema.org","@graph":[{"@type":"WebPage","@id":"https:\/\/nestvillepark.sk\/en\/exhibition\/","url":"https:\/\/nestvillepark.sk\/en\/exhibition\/","name":"Exhibition | Whisky Tour | Online reservation | Degustation | Nestville Park","isPartOf":{"@id":"https:\/\/nestvillepark.sk\/#website"},"primaryImageOfPage":{"@id":"https:\/\/nestvillepark.sk\/en\/exhibition\/#primaryimage"},"image":{"@id":"https:\/\/nestvillepark.sk\/en\/exhibition\/#primaryimage"},"thumbnailUrl":"https:\/\/nestvillepark.sk\/wp-content\/uploads\/2018\/06\/expozicia2.png","datePublished":"2022-02-16T09:47:27+00:00","dateModified":"2025-03-24T07:41:52+00:00","description":"Experience - Whiskey Tour guided tasting of whiskey flavors in unique spaces. You will taste our jewel - the first Slovak Nestville Whisky.","breadcrumb":{"@id":"https:\/\/nestvillepark.sk\/en\/exhibition\/#breadcrumb"},"inLanguage":"en-US","potentialAction":[{"@type":"ReadAction","target":["https:\/\/nestvillepark.sk\/en\/exhibition\/"]}]},{"@type":"ImageObject","inLanguage":"en-US","@id":"https:\/\/nestvillepark.sk\/en\/exhibition\/#primaryimage","url":"https:\/\/nestvillepark.sk\/wp-content\/uploads\/2018\/06\/expozicia2.png","contentUrl":"https:\/\/nestvillepark.sk\/wp-content\/uploads\/2018\/06\/expozicia2.png","width":975,"height":600},{"@type":"BreadcrumbList","@id":"https:\/\/nestvillepark.sk\/en\/exhibition\/#breadcrumb","itemListElement":[{"@type":"ListItem","position":1,"name":"Domovsk\u00e1 str\u00e1nka","item":"https:\/\/nestvillepark.sk\/"},{"@type":"ListItem","position":2,"name":"Exhibition"}]},{"@type":"WebSite","@id":"https:\/\/nestvillepark.sk\/#website","url":"https:\/\/nestvillepark.sk\/","name":"Nestville Park","description":"Hniezdne","potentialAction":[{"@type":"SearchAction","target":{"@type":"EntryPoint","urlTemplate":"https:\/\/nestvillepark.sk\/?s={search_term_string}"},"query-input":{"@type":"PropertyValueSpecification","valueRequired":true,"valueName":"search_term_string"}}],"inLanguage":"en-US"}]}},"_links":{"self":[{"href":"https:\/\/nestvillepark.sk\/en\/wp-json\/wp\/v2\/pages\/28142","targetHints":{"allow":["GET"]}}],"collection":[{"href":"https:\/\/nestvillepark.sk\/en\/wp-json\/wp\/v2\/pages"}],"about":[{"href":"https:\/\/nestvillepark.sk\/en\/wp-json\/wp\/v2\/types\/page"}],"author":[{"embeddable":true,"href":"https:\/\/nestvillepark.sk\/en\/wp-json\/wp\/v2\/users\/1"}],"replies":[{"embeddable":true,"href":"https:\/\/nestvillepark.sk\/en\/wp-json\/wp\/v2\/comments?post=28142"}],"version-history":[{"count":25,"href":"https:\/\/nestvillepark.sk\/en\/wp-json\/wp\/v2\/pages\/28142\/revisions"}],"predecessor-version":[{"id":35141,"href":"https:\/\/nestvillepark.sk\/en\/wp-json\/wp\/v2\/pages\/28142\/revisions\/35141"}],"wp:featuredmedia":[{"embeddable":true,"href":"https:\/\/nestvillepark.sk\/en\/wp-json\/wp\/v2\/media\/21441"}],"wp:attachment":[{"href":"https:\/\/nestvillepark.sk\/en\/wp-json\/wp\/v2\/media?parent=28142"}],"curies":[{"name":"wp","href":"https:\/\/api.w.org\/{rel}","templated":true}]}}